{"id":8087,"date":"2020-02-03T11:38:57","date_gmt":"2020-02-03T10:38:57","guid":{"rendered":"https:\/\/www.campinglacauxoiseaux.fr\/camping-avec-mini-ferme\/"},"modified":"2025-05-14T12:43:08","modified_gmt":"2025-05-14T10:43:08","slug":"kamperen-met-mini-bedrijf","status":"publish","type":"page","link":"https:\/\/www.campinglacauxoiseaux.fr\/nl\/kamperen-met-mini-bedrijf\/","title":{"rendered":"Services : Mini-Ferme"},"content":{"rendered":"<section id=\"section-5f6cb969979eb\"\" class=\"section bg-white p-b-0\" \/><div class=\"container  extralarge\"><h1 class=\"element section-title center\">Camping met een mini-boerderij in Aveyron, Zuid Frankrijk<\/h1><\/div><\/section>\n\n<section id=\"section-5f6cb96997e3d\"\" class=\"section bg-white\" \/><div class=\"container  extralarge\"><div class=\"colonnes-wrap valign-middle \"><div class=\"element colonne p-0 w-40\"><div class=\"element images\"><div class=\"image\"><img decoding=\"async\" src=\"https:\/\/www.campinglacauxoiseaux.fr\/wp-content\/uploads\/2020\/10\/ferme-aveyron-85x100.jpg\" data-src=\"https:\/\/www.campinglacauxoiseaux.fr\/wp-content\/uploads\/2020\/10\/ferme-aveyron.jpg\" alt=\"boerderij van aveyron\" class=\"images_image\" \/><\/div><\/div><\/div><div class=\"element colonne w-60\"><h2 class=\"element section-title center p-x-4 m-t-4\">Kom en ontdek de mini-boerderij van de camping Lac aux Oiseaux!<\/h2><div class=\"element bloc-text justify p-x-4 p-y-2\">\n\t<p>Natuurlijk weet iedereen wat <strong class=\"bold color1\">een boerderij<\/strong> is. Het is een uitgestrekt terrein waar dieren worden gefokt voor de melk, bijvoorbeeld Lacaune ooien voor Roquefort kaas of het vlees van de <strong class=\"bold color1\">kalveren van de S\u00e9gala<\/strong> en de Aubrac koe. Er zijn landbouwmachines en boerderijgebouwen voor hooi en dieren. Aveyron is een afdeling in wezen <strong class=\"bold color1\">landbouwkundige<\/strong>, gericht op het fokken van runderen of schapen en de productie van vlees en melk.<\/p>\n<p>In de omgeving van de <a href=\"\/nl\/\">camping in Martiel<\/a> zijn er enkele die je kunt bezoeken. Bijvoorbeeld, <strong class=\"bold color1\">de Cazalous boerderij<\/strong> is gespecialiseerd in eendenfokkerij, u kunt haar producten vinden in het campingrestaurant. En op de kleine markt die we \u00e9\u00e9n keer per week organiseren, ziet u boeren en producenten met hun pat\u00e9s en groenten.<\/p>\n<p>Bij ons is <strong class=\"bold color1\">de authentieke<\/strong> een realiteit. Hoewel ons land alleen bestemd is voor kamperen en de weilanden worden gebruikt voor de <a href=\"https:\/\/www.campinglacauxoiseaux.fr\/nl\/campingplaatsen-aveyron\/\">installatie van vrijetijdsaccommodaties<\/a>, tenten of <a href=\"https:\/\/www.campinglacauxoiseaux.fr\/nl\/stacaravan-locatie-aveyron\/\">stacaravans voor vakantiegangers<\/a>, wilden we dat het ook een <strong class=\"bold color1\">landelijke sfeer<\/strong> zou hebben.<\/p>\n<p>Omdat we dus in het hart van de <strong class=\"bold color1\">Aveyron platteland<\/strong> zitten, hebben we ervoor gekozen om een mini-boerderij te installeren, zodat onze kampeerders ook kunnen profiteren van deze terugkeer naar hun roots. U vindt <strong class=\"bold color1\">souvenirs van de kindertijd<\/strong>, vakanties op het platteland, in het gezin. Of je ontdekt boerderijdieren van dichtbij, als je altijd al in de stad hebt gewoond. En bovendien zullen uw kinderen het geweldig vinden! Kijk hoe de geiten klimmen, verwonder je over de kuikens en ga &#8217;s avonds nog een laatste koekoek tegen ze zeggen!<\/p>\n<\/div><\/div><\/div><\/div><\/section>\n\n<section id=\"section-5f6cb969981b1\"\" class=\"section moz-img bg-white p-t-0 p-b-0\" \/><div class=\"container  full\"><div class=\"element images\"><div class=\"image\"><img decoding=\"async\" src=\"https:\/\/www.campinglacauxoiseaux.fr\/wp-content\/uploads\/2020\/10\/animations-mini-ferme-aveyron-100x69.jpg\" data-src=\"https:\/\/www.campinglacauxoiseaux.fr\/wp-content\/uploads\/2020\/10\/animations-mini-ferme-aveyron.jpg\" alt=\"evenementen mini-boerderij aveyron\" class=\"images_image\" \/><\/div><div class=\"image\"><img decoding=\"async\" src=\"https:\/\/www.campinglacauxoiseaux.fr\/wp-content\/uploads\/2020\/10\/chevre-camping-100x69.jpg\" data-src=\"https:\/\/www.campinglacauxoiseaux.fr\/wp-content\/uploads\/2020\/10\/chevre-camping.jpg\" alt=\"campinggeit\" class=\"images_image\" \/><\/div><div class=\"image\"><img decoding=\"async\" src=\"https:\/\/www.campinglacauxoiseaux.fr\/wp-content\/uploads\/2020\/10\/cochon-inde-mini-ferme-100x69.jpg\" data-src=\"https:\/\/www.campinglacauxoiseaux.fr\/wp-content\/uploads\/2020\/10\/cochon-inde-mini-ferme.jpg\" alt=\"cochon in mini-ferme\" class=\"images_image\" \/><\/div><div class=\"image\"><img decoding=\"async\" src=\"https:\/\/www.campinglacauxoiseaux.fr\/wp-content\/uploads\/2020\/10\/chevre-en-camping-100x69.jpg\" data-src=\"https:\/\/www.campinglacauxoiseaux.fr\/wp-content\/uploads\/2020\/10\/chevre-en-camping.jpg\" alt=\"campinggeit\" class=\"images_image\" \/><\/div><\/div><\/div><\/section>\n\n<section id=\"section-5f6cb969986bf\"\" class=\"section moz-img bg-white p-t-0 p-b-0\" \/><div class=\"container  full\"><div class=\"colonnes-wrap valign-middle \"><div class=\"element colonne w-50 p-0\"><div class=\"element images\"><div class=\"image\"><img decoding=\"async\" src=\"https:\/\/www.campinglacauxoiseaux.fr\/wp-content\/uploads\/2020\/10\/camping-chevre-aveyron-100x69.jpg\" data-src=\"https:\/\/www.campinglacauxoiseaux.fr\/wp-content\/uploads\/2020\/10\/camping-chevre-aveyron.jpg\" alt=\"camping chevre aveyron\" class=\"images_image\" \/><\/div><div class=\"image\"><img decoding=\"async\" src=\"https:\/\/www.campinglacauxoiseaux.fr\/wp-content\/uploads\/2020\/10\/animaux-mini-ferme-aveyron-100x69.jpg\" data-src=\"https:\/\/www.campinglacauxoiseaux.fr\/wp-content\/uploads\/2020\/10\/animaux-mini-ferme-aveyron.jpg\" alt=\"dieren miniboerderij aveyron\" class=\"images_image\" \/><\/div><\/div><div class=\"element images\"><div class=\"image\"><img decoding=\"async\" src=\"https:\/\/www.campinglacauxoiseaux.fr\/wp-content\/uploads\/2020\/10\/poule-mini-ferme-100x69.jpg\" data-src=\"https:\/\/www.campinglacauxoiseaux.fr\/wp-content\/uploads\/2020\/10\/poule-mini-ferme.jpg\" alt=\"mini-boerderijkip\" class=\"images_image\" \/><\/div><div class=\"image\"><img decoding=\"async\" src=\"https:\/\/www.campinglacauxoiseaux.fr\/wp-content\/uploads\/2020\/10\/poussin-mini-ferme-100x69.jpg\" data-src=\"https:\/\/www.campinglacauxoiseaux.fr\/wp-content\/uploads\/2020\/10\/poussin-mini-ferme.jpg\" alt=\"kuiken mini-boerderij\" class=\"images_image\" \/><\/div><\/div><\/div><div class=\"element colonne p-4\"><h2 class=\"element section-title left\">Ontdek de boerderijdieren<\/h2><div class=\"element bloc-text justify p-x-4 p-y-2\">\n\t<p>Aan de rand van de camping zijn er de <strong class=\"bold color1\">dierparken<\/strong>, ruim opgezet omdat we aandacht hebben voor het welzijn van de dieren!<\/p>\n<p>Adeline is gepassioneerd door paarden en ze heeft haar twee merries in een groot kraal geplaatst; ze verplaatst ze regelmatig zodat ze vers gras kunnen grazen. Een zwarte ezel houdt ze gezelschap. Je kunt haar soms zelfs horen als ze klachten heeft !<\/p>\n<p>Twee pony&#8217;s wonen ook op de camping, en de twee andere staan ook op de camping, Grenadine, en een galipet. Ze zijn zeer nuttig voor het maaien rond stacaravans in de winter.<\/p>\n<p>Aan de rechterkant als je aankomt, is er de <strong class=\"bold color1\">herenhuis<\/strong>, die goed ingesloten is om te voorkomen dat vossen en andere watervogels zich tegoed doen aan onze mooie <strong class=\"bold color1\">zijn-niggerhennen<\/strong>. Een net beschermt ze tegen vogels zoals <strong class=\"bold color1\">buizerds, haviken<\/strong> of <strong class=\"bold color1\">milanen<\/strong>, waarvan de vlucht en het lef om in de met de grond bedekte prooi te duiken, kunnen worden waargenomen. Een konijn, een fazant en cavia&#8217;s leven samen in harmonie.<\/p>\n<\/div><\/div><\/div><\/div><\/section>\n\n<section id=\"section-5f6d9a6f2c38e\"\" class=\"section bg-color5\" \/><div class=\"container  extralarge\"><div class=\"colonnes-wrap valign-middle \"><div class=\"element colonne w-60\"><div class=\"element bloc-text justify p-x-4 p-y-2\">\n\t<p>Tegenover, links van u, staat <strong class=\"bold color1\">de geit- en schaapskooi<\/strong>. De geit heet Jo, hij is erg aardig en klaar om alles te doen om zijn hooi op te eten. Ze hebben een klein spel om te klimmen en houden ervan om in de zon te zitten. Mimi de ooi en haar dochter lopen tussen hun gehoornde metgezellen. Is het u opgevallen dat de irissen van de geiten en de <strong class=\"bold color1\">sheep<\/strong> rechthoekig zijn? Dit geeft ze een vreemde uitstraling, vooral geiten. Sommige van onze dieren werden aan ons gegeven omdat ze niet meer voor de fokkerij konden worden gebruikt, en zo eindigen ze rustig in ons huis, tot grote vreugde van onze kleine vakantiegangers!<\/p>\n<p>U kunt de <strong class=\"bold color1\">mini-farm<\/strong> altijd bezoeken, op elk moment van de dag, het hele jaar door. In het hoogseizoen, in juli en augustus, stellen Adeline en Alexandre voor om de <strong class=\"bold color1\">voeding van de dieren te begeleiden.<\/strong> Voor deze zomer heeft Alexandre een ronde van verlangen gebouwd om nog meer <a href=\"https:\/\/www.campinglacauxoiseaux.fr\/nl\/camping-aveyron-animatie\/\">vriendelijke animaties<\/a> voor te stellen!<\/p>\n<\/div><\/div><div class=\"element colonne p-0 w-40\"><div class=\"element images\"><div class=\"image\"><img decoding=\"async\" src=\"https:\/\/www.campinglacauxoiseaux.fr\/wp-content\/uploads\/2020\/10\/chevre-lac-aux-oiseaux-85x100.jpg\" data-src=\"https:\/\/www.campinglacauxoiseaux.fr\/wp-content\/uploads\/2020\/10\/chevre-lac-aux-oiseaux.jpg\" alt=\"geitenvogelmeer\" class=\"images_image\" \/><\/div><\/div><\/div><\/div><\/div><\/section>\n\n<section id=\"section-5f6cb96998af5\"\" class=\"section bg-white\" \/><div class=\"container  extralarge\"><div class=\"element section-title center cta-title\">Onze andere voordelen en diensten<\/div><ul class=\"liste-de-page\"><li class=\"element call-to-action  call-to-action--style-1 call-to-action--normal\"><a href=\"https:\/\/www.campinglacauxoiseaux.fr\/nl\/camping-aveyron-diensten\/\"  class=\"call-to-action_link\" title=\"Meer informatie over onze diensten\"><div class=\"call-to-action_image\"><img decoding=\"async\" src=\"https:\/\/www.campinglacauxoiseaux.fr\/wp-content\/uploads\/2020\/09\/Reception-exterieur-rouergue-cta-100x56.jpg\" data-src=\"https:\/\/www.campinglacauxoiseaux.fr\/wp-content\/uploads\/2020\/09\/Reception-exterieur-rouergue-cta.jpg\" alt=\"R\u00e9ception ext\u00e8rieur rouergue\" class=\"normal\" \/><\/div><div class=\"call-to-action_contenu\"><div class=\"call-to-action_titre\">Onze diensten<\/div><\/div><\/a><\/li><li class=\"element call-to-action  call-to-action--style-1 call-to-action--normal call-to-action--style-1 call-to-action--normal\"><a href=\"https:\/\/www.campinglacauxoiseaux.fr\/nl\/camping-aveyron-animatie\/\"  class=\"call-to-action_link\" title=\"Meer informatie over nos animations\"><div class=\"call-to-action_image\"><img decoding=\"async\" src=\"https:\/\/www.campinglacauxoiseaux.fr\/wp-content\/uploads\/2020\/09\/girafe-gonflable-2-100x56.jpg\" data-src=\"https:\/\/www.campinglacauxoiseaux.fr\/wp-content\/uploads\/2020\/09\/girafe-gonflable-2.jpg\" alt=\"girafe gonflable\" class=\"normal\" \/><\/div><div class=\"call-to-action_contenu\"><div class=\"call-to-action_titre\">Nos animations<\/div><\/div><\/a><\/li><li class=\"element call-to-action  call-to-action--style-1 call-to-action--normal call-to-action--style-1 call-to-action--normal call-to-action--style-1 call-to-action--normal\"><a href=\"https:\/\/www.campinglacauxoiseaux.fr\/nl\/camping-aveyron-zwembad\/\"  class=\"call-to-action_link\" title=\"Meer informatie over notre piscine\"><div class=\"call-to-action_image\"><img decoding=\"async\" src=\"https:\/\/www.campinglacauxoiseaux.fr\/wp-content\/uploads\/2020\/10\/camping-piscine-aveyron-100x56.jpg\" data-src=\"https:\/\/www.campinglacauxoiseaux.fr\/wp-content\/uploads\/2020\/10\/camping-piscine-aveyron.jpg\" alt=\"camping piscine aveyron\" class=\"normal\" \/><\/div><div class=\"call-to-action_contenu\"><div class=\"call-to-action_titre\">Notre piscine<\/div><\/div><\/a><\/li><\/ul><\/div><\/section>","protected":false},"excerpt":{"rendered":"","protected":false},"author":1,"featured_media":7537,"parent":0,"menu_order":0,"comment_status":"closed","ping_status":"closed","template":"","meta":{"footnotes":""},"class_list":["post-8087","page","type-page","status-publish","has-post-thumbnail","hentry"],"acf":[],"yoast_head":"<!-- This site is optimized with the Yoast SEO plugin v23.4 - https:\/\/yoast.com\/wordpress\/plugins\/seo\/ -->\n<title>Camping met miniboerderij in Frankrijk : boek gezinsvakantie in Aveyron met dieren en natuur<\/title>\n<meta name=\"description\" content=\"Laat kinderen dieren ontdekken op onze camping met miniboerderij in Aveyron. Geiten, kippen, pony&#039;s en meer! Geniet van rust, natuur en zwembad. Boek nu je familievakantie.\" \/>\n<meta name=\"robots\" content=\"index, follow, max-snippet:-1, max-image-preview:large, max-video-preview:-1\" \/>\n<link rel=\"canonical\" href=\"https:\/\/www.campinglacauxoiseaux.fr\/nl\/kamperen-met-mini-bedrijf\/\" \/>\n<meta property=\"og:locale\" content=\"nl_NL\" \/>\n<meta property=\"og:type\" content=\"article\" \/>\n<meta property=\"og:title\" content=\"Camping met miniboerderij in Frankrijk : boek gezinsvakantie in Aveyron met dieren en natuur\" \/>\n<meta property=\"og:description\" content=\"Laat kinderen dieren ontdekken op onze camping met miniboerderij in Aveyron. Geiten, kippen, pony&#039;s en meer! Geniet van rust, natuur en zwembad. Boek nu je familievakantie.\" \/>\n<meta property=\"og:url\" content=\"https:\/\/www.campinglacauxoiseaux.fr\/nl\/kamperen-met-mini-bedrijf\/\" \/>\n<meta property=\"og:site_name\" content=\"Camping Lac aux Oiseaux\" \/>\n<meta property=\"article:modified_time\" content=\"2025-05-14T10:43:08+00:00\" \/>\n<meta property=\"og:image\" content=\"https:\/\/www.campinglacauxoiseaux.fr\/wp-content\/uploads\/2020\/10\/camping-mini-ferme-aveyron.jpg\" \/>\n\t<meta property=\"og:image:width\" content=\"1903\" \/>\n\t<meta property=\"og:image:height\" content=\"550\" \/>\n\t<meta property=\"og:image:type\" content=\"image\/jpeg\" \/>\n<meta name=\"twitter:card\" content=\"summary_large_image\" \/>\n<meta name=\"twitter:label1\" content=\"Geschatte leestijd\" \/>\n\t<meta name=\"twitter:data1\" content=\"1 minuut\" \/>\n<script type=\"application\/ld+json\" class=\"yoast-schema-graph\">{\"@context\":\"https:\/\/schema.org\",\"@graph\":[{\"@type\":\"WebPage\",\"@id\":\"https:\/\/www.campinglacauxoiseaux.fr\/nl\/kamperen-met-mini-bedrijf\/\",\"url\":\"https:\/\/www.campinglacauxoiseaux.fr\/nl\/kamperen-met-mini-bedrijf\/\",\"name\":\"Camping met miniboerderij in Frankrijk : boek gezinsvakantie in Aveyron met dieren en natuur\",\"isPartOf\":{\"@id\":\"https:\/\/www.campinglacauxoiseaux.fr\/nl\/#website\"},\"primaryImageOfPage\":{\"@id\":\"https:\/\/www.campinglacauxoiseaux.fr\/nl\/kamperen-met-mini-bedrijf\/#primaryimage\"},\"image\":{\"@id\":\"https:\/\/www.campinglacauxoiseaux.fr\/nl\/kamperen-met-mini-bedrijf\/#primaryimage\"},\"thumbnailUrl\":\"https:\/\/www.campinglacauxoiseaux.fr\/wp-content\/uploads\/2020\/10\/camping-mini-ferme-aveyron.jpg\",\"datePublished\":\"2020-02-03T10:38:57+00:00\",\"dateModified\":\"2025-05-14T10:43:08+00:00\",\"description\":\"Laat kinderen dieren ontdekken op onze camping met miniboerderij in Aveyron. Geiten, kippen, pony's en meer! Geniet van rust, natuur en zwembad. Boek nu je familievakantie.\",\"breadcrumb\":{\"@id\":\"https:\/\/www.campinglacauxoiseaux.fr\/nl\/kamperen-met-mini-bedrijf\/#breadcrumb\"},\"inLanguage\":\"nl-NL\",\"potentialAction\":[{\"@type\":\"ReadAction\",\"target\":[\"https:\/\/www.campinglacauxoiseaux.fr\/nl\/kamperen-met-mini-bedrijf\/\"]}]},{\"@type\":\"ImageObject\",\"inLanguage\":\"nl-NL\",\"@id\":\"https:\/\/www.campinglacauxoiseaux.fr\/nl\/kamperen-met-mini-bedrijf\/#primaryimage\",\"url\":\"https:\/\/www.campinglacauxoiseaux.fr\/wp-content\/uploads\/2020\/10\/camping-mini-ferme-aveyron.jpg\",\"contentUrl\":\"https:\/\/www.campinglacauxoiseaux.fr\/wp-content\/uploads\/2020\/10\/camping-mini-ferme-aveyron.jpg\",\"width\":1903,\"height\":550,\"caption\":\"camping mini ferme aveyron\"},{\"@type\":\"BreadcrumbList\",\"@id\":\"https:\/\/www.campinglacauxoiseaux.fr\/nl\/kamperen-met-mini-bedrijf\/#breadcrumb\",\"itemListElement\":[{\"@type\":\"ListItem\",\"position\":1,\"name\":\"Camping Aveyron\",\"item\":\"https:\/\/www.campinglacauxoiseaux.fr\/nl\/\"},{\"@type\":\"ListItem\",\"position\":2,\"name\":\"Mini-boerderij van de camping Frankrijk\"}]},{\"@type\":\"WebSite\",\"@id\":\"https:\/\/www.campinglacauxoiseaux.fr\/nl\/#website\",\"url\":\"https:\/\/www.campinglacauxoiseaux.fr\/nl\/\",\"name\":\"Camping Lac aux Oiseaux\",\"description\":\"\",\"potentialAction\":[{\"@type\":\"SearchAction\",\"target\":{\"@type\":\"EntryPoint\",\"urlTemplate\":\"https:\/\/www.campinglacauxoiseaux.fr\/nl\/?s={search_term_string}\"},\"query-input\":{\"@type\":\"PropertyValueSpecification\",\"valueRequired\":true,\"valueName\":\"search_term_string\"}}],\"inLanguage\":\"nl-NL\"}]}<\/script>\n<!-- \/ Yoast SEO plugin. -->","yoast_head_json":{"title":"Camping met miniboerderij in Frankrijk : boek gezinsvakantie in Aveyron met dieren en natuur","description":"Laat kinderen dieren ontdekken op onze camping met miniboerderij in Aveyron. Geiten, kippen, pony's en meer! Geniet van rust, natuur en zwembad. Boek nu je familievakantie.","robots":{"index":"index","follow":"follow","max-snippet":"max-snippet:-1","max-image-preview":"max-image-preview:large","max-video-preview":"max-video-preview:-1"},"canonical":"https:\/\/www.campinglacauxoiseaux.fr\/nl\/kamperen-met-mini-bedrijf\/","og_locale":"nl_NL","og_type":"article","og_title":"Camping met miniboerderij in Frankrijk : boek gezinsvakantie in Aveyron met dieren en natuur","og_description":"Laat kinderen dieren ontdekken op onze camping met miniboerderij in Aveyron. Geiten, kippen, pony's en meer! Geniet van rust, natuur en zwembad. Boek nu je familievakantie.","og_url":"https:\/\/www.campinglacauxoiseaux.fr\/nl\/kamperen-met-mini-bedrijf\/","og_site_name":"Camping Lac aux Oiseaux","article_modified_time":"2025-05-14T10:43:08+00:00","og_image":[{"width":1903,"height":550,"url":"https:\/\/www.campinglacauxoiseaux.fr\/wp-content\/uploads\/2020\/10\/camping-mini-ferme-aveyron.jpg","type":"image\/jpeg"}],"twitter_card":"summary_large_image","twitter_misc":{"Geschatte leestijd":"1 minuut"},"schema":{"@context":"https:\/\/schema.org","@graph":[{"@type":"WebPage","@id":"https:\/\/www.campinglacauxoiseaux.fr\/nl\/kamperen-met-mini-bedrijf\/","url":"https:\/\/www.campinglacauxoiseaux.fr\/nl\/kamperen-met-mini-bedrijf\/","name":"Camping met miniboerderij in Frankrijk : boek gezinsvakantie in Aveyron met dieren en natuur","isPartOf":{"@id":"https:\/\/www.campinglacauxoiseaux.fr\/nl\/#website"},"primaryImageOfPage":{"@id":"https:\/\/www.campinglacauxoiseaux.fr\/nl\/kamperen-met-mini-bedrijf\/#primaryimage"},"image":{"@id":"https:\/\/www.campinglacauxoiseaux.fr\/nl\/kamperen-met-mini-bedrijf\/#primaryimage"},"thumbnailUrl":"https:\/\/www.campinglacauxoiseaux.fr\/wp-content\/uploads\/2020\/10\/camping-mini-ferme-aveyron.jpg","datePublished":"2020-02-03T10:38:57+00:00","dateModified":"2025-05-14T10:43:08+00:00","description":"Laat kinderen dieren ontdekken op onze camping met miniboerderij in Aveyron. Geiten, kippen, pony's en meer! Geniet van rust, natuur en zwembad. Boek nu je familievakantie.","breadcrumb":{"@id":"https:\/\/www.campinglacauxoiseaux.fr\/nl\/kamperen-met-mini-bedrijf\/#breadcrumb"},"inLanguage":"nl-NL","potentialAction":[{"@type":"ReadAction","target":["https:\/\/www.campinglacauxoiseaux.fr\/nl\/kamperen-met-mini-bedrijf\/"]}]},{"@type":"ImageObject","inLanguage":"nl-NL","@id":"https:\/\/www.campinglacauxoiseaux.fr\/nl\/kamperen-met-mini-bedrijf\/#primaryimage","url":"https:\/\/www.campinglacauxoiseaux.fr\/wp-content\/uploads\/2020\/10\/camping-mini-ferme-aveyron.jpg","contentUrl":"https:\/\/www.campinglacauxoiseaux.fr\/wp-content\/uploads\/2020\/10\/camping-mini-ferme-aveyron.jpg","width":1903,"height":550,"caption":"camping mini ferme aveyron"},{"@type":"BreadcrumbList","@id":"https:\/\/www.campinglacauxoiseaux.fr\/nl\/kamperen-met-mini-bedrijf\/#breadcrumb","itemListElement":[{"@type":"ListItem","position":1,"name":"Camping Aveyron","item":"https:\/\/www.campinglacauxoiseaux.fr\/nl\/"},{"@type":"ListItem","position":2,"name":"Mini-boerderij van de camping Frankrijk"}]},{"@type":"WebSite","@id":"https:\/\/www.campinglacauxoiseaux.fr\/nl\/#website","url":"https:\/\/www.campinglacauxoiseaux.fr\/nl\/","name":"Camping Lac aux Oiseaux","description":"","potentialAction":[{"@type":"SearchAction","target":{"@type":"EntryPoint","urlTemplate":"https:\/\/www.campinglacauxoiseaux.fr\/nl\/?s={search_term_string}"},"query-input":{"@type":"PropertyValueSpecification","valueRequired":true,"valueName":"search_term_string"}}],"inLanguage":"nl-NL"}]}},"_links":{"self":[{"href":"https:\/\/www.campinglacauxoiseaux.fr\/nl\/wp-json\/wp\/v2\/pages\/8087"}],"collection":[{"href":"https:\/\/www.campinglacauxoiseaux.fr\/nl\/wp-json\/wp\/v2\/pages"}],"about":[{"href":"https:\/\/www.campinglacauxoiseaux.fr\/nl\/wp-json\/wp\/v2\/types\/page"}],"author":[{"embeddable":true,"href":"https:\/\/www.campinglacauxoiseaux.fr\/nl\/wp-json\/wp\/v2\/users\/1"}],"replies":[{"embeddable":true,"href":"https:\/\/www.campinglacauxoiseaux.fr\/nl\/wp-json\/wp\/v2\/comments?post=8087"}],"version-history":[{"count":9,"href":"https:\/\/www.campinglacauxoiseaux.fr\/nl\/wp-json\/wp\/v2\/pages\/8087\/revisions"}],"predecessor-version":[{"id":11760,"href":"https:\/\/www.campinglacauxoiseaux.fr\/nl\/wp-json\/wp\/v2\/pages\/8087\/revisions\/11760"}],"wp:featuredmedia":[{"embeddable":true,"href":"https:\/\/www.campinglacauxoiseaux.fr\/nl\/wp-json\/wp\/v2\/media\/7537"}],"wp:attachment":[{"href":"https:\/\/www.campinglacauxoiseaux.fr\/nl\/wp-json\/wp\/v2\/media?parent=8087"}],"curies":[{"name":"wp","href":"https:\/\/api.w.org\/{rel}","templated":true}]}}