{"id":8235,"date":"2018-03-28T12:14:10","date_gmt":"2018-03-28T10:14:10","guid":{"rendered":"https:\/\/www.campinglacauxoiseaux.fr\/camping-bord-de-lac-laveyron\/"},"modified":"2020-11-03T11:46:21","modified_gmt":"2020-11-03T10:46:21","slug":"camping-junto-al-lago-aveyron","status":"publish","type":"page","link":"https:\/\/www.campinglacauxoiseaux.fr\/es\/camping-junto-al-lago-aveyron\/","title":{"rendered":"Bord de Lac"},"content":{"rendered":"<section id=\"section-5f6cb969979eb\"\" class=\"section bg-white p-b-0\" \/><div class=\"container  extralarge\"><h1 class=\"element section-title center\">Lagos en Aveyron<\/h1><\/div><\/section>\n\n<section id=\"section-5f6cb96997e3d\"\" class=\"section bg-white\" \/><div class=\"container  extralarge\"><div class=\"colonnes-wrap valign-middle \"><div class=\"element colonne p-0 w-40\"><div class=\"element images\"><div class=\"image\"><img decoding=\"async\" src=\"https:\/\/www.campinglacauxoiseaux.fr\/wp-content\/uploads\/2020\/09\/peche-mains-lac-1-72x100.jpg\" data-src=\"https:\/\/www.campinglacauxoiseaux.fr\/wp-content\/uploads\/2020\/09\/peche-mains-lac-1.jpg\" alt=\"p\u00eache mains lac\" class=\"images_image\" \/><\/div><\/div><\/div><div class=\"element colonne w-60\"><h2 class=\"element section-title center p-x-4 m-t-4\">Un lago de pesca en el camping: Lago Bannac<\/h2><div class=\"element bloc-text justify p-x-4 p-y-2\">\n\t<p>Junto al camping, el <strong class=\"bold color1\">lac de Bannac<\/strong> es un gran lugar de pesca para los departamentos de Lot y Aveyron.<\/p>\n<p>Este lago privado es administrado por las asociaciones de pescadores de Villefranche de Rouergue y Carjac. La concesi\u00f3n les es otorgada por los ayuntamientos de Martiel y Larami\u00e8re en el Lot. Este <strong class=\"bold color1\">lago artificial<\/strong> se alimenta de varias fuentes que constituyen uno de los raros humedales en el entorno de los Causses du Rouergue y Quercy.<\/p>\n<p>El lago tiene una superficie de 22 hect\u00e1reas en un magn\u00edfico y muy saludable entorno de robles centenarios. Aqu\u00ed, <strong class=\"bold color1\">el encanto, la naturaleza, el espacio<\/strong> son reyes, y mientras caminan por ah\u00ed, \u00a1podr\u00e1n creer que est\u00e1n solos en el mundo! <\/p>\n<p>El acceso es gratuito para nuestros campistas, que deben tener la tarjeta de pesca de la Federaci\u00f3n Nacional Francesa. Podr\u00e1s reservarlo en internet, antes o durante tu estancia en el <a href=\"\/es\/\">camping Martiel<\/a>. Y tambi\u00e9n tendr\u00e1 la oportunidad de comprar equipo y cebo cerca, en Villefranche de Rouergue.  <\/p>\n<p>De <strong class=\"bold color1\">numerosas especies de peces<\/strong> pueblan las aguas del lago de Aveyron, trucha, black-bass, tenca o lucio, algunos de hermoso tama\u00f1o! Tambi\u00e9n se organizan regularmente competiciones de pesca de carpas, as\u00ed como iniciaciones de pesca para los m\u00e1s j\u00f3venes. <\/p>\n<p>El lago de Aveyron no s\u00f3lo es interesante para la pesca, sino que tambi\u00e9n es una parada para las aves migratorias y, en su parte sudoriental, una reserva para muchas especies de aves. No los nombraremos todos ya que m\u00e1s de cien han sido listados por la <strong class=\"bold color1\">Liga Protectora de los Oiseaux<\/strong> (LPO) del Lot!  <\/p>\n<\/div><\/div><\/div><\/div><\/section>\n\n<section id=\"section-5f6cb969981b1\"\" class=\"section moz-img bg-white p-t-0 p-b-0\" \/><div class=\"container  full\"><div class=\"element images\"><div class=\"image\"><img decoding=\"async\" src=\"https:\/\/www.campinglacauxoiseaux.fr\/wp-content\/uploads\/2020\/09\/lac-de-Bannac-nature-100x68.jpg\" data-src=\"https:\/\/www.campinglacauxoiseaux.fr\/wp-content\/uploads\/2020\/09\/lac-de-Bannac-nature.jpg\" alt=\"lac de Bannac nature\" class=\"images_image\" \/><\/div><div class=\"image\"><img decoding=\"async\" src=\"https:\/\/www.campinglacauxoiseaux.fr\/wp-content\/uploads\/2020\/09\/lac-de-Bannac-100x68.jpg\" data-src=\"https:\/\/www.campinglacauxoiseaux.fr\/wp-content\/uploads\/2020\/09\/lac-de-Bannac.jpg\" alt=\"lac de Bannac\" class=\"images_image\" \/><\/div><div class=\"image\"><img decoding=\"async\" src=\"https:\/\/www.campinglacauxoiseaux.fr\/wp-content\/uploads\/2020\/10\/camping-nature-lac-aveyron-100x69.jpg\" data-src=\"https:\/\/www.campinglacauxoiseaux.fr\/wp-content\/uploads\/2020\/10\/camping-nature-lac-aveyron.jpg\" alt=\"camping nature lac aveyron\" class=\"images_image\" \/><\/div><div class=\"image\"><img decoding=\"async\" src=\"https:\/\/www.campinglacauxoiseaux.fr\/wp-content\/uploads\/2020\/09\/Lac-de-Bannac-eau-nature-100x68.jpg\" data-src=\"https:\/\/www.campinglacauxoiseaux.fr\/wp-content\/uploads\/2020\/09\/Lac-de-Bannac-eau-nature.jpg\" alt=\"Lac de Bannac eau nature\" class=\"images_image\" \/><\/div><\/div><\/div><\/section>\n\n<section id=\"section-5f6cb969986bf\"\" class=\"section moz-img bg-white p-t-0 p-b-0\" \/><div class=\"container  full\"><div class=\"colonnes-wrap valign-middle \"><div class=\"element colonne w-50 p-0\"><div class=\"element images\"><div class=\"image\"><img decoding=\"async\" src=\"https:\/\/www.campinglacauxoiseaux.fr\/wp-content\/uploads\/2020\/09\/Pecheurs-Lac-de-Bannac-eau-100x68.jpg\" data-src=\"https:\/\/www.campinglacauxoiseaux.fr\/wp-content\/uploads\/2020\/09\/Pecheurs-Lac-de-Bannac-eau.jpg\" alt=\"P\u00eacheurs Lac de Bannac eau\" class=\"images_image\" \/><\/div><div class=\"image\"><img decoding=\"async\" src=\"https:\/\/www.campinglacauxoiseaux.fr\/wp-content\/uploads\/2020\/10\/lac-aux-oiseaux-100x69.jpg\" data-src=\"https:\/\/www.campinglacauxoiseaux.fr\/wp-content\/uploads\/2020\/10\/lac-aux-oiseaux.jpg\" alt=\"lac aux oiseaux\" class=\"images_image\" \/><\/div><\/div><div class=\"element images\"><div class=\"image\"><img decoding=\"async\" src=\"https:\/\/www.campinglacauxoiseaux.fr\/wp-content\/uploads\/2020\/09\/Lac-Pareloup-100x68.jpg\" data-src=\"https:\/\/www.campinglacauxoiseaux.fr\/wp-content\/uploads\/2020\/09\/Lac-Pareloup.jpg\" alt=\"Lac Pareloup\" class=\"images_image\" \/><\/div><div class=\"image\"><img decoding=\"async\" src=\"https:\/\/www.campinglacauxoiseaux.fr\/wp-content\/uploads\/2020\/10\/pedalo-lac-peche-100x69.jpg\" data-src=\"https:\/\/www.campinglacauxoiseaux.fr\/wp-content\/uploads\/2020\/10\/pedalo-lac-peche.jpg\" alt=\"pedalo lac peche\" class=\"images_image\" \/><\/div><\/div><\/div><div class=\"element colonne p-4\"><h2 class=\"element section-title left\">Lagos de pesca en Aveyron<\/h2><div class=\"element bloc-text justify p-x-2\">\n\t<p>El Aveyron es un departamento ideal para la pesca. Est\u00e1 atravesado por cuatro r\u00edos principales: el Aveyron, el Tarn, el Lot y el Viaur. Tambi\u00e9n encontrar\u00e1 lagos artificiales del Aveyron, retenidos por las presas EDF, los cinco lagos de L\u00e9v\u00e9zou.<\/p>\n<ul>\n<li><strong class=\"bold color1\">El Lac de la Selve<\/strong> (o de Maury), el Lac de <strong class=\"bold color1\">Sarrans<\/strong> y el Lac de <strong class=\"bold color1\">Mont\u00e9zic<\/strong>, por su parte, est\u00e1n situados en el extremo norte del departamento de Aveyron, en valles escarpados, en un afluente del Lot, el Truy\u00e8re, a m\u00e1s de dos horas de Villefranche de Rouergue. A menudo clasificados en 2\u00aa categor\u00eda, excepto el <strong class=\"bold color1\">lac de la Gourde<\/strong> en 1\u00aa categor\u00eda, ofrecen una diversidad de posibles tipos de pesca, desde la pesca deportiva a la pesca nocturna. Tambi\u00e9n hay peque\u00f1os lagos naturales que no son presas de EDF, como el <strong class=\"bold color1\">lac de Bannac<\/strong>, junto al camping.<\/li>\n<li><strong class=\"bold color1\">El lago de Pareloup<\/strong>, el m\u00e1s grande de los lagos de L\u00e9vezou, es famoso por la pesca del lucio, pero tambi\u00e9n se puede encontrar perca o lucioperca. <\/li>\n<li><strong class=\"bold color1\">El lago de Pont-Salars<\/strong> es famoso por la pesca nocturna de carpas. Su poblaci\u00f3n de peces blancos es muy fuerte. <\/li>\n<\/ul>\n<p>Si la mayor\u00eda de los lagos del Aveyron est\u00e1n abiertos a la nataci\u00f3n y a los deportes acu\u00e1ticos, el lago de Bage y el lago de Bannac son exclusivamente reservados para la pesca, lugares perfectos para el pescador que busca tranquilidad. La trucha, la perca, la carpa y el pez blanco est\u00e1n presentes. <\/p>\n<\/div><\/div><\/div><\/div><\/section>\n\n<section id=\"section-5f6d9a6f2c38e\"\" class=\"section bg-color5\" \/><div class=\"container  extralarge\"><div class=\"colonnes-wrap valign-middle \"><div class=\"element colonne w-60\"><h2 class=\"element section-title center p-x-4 m-t-4\">Los lagos para nadar en el Aveyron<\/h2><div class=\"element bloc-text justify p-x-4 p-y-2\">\n\t<p>El m\u00e1s cercano est\u00e1 en el Lot; el lago Tolerme tiene una playa con nataci\u00f3n supervisada, \u00e1reas de juego y de picnic, y deportes acu\u00e1ticos.<\/p>\n<p>Los tres lagos m\u00e1s grandes de L\u00e9vezou est\u00e1n equipados para la nataci\u00f3n y los deportes acu\u00e1ticos. Tendr\u00e1s la oportunidad de practicar muchas actividades acu\u00e1ticas en medio de la naturaleza. Los tres tienen playas supervisadas durante el verano con juegos infantiles, zonas de picnic, restaurantes y aparcamientos: <\/p>\n<ul>\n<li><strong class=\"bold color1\">La playa de Vernhes<\/strong> (Bandera Azul) y <strong class=\"bold color1\">la playa de Arvieu-Pareloup<\/strong> (equipada para personas con movilidad reducida) en el lago de Pareloup.\n<li><strong class=\"bold color1\">La plage des Moulinoches<\/strong> y <strong class=\"bold color1\">la plage des Rousselleries<\/strong> y su base n\u00e1utica en el lago de Pont-Salars.<\/li>\n<li><strong class=\"bold color1\">Playa de Groouillac<\/strong><\/li>\n<\/ul>\n<p>Si los lagos del Aveyron no le atraen, tambi\u00e9n puede disfrutar de la paz y la tranquilidad de un camping con piscina.<\/p>\n<p>En el Lot tambi\u00e9n, esto no es un lago sino un amplio lazo del r\u00edo. El <strong class=\"bold color1\">plan d&#8217;eau de Cajarc<\/strong> est\u00e1 situado en el Lot, a pocos minutos del camping del lago Oiseaux. Bien equipado para los deportes acu\u00e1ticos, podr\u00e1 practicar el esqu\u00ed acu\u00e1tico, la moto acu\u00e1tica, el pirag\u00fcismo en el r\u00edo Lot, el remo, el pedaleo, la bicicleta de surf (moto acu\u00e1tica) y el barco sin licencia. <\/p>\n<p>Tambi\u00e9n hay <strong class=\"bold color1\">playas salvajes desatendidas<\/strong> coexistiendo en <strong class=\"bold color1\">las orillas de los lagos en un Aveyron<\/strong> Tambi\u00e9n puede encontrar lugares de ba\u00f1o sin supervisi\u00f3n en las <strong class=\"bold color1\">laterales del r\u00edo<\/strong> del Viaur, el Lot o el Aveyron, a pocos kil\u00f3metros del camping. \u00bfO tal vez prefiera nadar en una piscina vigilada en julio y agosto en un camping a orillas del lago del Aveyron? <\/p>\n<\/div><\/div><div class=\"element colonne p-0 w-40\"><div class=\"element images\"><div class=\"image\"><img decoding=\"async\" src=\"https:\/\/www.campinglacauxoiseaux.fr\/wp-content\/uploads\/2020\/10\/baignade-lac-aveyron-72x100.jpg\" data-src=\"https:\/\/www.campinglacauxoiseaux.fr\/wp-content\/uploads\/2020\/10\/baignade-lac-aveyron.jpg\" alt=\"baignade lac aveyron\" class=\"images_image\" \/><\/div><\/div><\/div><\/div><\/div><\/section>\n\n<section id=\"section-5f6dbb6f3786a\"\" class=\"section bg-white p-t-0 p-b-0\" \/><div class=\"container  full\"><div class=\"colonnes-wrap valign-middle \"><div class=\"element colonne w-20 p-0\"><div class=\"element images\"><div class=\"image\"><img decoding=\"async\" src=\"https:\/\/www.campinglacauxoiseaux.fr\/wp-content\/uploads\/2020\/09\/peche-famille-lac-1-42x100.jpg\" data-src=\"https:\/\/www.campinglacauxoiseaux.fr\/wp-content\/uploads\/2020\/09\/peche-famille-lac-1.jpg\" alt=\"p\u00eache famille lac\" class=\"images_image p-0\" \/><\/div><\/div><\/div><div class=\"element colonne w-60 p-x-4\"><h2 class=\"element section-title center\">Los 5 principales lagos de L\u00e9v\u00e9zou en el Aveyron<\/h2><div class=\"element bloc-text justify p-x-2\">\n\t<p>Los <strong class=\"bold color1\">cinco lagos de L\u00e9vezou<\/strong> son lagos artificiales del Aveyron situados en la meseta de L\u00e9v\u00e9zou en el Aveyron. Atraen tanto a pescadores como a nadadores y amantes de las actividades n\u00e1uticas. Creadas por EDF, se utilizan para alimentar centrales hidroel\u00e9ctricas. Estos cinco lagos del Aveyron, a una altitud de entre 600 y 1100 metros, pueden ser descubiertos a una hora de camino hacia el sur de nuestro sitio. Aprovechen la <strong class=\"bold color1\">naturaleza salvaje<\/strong> de estos lagos de media monta\u00f1a en Occitania aloj\u00e1ndose en un camping junto al lago en Aveyron. <\/p>\n<ul>\n<li><strong class=\"bold color1\">El lago de Pareloup<\/strong> : A una hora y cuarto en coche de Villefranche de Rouergue, es el que merece una visita durante su estancia con nosotros, en el camping a orillas del lago del Aveyron Lac aux Oiseaux. Se encuentra en la <strong class=\"bold color1\">plataforma del L\u00e9v\u00e9zou<\/strong> a m\u00e1s de 800 metros de altitud, entre Canet-de-Salars en el norte y Salles-Curan en el sur. El camping est\u00e1 situado cerca del gran lago artificial de Pareloup, cuya forma muy particular se debe a los sitios escarpados que lo rodean. Sus aguas son retenidas por la <strong class=\"bold color1\">presa de Pareloup<\/strong>, por la que se puede circular en coche.<br \/>\nCon sus 130 kil\u00f3metros de costa, es el quinto lago artificial m\u00e1s grande de Francia. Hay dos islas, pen\u00ednsulas y varias playas y puertos.<\/li>\n<li>El lago de Pont-de-Salars es un lago muy largo: unos 6 kil\u00f3metros de largo y 200 metros de ancho m\u00e1ximo. Se encuentra entre Pont-Salars y Le Vidal, a unos 20 kil\u00f3metros al sudeste de Rodez. Es un lago famoso por la pesca.<\/li>\n<li><strong class=\"bold color1\">El lago de Villefranche-de-Panat<\/strong>: Este lago tiene 4 kil\u00f3metros de largo y 500 metros de ancho y se encuentra al norte de Villefranche-de-Panat. Se form\u00f3 en un afluente del Tarn, el Alrance, y es frecuentado por pescadores<\/li>\n<\/ul>\n<p>Otros dos lagos menos conocidos son exclusivamente <strong class=\"bold color1\">reservados para la pesca<\/strong>. <\/p>\n<ul>\n<li><strong class=\"bold color1\">El lago de Bage<\/strong> : con sus 53 hect\u00e1reas, est\u00e1 situado entre los mayores lagos de Pont-Salard y Pareloup y el lago de Gourde. Este \u00faltimo lago est\u00e1 situado al noroeste del lago de Pareloup, y es el m\u00e1s peque\u00f1o de la meseta de L\u00e9vezou.<\/li>\n<li><strong class=\"bold color1\">Lago Tolermo<\/strong> : situado a 530 m de altitud, el lago Tolermo cubre 38 ha. Es ideal para los pescadores y caminantes con sus senderos y sendero de salud. En verano, disfruta de su playa con nataci\u00f3n supervisada, sus parques infantiles y \u00e1reas de picnic, sus deportes acu\u00e1ticos como: toboganes, botes de pedales, bicicletas, barcos el\u00e9ctricos.<\/li>\n<\/ul>\n<\/div><\/div><div class=\"element colonne w-20 p-0\"><div class=\"element images\"><div class=\"image\"><img decoding=\"async\" src=\"https:\/\/www.campinglacauxoiseaux.fr\/wp-content\/uploads\/2020\/10\/lac-en-aveyron-42x100.jpg\" data-src=\"https:\/\/www.campinglacauxoiseaux.fr\/wp-content\/uploads\/2020\/10\/lac-en-aveyron.jpg\" alt=\"lac en aveyron\" class=\"images_image p-0\" \/><\/div><\/div><\/div><\/div><\/div><\/section>\n\n<section id=\"section-5f6cb96998af5\"\" class=\"section bg-color5\" \/><div class=\"container  extralarge\"><div class=\"element section-title center cta-title\">Nuestros alquileres y servicios<\/div><ul class=\"liste-de-page\"><li class=\"element call-to-action  call-to-action--style-1 call-to-action--normal\"><a href=\"https:\/\/www.campinglacauxoiseaux.fr\/es\/camping-con-zona-acuatica-en-el-aveyron\/\"  class=\"call-to-action_link\" title=\"Aprende m\u00e1s sobre nuestra piscina\"><div class=\"call-to-action_image\"><img decoding=\"async\" src=\"https:\/\/www.campinglacauxoiseaux.fr\/wp-content\/uploads\/2020\/10\/camping-piscine-aveyron-100x56.jpg\" data-src=\"https:\/\/www.campinglacauxoiseaux.fr\/wp-content\/uploads\/2020\/10\/camping-piscine-aveyron.jpg\" alt=\"camping piscine aveyron\" class=\"normal\" \/><\/div><div class=\"call-to-action_contenu\"><div class=\"call-to-action_titre\">Nuestra piscina<\/div><\/div><\/a><\/li><li class=\"element call-to-action  call-to-action--style-1 call-to-action--normal call-to-action--style-1 call-to-action--normal\"><a href=\"https:\/\/www.campinglacauxoiseaux.fr\/es\/alquiler-de-mobil-homes-aveyron\/\"  class=\"call-to-action_link\" title=\"Aprende m\u00e1s sobre nuestros alquileres\"><div class=\"call-to-action_image\"><img decoding=\"async\" src=\"https:\/\/www.campinglacauxoiseaux.fr\/wp-content\/uploads\/2020\/09\/Mobil-home-exterieur-camping-100x56.jpg\" data-src=\"https:\/\/www.campinglacauxoiseaux.fr\/wp-content\/uploads\/2020\/09\/Mobil-home-exterieur-camping.jpg\" alt=\"Mobil home ext\u00e8rieur camping\" class=\"normal\" \/><\/div><div class=\"call-to-action_contenu\"><div class=\"call-to-action_titre\">Nuestros alquileres<\/div><\/div><\/a><\/li><li class=\"element call-to-action  call-to-action--style-1 call-to-action--normal call-to-action--style-1 call-to-action--normal call-to-action--style-1 call-to-action--normal\"><a href=\"https:\/\/www.campinglacauxoiseaux.fr\/es\/parcelas-de-camping-aveyron\/\"  class=\"call-to-action_link\" title=\"Aprende m\u00e1s sobre nuestros lanzamientos\"><div class=\"call-to-action_image\"><img decoding=\"async\" src=\"https:\/\/www.campinglacauxoiseaux.fr\/wp-content\/uploads\/2020\/10\/emplacement-aveyron-100x56.jpg\" data-src=\"https:\/\/www.campinglacauxoiseaux.fr\/wp-content\/uploads\/2020\/10\/emplacement-aveyron.jpg\" alt=\"emplacement aveyron\" class=\"normal\" \/><\/div><div class=\"call-to-action_contenu\"><div class=\"call-to-action_titre\">Nuestros lanzamientos<\/div><\/div><\/a><\/li><\/ul><\/div><\/section>","protected":false},"excerpt":{"rendered":"","protected":false},"author":1,"featured_media":7664,"parent":0,"menu_order":0,"comment_status":"closed","ping_status":"closed","template":"","meta":{"footnotes":""},"class_list":["post-8235","page","type-page","status-publish","has-post-thumbnail","hentry"],"acf":[],"yoast_head":"<!-- This site is optimized with the Yoast SEO plugin v23.4 - https:\/\/yoast.com\/wordpress\/plugins\/seo\/ -->\n<title>Lago de Aveyron | Camping al borde del lago de Aveyron | Lagos de L\u00e9v\u00e9zou<\/title>\n<meta name=\"robots\" content=\"index, follow, max-snippet:-1, max-image-preview:large, max-video-preview:-1\" \/>\n<link rel=\"canonical\" href=\"https:\/\/www.campinglacauxoiseaux.fr\/es\/camping-junto-al-lago-aveyron\/\" \/>\n<meta property=\"og:locale\" content=\"es_ES\" \/>\n<meta property=\"og:type\" content=\"article\" \/>\n<meta property=\"og:title\" content=\"Lago de Aveyron | Camping al borde del lago de Aveyron | Lagos de L\u00e9v\u00e9zou\" \/>\n<meta property=\"og:url\" content=\"https:\/\/www.campinglacauxoiseaux.fr\/es\/camping-junto-al-lago-aveyron\/\" \/>\n<meta property=\"og:site_name\" content=\"Camping Lac aux Oiseaux\" \/>\n<meta property=\"article:modified_time\" content=\"2020-11-03T10:46:21+00:00\" \/>\n<meta property=\"og:image\" content=\"https:\/\/www.campinglacauxoiseaux.fr\/wp-content\/uploads\/2020\/10\/peche-bord-de-lac.jpg\" \/>\n\t<meta property=\"og:image:width\" content=\"1903\" \/>\n\t<meta property=\"og:image:height\" content=\"550\" \/>\n\t<meta property=\"og:image:type\" content=\"image\/jpeg\" \/>\n<meta name=\"twitter:card\" content=\"summary_large_image\" \/>\n<script type=\"application\/ld+json\" class=\"yoast-schema-graph\">{\"@context\":\"https:\/\/schema.org\",\"@graph\":[{\"@type\":\"WebPage\",\"@id\":\"https:\/\/www.campinglacauxoiseaux.fr\/es\/camping-junto-al-lago-aveyron\/\",\"url\":\"https:\/\/www.campinglacauxoiseaux.fr\/es\/camping-junto-al-lago-aveyron\/\",\"name\":\"Lago de Aveyron | Camping al borde del lago de Aveyron | Lagos de L\u00e9v\u00e9zou\",\"isPartOf\":{\"@id\":\"https:\/\/www.campinglacauxoiseaux.fr\/es\/#website\"},\"primaryImageOfPage\":{\"@id\":\"https:\/\/www.campinglacauxoiseaux.fr\/es\/camping-junto-al-lago-aveyron\/#primaryimage\"},\"image\":{\"@id\":\"https:\/\/www.campinglacauxoiseaux.fr\/es\/camping-junto-al-lago-aveyron\/#primaryimage\"},\"thumbnailUrl\":\"https:\/\/www.campinglacauxoiseaux.fr\/wp-content\/uploads\/2020\/10\/peche-bord-de-lac.jpg\",\"datePublished\":\"2018-03-28T10:14:10+00:00\",\"dateModified\":\"2020-11-03T10:46:21+00:00\",\"breadcrumb\":{\"@id\":\"https:\/\/www.campinglacauxoiseaux.fr\/es\/camping-junto-al-lago-aveyron\/#breadcrumb\"},\"inLanguage\":\"es\",\"potentialAction\":[{\"@type\":\"ReadAction\",\"target\":[\"https:\/\/www.campinglacauxoiseaux.fr\/es\/camping-junto-al-lago-aveyron\/\"]}]},{\"@type\":\"ImageObject\",\"inLanguage\":\"es\",\"@id\":\"https:\/\/www.campinglacauxoiseaux.fr\/es\/camping-junto-al-lago-aveyron\/#primaryimage\",\"url\":\"https:\/\/www.campinglacauxoiseaux.fr\/wp-content\/uploads\/2020\/10\/peche-bord-de-lac.jpg\",\"contentUrl\":\"https:\/\/www.campinglacauxoiseaux.fr\/wp-content\/uploads\/2020\/10\/peche-bord-de-lac.jpg\",\"width\":1903,\"height\":550,\"caption\":\"peche bord de lac\"},{\"@type\":\"BreadcrumbList\",\"@id\":\"https:\/\/www.campinglacauxoiseaux.fr\/es\/camping-junto-al-lago-aveyron\/#breadcrumb\",\"itemListElement\":[{\"@type\":\"ListItem\",\"position\":1,\"name\":\"Camping Aveyron\",\"item\":\"https:\/\/www.campinglacauxoiseaux.fr\/es\/\"},{\"@type\":\"ListItem\",\"position\":2,\"name\":\"Lagos en Aveyron\"}]},{\"@type\":\"WebSite\",\"@id\":\"https:\/\/www.campinglacauxoiseaux.fr\/es\/#website\",\"url\":\"https:\/\/www.campinglacauxoiseaux.fr\/es\/\",\"name\":\"Camping Lac aux Oiseaux\",\"description\":\"\",\"potentialAction\":[{\"@type\":\"SearchAction\",\"target\":{\"@type\":\"EntryPoint\",\"urlTemplate\":\"https:\/\/www.campinglacauxoiseaux.fr\/es\/?s={search_term_string}\"},\"query-input\":{\"@type\":\"PropertyValueSpecification\",\"valueRequired\":true,\"valueName\":\"search_term_string\"}}],\"inLanguage\":\"es\"}]}<\/script>\n<!-- \/ Yoast SEO plugin. -->","yoast_head_json":{"title":"Lago de Aveyron | Camping al borde del lago de Aveyron | Lagos de L\u00e9v\u00e9zou","robots":{"index":"index","follow":"follow","max-snippet":"max-snippet:-1","max-image-preview":"max-image-preview:large","max-video-preview":"max-video-preview:-1"},"canonical":"https:\/\/www.campinglacauxoiseaux.fr\/es\/camping-junto-al-lago-aveyron\/","og_locale":"es_ES","og_type":"article","og_title":"Lago de Aveyron | Camping al borde del lago de Aveyron | Lagos de L\u00e9v\u00e9zou","og_url":"https:\/\/www.campinglacauxoiseaux.fr\/es\/camping-junto-al-lago-aveyron\/","og_site_name":"Camping Lac aux Oiseaux","article_modified_time":"2020-11-03T10:46:21+00:00","og_image":[{"width":1903,"height":550,"url":"https:\/\/www.campinglacauxoiseaux.fr\/wp-content\/uploads\/2020\/10\/peche-bord-de-lac.jpg","type":"image\/jpeg"}],"twitter_card":"summary_large_image","schema":{"@context":"https:\/\/schema.org","@graph":[{"@type":"WebPage","@id":"https:\/\/www.campinglacauxoiseaux.fr\/es\/camping-junto-al-lago-aveyron\/","url":"https:\/\/www.campinglacauxoiseaux.fr\/es\/camping-junto-al-lago-aveyron\/","name":"Lago de Aveyron | Camping al borde del lago de Aveyron | Lagos de L\u00e9v\u00e9zou","isPartOf":{"@id":"https:\/\/www.campinglacauxoiseaux.fr\/es\/#website"},"primaryImageOfPage":{"@id":"https:\/\/www.campinglacauxoiseaux.fr\/es\/camping-junto-al-lago-aveyron\/#primaryimage"},"image":{"@id":"https:\/\/www.campinglacauxoiseaux.fr\/es\/camping-junto-al-lago-aveyron\/#primaryimage"},"thumbnailUrl":"https:\/\/www.campinglacauxoiseaux.fr\/wp-content\/uploads\/2020\/10\/peche-bord-de-lac.jpg","datePublished":"2018-03-28T10:14:10+00:00","dateModified":"2020-11-03T10:46:21+00:00","breadcrumb":{"@id":"https:\/\/www.campinglacauxoiseaux.fr\/es\/camping-junto-al-lago-aveyron\/#breadcrumb"},"inLanguage":"es","potentialAction":[{"@type":"ReadAction","target":["https:\/\/www.campinglacauxoiseaux.fr\/es\/camping-junto-al-lago-aveyron\/"]}]},{"@type":"ImageObject","inLanguage":"es","@id":"https:\/\/www.campinglacauxoiseaux.fr\/es\/camping-junto-al-lago-aveyron\/#primaryimage","url":"https:\/\/www.campinglacauxoiseaux.fr\/wp-content\/uploads\/2020\/10\/peche-bord-de-lac.jpg","contentUrl":"https:\/\/www.campinglacauxoiseaux.fr\/wp-content\/uploads\/2020\/10\/peche-bord-de-lac.jpg","width":1903,"height":550,"caption":"peche bord de lac"},{"@type":"BreadcrumbList","@id":"https:\/\/www.campinglacauxoiseaux.fr\/es\/camping-junto-al-lago-aveyron\/#breadcrumb","itemListElement":[{"@type":"ListItem","position":1,"name":"Camping Aveyron","item":"https:\/\/www.campinglacauxoiseaux.fr\/es\/"},{"@type":"ListItem","position":2,"name":"Lagos en Aveyron"}]},{"@type":"WebSite","@id":"https:\/\/www.campinglacauxoiseaux.fr\/es\/#website","url":"https:\/\/www.campinglacauxoiseaux.fr\/es\/","name":"Camping Lac aux Oiseaux","description":"","potentialAction":[{"@type":"SearchAction","target":{"@type":"EntryPoint","urlTemplate":"https:\/\/www.campinglacauxoiseaux.fr\/es\/?s={search_term_string}"},"query-input":{"@type":"PropertyValueSpecification","valueRequired":true,"valueName":"search_term_string"}}],"inLanguage":"es"}]}},"_links":{"self":[{"href":"https:\/\/www.campinglacauxoiseaux.fr\/es\/wp-json\/wp\/v2\/pages\/8235"}],"collection":[{"href":"https:\/\/www.campinglacauxoiseaux.fr\/es\/wp-json\/wp\/v2\/pages"}],"about":[{"href":"https:\/\/www.campinglacauxoiseaux.fr\/es\/wp-json\/wp\/v2\/types\/page"}],"author":[{"embeddable":true,"href":"https:\/\/www.campinglacauxoiseaux.fr\/es\/wp-json\/wp\/v2\/users\/1"}],"replies":[{"embeddable":true,"href":"https:\/\/www.campinglacauxoiseaux.fr\/es\/wp-json\/wp\/v2\/comments?post=8235"}],"version-history":[{"count":4,"href":"https:\/\/www.campinglacauxoiseaux.fr\/es\/wp-json\/wp\/v2\/pages\/8235\/revisions"}],"predecessor-version":[{"id":8314,"href":"https:\/\/www.campinglacauxoiseaux.fr\/es\/wp-json\/wp\/v2\/pages\/8235\/revisions\/8314"}],"wp:featuredmedia":[{"embeddable":true,"href":"https:\/\/www.campinglacauxoiseaux.fr\/es\/wp-json\/wp\/v2\/media\/7664"}],"wp:attachment":[{"href":"https:\/\/www.campinglacauxoiseaux.fr\/es\/wp-json\/wp\/v2\/media?parent=8235"}],"curies":[{"name":"wp","href":"https:\/\/api.w.org\/{rel}","templated":true}]}}