{"id":8199,"date":"2018-03-28T12:16:04","date_gmt":"2018-03-28T10:16:04","guid":{"rendered":"https:\/\/www.campinglacauxoiseaux.fr\/camping-acsi-aveyron\/"},"modified":"2023-02-27T16:30:28","modified_gmt":"2023-02-27T15:30:28","slug":"campamento-acsi-aveyron","status":"publish","type":"page","link":"https:\/\/www.campinglacauxoiseaux.fr\/es\/campamento-acsi-aveyron\/","title":{"rendered":"H\u00e9bergements : ACSI"},"content":{"rendered":"<section id=\"section-5f6cb969979eb\"\" class=\"section bg-white p-b-0\" \/><div class=\"container  extralarge\"><h1 class=\"element section-title center\">Bienvenido al camping ACSI Lac aux Oiseaux en Aveyron<\/h1><h2 class=\"element section-title center m-t-4\">La tarjeta ACSI<\/h2><div class=\"element bloc-text center \">\n\t<p>\u00bfBusca un camping barato en el Aveyron?<br \/>\nYa sea por una noche o una estancia m\u00e1s larga, aproveche todas las buenas ofertas y promociones gracias a la <strong class=\"bold color1\">tarjeta ACSI<\/strong>. Los aficionados a las autocaravanas, as\u00ed como los turistas en caravanas o tiendas, podr\u00e1n beneficiarse de muchas ventajas de precios para sus pr\u00f3ximas vacaciones en el Aveyron.<\/p>\n<\/div><\/div><\/section>\n\n<section id=\"section-5f6cb96997e3d\"\" class=\"section bg-white\" \/><div class=\"container  extralarge\"><div class=\"colonnes-wrap valign-middle \"><div class=\"element colonne p-0 w-40\"><div class=\"element images\"><div class=\"image\"><img decoding=\"async\" src=\"https:\/\/www.campinglacauxoiseaux.fr\/wp-content\/uploads\/2020\/09\/camping-car-4-85x100.jpg\" data-src=\"https:\/\/www.campinglacauxoiseaux.fr\/wp-content\/uploads\/2020\/09\/camping-car-4.jpg\" alt=\"camping car\" class=\"images_image\" \/><\/div><\/div><\/div><div class=\"element colonne w-60\"><h2 class=\"element section-title center p-x-4 m-t-4\">Las ventajas de ACSI <\/h2><div class=\"element bloc-text justify p-x-4 p-y-2\">\n\t<p>La <strong class=\"bold color1\">CampingCard ACSI<\/strong> es una tarjeta de descuento para los turistas que viajan en autocaravanas, caravanas o tiendas de campa\u00f1a. Es v\u00e1lido durante un a\u00f1o natural y da derecho al titular a tarifas reducidas (hasta un 50% de descuento) durante la temporada baja en los campings aprobados. Esta tarjeta es aceptada en m\u00e1s de 3.300 campings situados en unos 20 pa\u00edses europeos, incluido el camping del Lago de los Oscuros. La tarjeta ACSI te da acceso a descuentos muy interesantes y te garantiza las mismas ventajas que los dem\u00e1s campistas. Su autocaravana se aparca en su parcela de camping, se instala su tienda o caravana y puede utilizar las instalaciones del camping como la piscina cubierta, el bloque sanitario, la conexi\u00f3n el\u00e9ctrica, los juegos para ni\u00f1os y los comestibles. \u00a1Si llegas despu\u00e9s del 1 de julio, tambi\u00e9n tendr\u00e1s la oportunidad de disfrutar de tu comida en el restaurante! Las animaciones y actividades organizadas a partir de principios de julio, ser\u00e1n bienvenidas!<\/p>\n<p>La tarjeta ACSI del camping del Lac aux Oiseaux le permite beneficiarse del precio muy asequible de 14 euros, por la noche, durante los periodos del 15 de mayo al 5 de julio y del 28 de agosto al 27 de septiembre. El precio incluye la noche (desde el mediod\u00eda hasta el mediod\u00eda del d\u00eda siguiente) para dos personas con conexi\u00f3n el\u00e9ctrica. Todo lo que tienes que hacer es presentarlo en la recepci\u00f3n, y por un peque\u00f1o cargo extra, sirve como documento de identidad.<\/p>\n<\/div><\/div><\/div><\/div><\/section>\n\n<section id=\"section-5f6cb96998af5\"\" class=\"section bg-white\" \/><div class=\"container  extralarge\"><div class=\"element section-title center cta-title\">Nuestros alojamientos de alquiler<\/div><ul class=\"liste-de-page\"><li class=\"element call-to-action  call-to-action--style-1 call-to-action--normal\"><a href=\"https:\/\/www.campinglacauxoiseaux.fr\/es\/alquiler-de-mobil-homes-aveyron\/\"  class=\"call-to-action_link\" title=\"Aprende m\u00e1s sobre nuestros alquileres\"><div class=\"call-to-action_image\"><img decoding=\"async\" src=\"https:\/\/www.campinglacauxoiseaux.fr\/wp-content\/uploads\/2020\/09\/Mobil-home-exterieur-camping-100x56.jpg\" data-src=\"https:\/\/www.campinglacauxoiseaux.fr\/wp-content\/uploads\/2020\/09\/Mobil-home-exterieur-camping.jpg\" alt=\"Mobil home ext\u00e8rieur camping\" class=\"normal\" \/><\/div><div class=\"call-to-action_contenu\"><div class=\"call-to-action_titre\">Nuestros alquileres<\/div><\/div><\/a><\/li><li class=\"element call-to-action  call-to-action--style-1 call-to-action--normal call-to-action--style-1 call-to-action--normal\"><a href=\"https:\/\/www.campinglacauxoiseaux.fr\/es\/parcelas-de-camping-aveyron\/\"  class=\"call-to-action_link\" title=\"Aprende m\u00e1s sobre nuestros lanzamientos\"><div class=\"call-to-action_image\"><img decoding=\"async\" src=\"https:\/\/www.campinglacauxoiseaux.fr\/wp-content\/uploads\/2020\/10\/emplacement-aveyron-100x56.jpg\" data-src=\"https:\/\/www.campinglacauxoiseaux.fr\/wp-content\/uploads\/2020\/10\/emplacement-aveyron.jpg\" alt=\"emplacement aveyron\" class=\"normal\" \/><\/div><div class=\"call-to-action_contenu\"><div class=\"call-to-action_titre\">Nuestros lanzamientos<\/div><\/div><\/a><\/li><li class=\"element call-to-action  call-to-action--style-1 call-to-action--normal call-to-action--style-1 call-to-action--normal call-to-action--style-1 call-to-action--normal\"><a href=\"https:\/\/www.campinglacauxoiseaux.fr\/es\/camping-barato-aveyron\/\"  class=\"call-to-action_link\" title=\"Aprende m\u00e1s sobre nuestras tarifas\"><div class=\"call-to-action_image\"><img decoding=\"async\" src=\"https:\/\/www.campinglacauxoiseaux.fr\/wp-content\/uploads\/2020\/10\/tarifs-location-aveyron-100x56.jpg\" data-src=\"https:\/\/www.campinglacauxoiseaux.fr\/wp-content\/uploads\/2020\/10\/tarifs-location-aveyron.jpg\" alt=\"tarifs location aveyron\" class=\"normal\" \/><\/div><div class=\"call-to-action_contenu\"><div class=\"call-to-action_titre\">Nuestras tarifas<\/div><\/div><\/a><\/li><\/ul><\/div><\/section>","protected":false},"excerpt":{"rendered":"","protected":false},"author":1,"featured_media":6332,"parent":0,"menu_order":0,"comment_status":"closed","ping_status":"closed","template":"","meta":{"footnotes":""},"class_list":["post-8199","page","type-page","status-publish","has-post-thumbnail","hentry"],"acf":[],"yoast_head":"<!-- This site is optimized with the Yoast SEO plugin v23.4 - https:\/\/yoast.com\/wordpress\/plugins\/seo\/ -->\n<title>Camping ACSI- camping homologado por ACSI en el Aveyron<\/title>\n<meta name=\"robots\" content=\"index, follow, max-snippet:-1, max-image-preview:large, max-video-preview:-1\" \/>\n<link rel=\"canonical\" href=\"https:\/\/www.campinglacauxoiseaux.fr\/es\/campamento-acsi-aveyron\/\" \/>\n<meta property=\"og:locale\" content=\"es_ES\" \/>\n<meta property=\"og:type\" content=\"article\" \/>\n<meta property=\"og:title\" content=\"Camping ACSI- camping homologado por ACSI en el Aveyron\" \/>\n<meta property=\"og:url\" content=\"https:\/\/www.campinglacauxoiseaux.fr\/es\/campamento-acsi-aveyron\/\" \/>\n<meta property=\"og:site_name\" content=\"Camping Lac aux Oiseaux\" \/>\n<meta property=\"article:modified_time\" content=\"2023-02-27T15:30:28+00:00\" \/>\n<meta property=\"og:image\" content=\"https:\/\/www.campinglacauxoiseaux.fr\/wp-content\/uploads\/2020\/09\/mobil-home-emplacements.jpg\" \/>\n\t<meta property=\"og:image:width\" content=\"1903\" \/>\n\t<meta property=\"og:image:height\" content=\"549\" \/>\n\t<meta property=\"og:image:type\" content=\"image\/jpeg\" \/>\n<meta name=\"twitter:card\" content=\"summary_large_image\" \/>\n<script type=\"application\/ld+json\" class=\"yoast-schema-graph\">{\"@context\":\"https:\/\/schema.org\",\"@graph\":[{\"@type\":\"WebPage\",\"@id\":\"https:\/\/www.campinglacauxoiseaux.fr\/es\/campamento-acsi-aveyron\/\",\"url\":\"https:\/\/www.campinglacauxoiseaux.fr\/es\/campamento-acsi-aveyron\/\",\"name\":\"Camping ACSI- camping homologado por ACSI en el Aveyron\",\"isPartOf\":{\"@id\":\"https:\/\/www.campinglacauxoiseaux.fr\/es\/#website\"},\"primaryImageOfPage\":{\"@id\":\"https:\/\/www.campinglacauxoiseaux.fr\/es\/campamento-acsi-aveyron\/#primaryimage\"},\"image\":{\"@id\":\"https:\/\/www.campinglacauxoiseaux.fr\/es\/campamento-acsi-aveyron\/#primaryimage\"},\"thumbnailUrl\":\"https:\/\/www.campinglacauxoiseaux.fr\/wp-content\/uploads\/2020\/09\/mobil-home-emplacements.jpg\",\"datePublished\":\"2018-03-28T10:16:04+00:00\",\"dateModified\":\"2023-02-27T15:30:28+00:00\",\"breadcrumb\":{\"@id\":\"https:\/\/www.campinglacauxoiseaux.fr\/es\/campamento-acsi-aveyron\/#breadcrumb\"},\"inLanguage\":\"es\",\"potentialAction\":[{\"@type\":\"ReadAction\",\"target\":[\"https:\/\/www.campinglacauxoiseaux.fr\/es\/campamento-acsi-aveyron\/\"]}]},{\"@type\":\"ImageObject\",\"inLanguage\":\"es\",\"@id\":\"https:\/\/www.campinglacauxoiseaux.fr\/es\/campamento-acsi-aveyron\/#primaryimage\",\"url\":\"https:\/\/www.campinglacauxoiseaux.fr\/wp-content\/uploads\/2020\/09\/mobil-home-emplacements.jpg\",\"contentUrl\":\"https:\/\/www.campinglacauxoiseaux.fr\/wp-content\/uploads\/2020\/09\/mobil-home-emplacements.jpg\",\"width\":1903,\"height\":549,\"caption\":\"mobi home emplacements\"},{\"@type\":\"BreadcrumbList\",\"@id\":\"https:\/\/www.campinglacauxoiseaux.fr\/es\/campamento-acsi-aveyron\/#breadcrumb\",\"itemListElement\":[{\"@type\":\"ListItem\",\"position\":1,\"name\":\"Camping Aveyron\",\"item\":\"https:\/\/www.campinglacauxoiseaux.fr\/es\/\"},{\"@type\":\"ListItem\",\"position\":2,\"name\":\"Camping ACSI en Aveyron\"}]},{\"@type\":\"WebSite\",\"@id\":\"https:\/\/www.campinglacauxoiseaux.fr\/es\/#website\",\"url\":\"https:\/\/www.campinglacauxoiseaux.fr\/es\/\",\"name\":\"Camping Lac aux Oiseaux\",\"description\":\"\",\"potentialAction\":[{\"@type\":\"SearchAction\",\"target\":{\"@type\":\"EntryPoint\",\"urlTemplate\":\"https:\/\/www.campinglacauxoiseaux.fr\/es\/?s={search_term_string}\"},\"query-input\":{\"@type\":\"PropertyValueSpecification\",\"valueRequired\":true,\"valueName\":\"search_term_string\"}}],\"inLanguage\":\"es\"}]}<\/script>\n<!-- \/ Yoast SEO plugin. -->","yoast_head_json":{"title":"Camping ACSI- camping homologado por ACSI en el Aveyron","robots":{"index":"index","follow":"follow","max-snippet":"max-snippet:-1","max-image-preview":"max-image-preview:large","max-video-preview":"max-video-preview:-1"},"canonical":"https:\/\/www.campinglacauxoiseaux.fr\/es\/campamento-acsi-aveyron\/","og_locale":"es_ES","og_type":"article","og_title":"Camping ACSI- camping homologado por ACSI en el Aveyron","og_url":"https:\/\/www.campinglacauxoiseaux.fr\/es\/campamento-acsi-aveyron\/","og_site_name":"Camping Lac aux Oiseaux","article_modified_time":"2023-02-27T15:30:28+00:00","og_image":[{"width":1903,"height":549,"url":"https:\/\/www.campinglacauxoiseaux.fr\/wp-content\/uploads\/2020\/09\/mobil-home-emplacements.jpg","type":"image\/jpeg"}],"twitter_card":"summary_large_image","schema":{"@context":"https:\/\/schema.org","@graph":[{"@type":"WebPage","@id":"https:\/\/www.campinglacauxoiseaux.fr\/es\/campamento-acsi-aveyron\/","url":"https:\/\/www.campinglacauxoiseaux.fr\/es\/campamento-acsi-aveyron\/","name":"Camping ACSI- camping homologado por ACSI en el Aveyron","isPartOf":{"@id":"https:\/\/www.campinglacauxoiseaux.fr\/es\/#website"},"primaryImageOfPage":{"@id":"https:\/\/www.campinglacauxoiseaux.fr\/es\/campamento-acsi-aveyron\/#primaryimage"},"image":{"@id":"https:\/\/www.campinglacauxoiseaux.fr\/es\/campamento-acsi-aveyron\/#primaryimage"},"thumbnailUrl":"https:\/\/www.campinglacauxoiseaux.fr\/wp-content\/uploads\/2020\/09\/mobil-home-emplacements.jpg","datePublished":"2018-03-28T10:16:04+00:00","dateModified":"2023-02-27T15:30:28+00:00","breadcrumb":{"@id":"https:\/\/www.campinglacauxoiseaux.fr\/es\/campamento-acsi-aveyron\/#breadcrumb"},"inLanguage":"es","potentialAction":[{"@type":"ReadAction","target":["https:\/\/www.campinglacauxoiseaux.fr\/es\/campamento-acsi-aveyron\/"]}]},{"@type":"ImageObject","inLanguage":"es","@id":"https:\/\/www.campinglacauxoiseaux.fr\/es\/campamento-acsi-aveyron\/#primaryimage","url":"https:\/\/www.campinglacauxoiseaux.fr\/wp-content\/uploads\/2020\/09\/mobil-home-emplacements.jpg","contentUrl":"https:\/\/www.campinglacauxoiseaux.fr\/wp-content\/uploads\/2020\/09\/mobil-home-emplacements.jpg","width":1903,"height":549,"caption":"mobi home emplacements"},{"@type":"BreadcrumbList","@id":"https:\/\/www.campinglacauxoiseaux.fr\/es\/campamento-acsi-aveyron\/#breadcrumb","itemListElement":[{"@type":"ListItem","position":1,"name":"Camping Aveyron","item":"https:\/\/www.campinglacauxoiseaux.fr\/es\/"},{"@type":"ListItem","position":2,"name":"Camping ACSI en Aveyron"}]},{"@type":"WebSite","@id":"https:\/\/www.campinglacauxoiseaux.fr\/es\/#website","url":"https:\/\/www.campinglacauxoiseaux.fr\/es\/","name":"Camping Lac aux Oiseaux","description":"","potentialAction":[{"@type":"SearchAction","target":{"@type":"EntryPoint","urlTemplate":"https:\/\/www.campinglacauxoiseaux.fr\/es\/?s={search_term_string}"},"query-input":{"@type":"PropertyValueSpecification","valueRequired":true,"valueName":"search_term_string"}}],"inLanguage":"es"}]}},"_links":{"self":[{"href":"https:\/\/www.campinglacauxoiseaux.fr\/es\/wp-json\/wp\/v2\/pages\/8199"}],"collection":[{"href":"https:\/\/www.campinglacauxoiseaux.fr\/es\/wp-json\/wp\/v2\/pages"}],"about":[{"href":"https:\/\/www.campinglacauxoiseaux.fr\/es\/wp-json\/wp\/v2\/types\/page"}],"author":[{"embeddable":true,"href":"https:\/\/www.campinglacauxoiseaux.fr\/es\/wp-json\/wp\/v2\/users\/1"}],"replies":[{"embeddable":true,"href":"https:\/\/www.campinglacauxoiseaux.fr\/es\/wp-json\/wp\/v2\/comments?post=8199"}],"version-history":[{"count":6,"href":"https:\/\/www.campinglacauxoiseaux.fr\/es\/wp-json\/wp\/v2\/pages\/8199\/revisions"}],"predecessor-version":[{"id":10549,"href":"https:\/\/www.campinglacauxoiseaux.fr\/es\/wp-json\/wp\/v2\/pages\/8199\/revisions\/10549"}],"wp:featuredmedia":[{"embeddable":true,"href":"https:\/\/www.campinglacauxoiseaux.fr\/es\/wp-json\/wp\/v2\/media\/6332"}],"wp:attachment":[{"href":"https:\/\/www.campinglacauxoiseaux.fr\/es\/wp-json\/wp\/v2\/media?parent=8199"}],"curies":[{"name":"wp","href":"https:\/\/api.w.org\/{rel}","templated":true}]}}