{"id":8185,"date":"2019-12-12T16:42:47","date_gmt":"2019-12-12T15:42:47","guid":{"rendered":"https:\/\/www.campinglacauxoiseaux.fr\/camping-car-aveyron\/"},"modified":"2020-11-03T11:49:00","modified_gmt":"2020-11-03T10:49:00","slug":"camioneta-aveyron","status":"publish","type":"page","link":"https:\/\/www.campinglacauxoiseaux.fr\/es\/camioneta-aveyron\/","title":{"rendered":"H\u00e9bergements : Camping-Car"},"content":{"rendered":"<section id=\"section-5f6cb969979eb\"\" class=\"section bg-white p-b-0\" \/><div class=\"container  extralarge\"><h1 class=\"element section-title center\">Aveyron en autocaravana<\/h1><\/div><\/section>\n\n<section id=\"section-5f6cb96997e3d\"\" class=\"section bg-white\" \/><div class=\"container  extralarge\"><div class=\"colonnes-wrap valign-middle \"><div class=\"element colonne p-0 w-40\"><div class=\"element images\"><div class=\"image\"><img decoding=\"async\" src=\"https:\/\/www.campinglacauxoiseaux.fr\/wp-content\/uploads\/2020\/09\/camping-car-vacancaes-85x100.jpg\" data-src=\"https:\/\/www.campinglacauxoiseaux.fr\/wp-content\/uploads\/2020\/09\/camping-car-vacancaes.jpg\" alt=\"camping car vacancaes\" class=\"images_image\" \/><\/div><\/div><\/div><div class=\"element colonne w-60\"><h2 class=\"element section-title center p-x-4 m-t-4\">Zona de autocaravanas del Aveyron<\/h2><div class=\"element bloc-text justify p-x-4 p-y-2\">\n\t<p>\u00bfBusca una zona de autocaravanas en el Aveyron en un entorno agradable y relajante?<\/p>\n<p>El <a href=\"\/es\/\">camping de Martiel<\/a> du Lac aux Oiseaux le invita a detener su veh\u00edculo a la orilla del agua, en un entorno verde y boscoso, en uno de sus campos dedicados.<\/p>\n<p>Estable y plano, los <strong class=\"bold color1\">estacionamientos privados<\/strong> para autocaravanas y furgonetas son tambi\u00e9n espaciosos, para permitirle a\u00f1adir f\u00e1cilmente un toldo a su veh\u00edculo, instalar mesas, sillas y tumbonas en el exterior y aprovechar al m\u00e1ximo el aire libre y la naturaleza.<\/p>\n<p>Una fuente de alimentaci\u00f3n de 10 amperios le permite disfrutar de todo su equipo de confort. En nuestra zona de autocaravanas del Aveyron tambi\u00e9n hay una terminal de vaciado para la evacuaci\u00f3n de sus aguas residuales.<\/p>\n<p>Los <strong class=\"bold color1\">camping-cars<\/strong> son bienvenidos en los <strong class=\"bold color1\">campings Nature completamente cerrados<\/strong> con una superficie media de 100 m2 con una terminal de agua cercana, as\u00ed como en los campings Comfort incluyendo la electricidad.<br \/>\nLos paquetes de escala han sido creados especialmente para los conductores de autocaravanas que descubren el Aveyron en la carretera, con llegada despu\u00e9s de las 18h00 y salida antes de las 10h00 por una tarifa de 10 a 17 euros m\u00e1ximo seg\u00fan la temporada.<br \/>\nBuenas noticias si viaja con su compa\u00f1ero de cuatro patas: los perros y gatos con correa tambi\u00e9n son bienvenidos en los campings del Aveyron.<\/p>\n<\/div><\/div><\/div><\/div><\/section>\n\n<section id=\"section-5f6cb969981b1\"\" class=\"section moz-img bg-white p-t-0 p-b-0\" \/><div class=\"container  full\"><div class=\"element images\"><div class=\"image\"><img decoding=\"async\" src=\"https:\/\/www.campinglacauxoiseaux.fr\/wp-content\/uploads\/2020\/09\/Aveyron-village-ancien-100x68.jpg\" data-src=\"https:\/\/www.campinglacauxoiseaux.fr\/wp-content\/uploads\/2020\/09\/Aveyron-village-ancien.jpg\" alt=\"Aveyron village ancien\" class=\"images_image\" \/><\/div><div class=\"image\"><img decoding=\"async\" src=\"https:\/\/www.campinglacauxoiseaux.fr\/wp-content\/uploads\/2020\/09\/prairie-aveyron-100x68.jpg\" data-src=\"https:\/\/www.campinglacauxoiseaux.fr\/wp-content\/uploads\/2020\/09\/prairie-aveyron.jpg\" alt=\"prairie aveyron\" class=\"images_image\" \/><\/div><div class=\"image\"><img decoding=\"async\" src=\"https:\/\/www.campinglacauxoiseaux.fr\/wp-content\/uploads\/2020\/09\/Fond-larzac-100x68.jpg\" data-src=\"https:\/\/www.campinglacauxoiseaux.fr\/wp-content\/uploads\/2020\/09\/Fond-larzac.jpg\" alt=\"paysage larzac\" class=\"images_image\" \/><\/div><div class=\"image\"><img decoding=\"async\" src=\"https:\/\/www.campinglacauxoiseaux.fr\/wp-content\/uploads\/2020\/09\/Aveyron-paysage-champ-100x68.jpg\" data-src=\"https:\/\/www.campinglacauxoiseaux.fr\/wp-content\/uploads\/2020\/09\/Aveyron-paysage-champ.jpg\" alt=\"Aveyron paysage champs\" class=\"images_image\" \/><\/div><\/div><\/div><\/section>\n\n<section id=\"section-5f6cb969986bf\"\" class=\"section moz-img bg-white p-t-0 p-b-0\" \/><div class=\"container  full\"><div class=\"colonnes-wrap valign-middle \"><div class=\"element colonne w-50 p-0\"><div class=\"element images\"><div class=\"image\"><img decoding=\"async\" src=\"https:\/\/www.campinglacauxoiseaux.fr\/wp-content\/uploads\/2020\/09\/Aveyron-village-100x68.jpg\" data-src=\"https:\/\/www.campinglacauxoiseaux.fr\/wp-content\/uploads\/2020\/09\/Aveyron-village.jpg\" alt=\"Aveyron village\" class=\"images_image\" \/><\/div><div class=\"image\"><img decoding=\"async\" src=\"https:\/\/www.campinglacauxoiseaux.fr\/wp-content\/uploads\/2020\/09\/chateau-brouillard-100x68.jpg\" data-src=\"https:\/\/www.campinglacauxoiseaux.fr\/wp-content\/uploads\/2020\/09\/chateau-brouillard.jpg\" alt=\"chateau brouillard\" class=\"images_image\" \/><\/div><\/div><div class=\"element images\"><div class=\"image\"><img decoding=\"async\" src=\"https:\/\/www.campinglacauxoiseaux.fr\/wp-content\/uploads\/2020\/09\/Aveyron-maison-chemin-100x68.jpg\" data-src=\"https:\/\/www.campinglacauxoiseaux.fr\/wp-content\/uploads\/2020\/09\/Aveyron-maison-chemin.jpg\" alt=\"Aveyron maison chemin\" class=\"images_image\" \/><\/div><div class=\"image\"><img decoding=\"async\" src=\"https:\/\/www.campinglacauxoiseaux.fr\/wp-content\/uploads\/2020\/09\/conques-village-100x68.jpg\" data-src=\"https:\/\/www.campinglacauxoiseaux.fr\/wp-content\/uploads\/2020\/09\/conques-village.jpg\" alt=\"conques village\" class=\"images_image\" \/><\/div><\/div><\/div><div class=\"element colonne p-4\"><h2 class=\"element section-title left\">El Aveyron en autocaravana<\/h2><div class=\"element bloc-text justify p-x-2\">\n\t<p>Con sus <strong class=\"bold color1\">grandes espacios naturales<\/strong> y sus <strong class=\"bold color1\">peque\u00f1as ciudades medievales<\/strong> por descubrir, el Aveyron es una zona que se presta particularmente bien a un descubrimiento en autocaravana.<br \/>\nDe esta manera se pueden cubrir grandes distancias durante las vacaciones itinerantes, a trav\u00e9s de paisajes de inmensa variedad.<br \/>\nLos valles y las altas mesetas forman un relieve muy transitable para autocaravanas y furgonetas convertidas.<br \/>\nDesde Sainte-Eulalie-d&#8217;Olt hasta Belcastel, pasando por el viaducto de Millau, Najac o Conques, no faltan los lugares de visita obligada cuando se cruza el Aveyron en una caravana.<br \/>\nHay muchas ideas para que los recorridos tem\u00e1ticos se hagan en autocaravana:<\/p>\n<ul>\n<li>una experiencia gastron\u00f3mica entre aligotes, roquefort, quesos de Larzac y embutidos; un itinerario siguiendo los caminos de Compostela.<\/li>\n<li>un recorrido por los pueblos medievales y las ciudades etiquetadas.<\/li>\n<li>o el circuito de los <strong class=\"bold color1\">sitios hist\u00f3ricos<\/strong> marcados por los Templarios.<\/li>\n<\/ul>\n<p>El Aveyron en autocaravana es la promesa de vacaciones de <strong class=\"bold color1\">naturaleza plena<\/strong> y el descubrimiento de una tierra de infinita riqueza.<br \/>\nSi se va con su familia, su veh\u00edculo completamente equipado le llevar\u00e1 a sitios emocionantes que tambi\u00e9n son adecuados para los ni\u00f1os, como la ciudad de los insectos de Micropolis o el reptilario de Larzac.<br \/>\nLos entusiastas de los deportes al aire libre y <strong class=\"bold color1\">actividades sensacionales<\/strong> detendr\u00e1n su autocaravana cerca de los m\u00e1s bellos lugares de escalada, sitios de parapente, o salidas de senderismo.<\/p>\n<\/div><\/div><\/div><\/div><\/section>\n\n<section id=\"section-5f71afa123c72\"\" class=\"section bg-color5\" \/><div class=\"container  extralarge\"><div class=\"colonnes-wrap valign-middle \"><div class=\"element colonne w-60\"><h2 class=\"element section-title center p-x-4 m-t-4 color3\">Itinerarios de autocaravanas en Aveyron(12)<\/h2><div class=\"element bloc-text justify p-x-2 p-y-2\">\n\t<ul>\n<li>Villefranche-de-Rouergue, <strong class=\"bold color1\">bastide ineficaz del Suroeste<\/strong>, que no se puede perder durante su viaje en autocaravana: el jueves por la ma\u00f1ana, un famoso mercado anima el coraz\u00f3n de la ciudad. Una bastida catalogada como \u00abGrand Site de Midi-Pyr\u00e9n\u00e9es et Pays d&#8217;Art et d&#8217;Histoire\u00bb por la riqueza de su patrimonio construido, su entorno preservado y su generosa cultura.  <\/li>\n<li>Rodez: no dejes de ir a Rodez cuando visites el Aveyron en autocaravana. Numerosos aparcamientos permiten aparcar durante el d\u00eda para visitar la ciudad. No hay que perderse, el museo de <strong class=\"bold color1\">Soulages<\/strong>, el centro hist\u00f3rico, as\u00ed como la catedral Notre-Dame de Rodez.<\/li>\n<li>Millau: trabajo de todos los registros, el <strong class=\"bold color1\">viaducto de Millau<\/strong> no puede escapar a su descubrimiento del Aveyron! Aparque su autocaravana en el pueblo de Peyre para admirarla desde lejos, o det\u00e9ngase en la zona del viaducto para visitar la museograf\u00eda de la compa\u00f1\u00eda Eiffage. Luego dir\u00edjase a la ciudad de Millau, una ciudad de guantes con un muy rico patrimonio arquitect\u00f3nico medieval y cl\u00e1sico.  <\/li>\n<li>Najac : a las puertas de las <strong class=\"bold color1\">gargantas salvajes<\/strong> del Aveyron, Najac es un pueblo medieval dominado por una impresionante fortaleza. Una parada obligatoria en cualquier visita al Aveyron en camioneta, la ciudad promete una emocionante parada entre la historia y la naturaleza.<\/li>\n<li>Belcastel: una etapa clasificada entre los <strong class=\"bold color1\">Los pueblos m\u00e1s bellos de Francia<\/strong>. No dude en aparcar su autocaravana a las puertas de la ciudad para visitar la Maison de la Forge, el castillo o la iglesia Sainte-Madeleine.<\/li>\n<\/ul>\n<\/div><\/div><div class=\"element colonne p-0 w-40\"><div class=\"element images\"><div class=\"image\"><img decoding=\"async\" src=\"https:\/\/www.campinglacauxoiseaux.fr\/wp-content\/uploads\/2020\/09\/Najac-village-85x100.jpg\" data-src=\"https:\/\/www.campinglacauxoiseaux.fr\/wp-content\/uploads\/2020\/09\/Najac-village.jpg\" alt=\"Najac-village\" class=\"images_image\" \/><\/div><\/div><\/div><\/div><\/div><\/section>\n\n<section id=\"section-5f71afa123ed8\"\" class=\"section bg-white p-t-0\" \/><div class=\"container  full\"><div class=\"carte\" data-src=\"https:\/\/www.google.com\/maps\/embed?pb=!1m42!1m8!1m3!1d307449.6726942326!2d2.2754551944599455!3d44.2808184493178!3m2!1i1024!2i768!4f13.1!4m31!3e0!4m5!1s0x12adb0122e4f1ddd%3A0xbef6d72b530e68e7!2sNajac!3m2!1d44.21953!2d1.9784249999999999!4m5!1s0x12ada700dfbe37cb%3A0x406f69c2f4305e0!2sVillefranche-de-Rouergue%2C%2012200!3m2!1d44.349745999999996!2d2.035381!4m5!1s0x12ad78431f66a605%3A0x406f69c2f431710!2sBelcastel%2C%2012390!3m2!1d44.387443999999995!2d2.334556!4m5!1s0x12b27d9845b9e425%3A0xaf5750dcd0f72c39!2sRodez!3m2!1d44.349388999999995!2d2.575986!4m5!1s0x12b24b18165ef7ad%3A0x17c98264a534fc3e!2sMillau%2C%2012100!3m2!1d44.100575!2d3.077801!5e0!3m2!1sfr!2sfr!4v1601284022326!5m2!1sfr!2sfr\"><\/div><\/div><\/section>\n\n<section id=\"section-5f6cb96998af5\"\" class=\"section bg-white\" \/><div class=\"container  extralarge\"><div class=\"element section-title center cta-title\">Nuestros alquileres y lanzamientos en Aveyron<\/div><ul class=\"liste-de-page\"><li class=\"element call-to-action  call-to-action--style-1 call-to-action--normal\"><a href=\"https:\/\/www.campinglacauxoiseaux.fr\/es\/alquiler-de-mobil-homes-aveyron\/\"  class=\"call-to-action_link\" title=\"Aprende m\u00e1s sobre nuestros alquileres\"><div class=\"call-to-action_image\"><img decoding=\"async\" src=\"https:\/\/www.campinglacauxoiseaux.fr\/wp-content\/uploads\/2020\/09\/Mobil-home-exterieur-camping-100x56.jpg\" data-src=\"https:\/\/www.campinglacauxoiseaux.fr\/wp-content\/uploads\/2020\/09\/Mobil-home-exterieur-camping.jpg\" alt=\"Mobil home ext\u00e8rieur camping\" class=\"normal\" \/><\/div><div class=\"call-to-action_contenu\"><div class=\"call-to-action_titre\">Nuestros alquileres<\/div><\/div><\/a><\/li><li class=\"element call-to-action  call-to-action--style-1 call-to-action--normal call-to-action--style-1 call-to-action--normal\"><a href=\"https:\/\/www.campinglacauxoiseaux.fr\/es\/parcelas-de-camping-aveyron\/\"  class=\"call-to-action_link\" title=\"Aprende m\u00e1s sobre nuestros lanzamientos\"><div class=\"call-to-action_image\"><img decoding=\"async\" src=\"https:\/\/www.campinglacauxoiseaux.fr\/wp-content\/uploads\/2020\/10\/emplacement-aveyron-100x56.jpg\" data-src=\"https:\/\/www.campinglacauxoiseaux.fr\/wp-content\/uploads\/2020\/10\/emplacement-aveyron.jpg\" alt=\"emplacement aveyron\" class=\"normal\" \/><\/div><div class=\"call-to-action_contenu\"><div class=\"call-to-action_titre\">Nuestros lanzamientos<\/div><\/div><\/a><\/li><li class=\"element call-to-action  call-to-action--style-1 call-to-action--normal call-to-action--style-1 call-to-action--normal call-to-action--style-1 call-to-action--normal\"><a href=\"https:\/\/www.campinglacauxoiseaux.fr\/es\/camping-barato-aveyron\/\"  class=\"call-to-action_link\" title=\"Aprende m\u00e1s sobre nuestras tarifas\"><div class=\"call-to-action_image\"><img decoding=\"async\" src=\"https:\/\/www.campinglacauxoiseaux.fr\/wp-content\/uploads\/2020\/10\/tarifs-location-aveyron-100x56.jpg\" data-src=\"https:\/\/www.campinglacauxoiseaux.fr\/wp-content\/uploads\/2020\/10\/tarifs-location-aveyron.jpg\" alt=\"tarifs location aveyron\" class=\"normal\" \/><\/div><div class=\"call-to-action_contenu\"><div class=\"call-to-action_titre\">Nuestras tarifas<\/div><\/div><\/a><\/li><\/ul><\/div><\/section>","protected":false},"excerpt":{"rendered":"","protected":false},"author":1,"featured_media":8940,"parent":0,"menu_order":0,"comment_status":"closed","ping_status":"closed","template":"","meta":{"footnotes":""},"class_list":["post-8185","page","type-page","status-publish","has-post-thumbnail","hentry"],"acf":[],"yoast_head":"<!-- This site is optimized with the Yoast SEO plugin v23.4 - https:\/\/yoast.com\/wordpress\/plugins\/seo\/ -->\n<title>Autocaravana del Aveyron | Zona de autocaravanas | Aveyron en autocaravana<\/title>\n<meta name=\"robots\" content=\"index, follow, max-snippet:-1, max-image-preview:large, max-video-preview:-1\" \/>\n<link rel=\"canonical\" href=\"https:\/\/www.campinglacauxoiseaux.fr\/es\/camioneta-aveyron\/\" \/>\n<meta property=\"og:locale\" content=\"es_ES\" \/>\n<meta property=\"og:type\" content=\"article\" \/>\n<meta property=\"og:title\" content=\"Autocaravana del Aveyron | Zona de autocaravanas | Aveyron en autocaravana\" \/>\n<meta property=\"og:url\" content=\"https:\/\/www.campinglacauxoiseaux.fr\/es\/camioneta-aveyron\/\" \/>\n<meta property=\"og:site_name\" content=\"Camping Lac aux Oiseaux\" \/>\n<meta property=\"article:modified_time\" content=\"2020-11-03T10:49:00+00:00\" \/>\n<meta property=\"og:image\" content=\"https:\/\/www.campinglacauxoiseaux.fr\/wp-content\/uploads\/2021\/02\/emplacement-camping-car-aveyron.jpeg\" \/>\n\t<meta property=\"og:image:width\" content=\"1903\" \/>\n\t<meta property=\"og:image:height\" content=\"550\" \/>\n\t<meta property=\"og:image:type\" content=\"image\/jpeg\" \/>\n<meta name=\"twitter:card\" content=\"summary_large_image\" \/>\n<script type=\"application\/ld+json\" class=\"yoast-schema-graph\">{\"@context\":\"https:\/\/schema.org\",\"@graph\":[{\"@type\":\"WebPage\",\"@id\":\"https:\/\/www.campinglacauxoiseaux.fr\/es\/camioneta-aveyron\/\",\"url\":\"https:\/\/www.campinglacauxoiseaux.fr\/es\/camioneta-aveyron\/\",\"name\":\"Autocaravana del Aveyron | Zona de autocaravanas | Aveyron en autocaravana\",\"isPartOf\":{\"@id\":\"https:\/\/www.campinglacauxoiseaux.fr\/es\/#website\"},\"primaryImageOfPage\":{\"@id\":\"https:\/\/www.campinglacauxoiseaux.fr\/es\/camioneta-aveyron\/#primaryimage\"},\"image\":{\"@id\":\"https:\/\/www.campinglacauxoiseaux.fr\/es\/camioneta-aveyron\/#primaryimage\"},\"thumbnailUrl\":\"https:\/\/www.campinglacauxoiseaux.fr\/wp-content\/uploads\/2021\/02\/emplacement-camping-car-aveyron.jpeg\",\"datePublished\":\"2019-12-12T15:42:47+00:00\",\"dateModified\":\"2020-11-03T10:49:00+00:00\",\"breadcrumb\":{\"@id\":\"https:\/\/www.campinglacauxoiseaux.fr\/es\/camioneta-aveyron\/#breadcrumb\"},\"inLanguage\":\"es\",\"potentialAction\":[{\"@type\":\"ReadAction\",\"target\":[\"https:\/\/www.campinglacauxoiseaux.fr\/es\/camioneta-aveyron\/\"]}]},{\"@type\":\"ImageObject\",\"inLanguage\":\"es\",\"@id\":\"https:\/\/www.campinglacauxoiseaux.fr\/es\/camioneta-aveyron\/#primaryimage\",\"url\":\"https:\/\/www.campinglacauxoiseaux.fr\/wp-content\/uploads\/2021\/02\/emplacement-camping-car-aveyron.jpeg\",\"contentUrl\":\"https:\/\/www.campinglacauxoiseaux.fr\/wp-content\/uploads\/2021\/02\/emplacement-camping-car-aveyron.jpeg\",\"width\":1903,\"height\":550,\"caption\":\"emplacement camping-car Aveyron\"},{\"@type\":\"BreadcrumbList\",\"@id\":\"https:\/\/www.campinglacauxoiseaux.fr\/es\/camioneta-aveyron\/#breadcrumb\",\"itemListElement\":[{\"@type\":\"ListItem\",\"position\":1,\"name\":\"Camping Aveyron\",\"item\":\"https:\/\/www.campinglacauxoiseaux.fr\/es\/\"},{\"@type\":\"ListItem\",\"position\":2,\"name\":\"Aveyron en autocaravana\"}]},{\"@type\":\"WebSite\",\"@id\":\"https:\/\/www.campinglacauxoiseaux.fr\/es\/#website\",\"url\":\"https:\/\/www.campinglacauxoiseaux.fr\/es\/\",\"name\":\"Camping Lac aux Oiseaux\",\"description\":\"\",\"potentialAction\":[{\"@type\":\"SearchAction\",\"target\":{\"@type\":\"EntryPoint\",\"urlTemplate\":\"https:\/\/www.campinglacauxoiseaux.fr\/es\/?s={search_term_string}\"},\"query-input\":{\"@type\":\"PropertyValueSpecification\",\"valueRequired\":true,\"valueName\":\"search_term_string\"}}],\"inLanguage\":\"es\"}]}<\/script>\n<!-- \/ Yoast SEO plugin. -->","yoast_head_json":{"title":"Autocaravana del Aveyron | Zona de autocaravanas | Aveyron en autocaravana","robots":{"index":"index","follow":"follow","max-snippet":"max-snippet:-1","max-image-preview":"max-image-preview:large","max-video-preview":"max-video-preview:-1"},"canonical":"https:\/\/www.campinglacauxoiseaux.fr\/es\/camioneta-aveyron\/","og_locale":"es_ES","og_type":"article","og_title":"Autocaravana del Aveyron | Zona de autocaravanas | Aveyron en autocaravana","og_url":"https:\/\/www.campinglacauxoiseaux.fr\/es\/camioneta-aveyron\/","og_site_name":"Camping Lac aux Oiseaux","article_modified_time":"2020-11-03T10:49:00+00:00","og_image":[{"width":1903,"height":550,"url":"https:\/\/www.campinglacauxoiseaux.fr\/wp-content\/uploads\/2021\/02\/emplacement-camping-car-aveyron.jpeg","type":"image\/jpeg"}],"twitter_card":"summary_large_image","schema":{"@context":"https:\/\/schema.org","@graph":[{"@type":"WebPage","@id":"https:\/\/www.campinglacauxoiseaux.fr\/es\/camioneta-aveyron\/","url":"https:\/\/www.campinglacauxoiseaux.fr\/es\/camioneta-aveyron\/","name":"Autocaravana del Aveyron | Zona de autocaravanas | Aveyron en autocaravana","isPartOf":{"@id":"https:\/\/www.campinglacauxoiseaux.fr\/es\/#website"},"primaryImageOfPage":{"@id":"https:\/\/www.campinglacauxoiseaux.fr\/es\/camioneta-aveyron\/#primaryimage"},"image":{"@id":"https:\/\/www.campinglacauxoiseaux.fr\/es\/camioneta-aveyron\/#primaryimage"},"thumbnailUrl":"https:\/\/www.campinglacauxoiseaux.fr\/wp-content\/uploads\/2021\/02\/emplacement-camping-car-aveyron.jpeg","datePublished":"2019-12-12T15:42:47+00:00","dateModified":"2020-11-03T10:49:00+00:00","breadcrumb":{"@id":"https:\/\/www.campinglacauxoiseaux.fr\/es\/camioneta-aveyron\/#breadcrumb"},"inLanguage":"es","potentialAction":[{"@type":"ReadAction","target":["https:\/\/www.campinglacauxoiseaux.fr\/es\/camioneta-aveyron\/"]}]},{"@type":"ImageObject","inLanguage":"es","@id":"https:\/\/www.campinglacauxoiseaux.fr\/es\/camioneta-aveyron\/#primaryimage","url":"https:\/\/www.campinglacauxoiseaux.fr\/wp-content\/uploads\/2021\/02\/emplacement-camping-car-aveyron.jpeg","contentUrl":"https:\/\/www.campinglacauxoiseaux.fr\/wp-content\/uploads\/2021\/02\/emplacement-camping-car-aveyron.jpeg","width":1903,"height":550,"caption":"emplacement camping-car Aveyron"},{"@type":"BreadcrumbList","@id":"https:\/\/www.campinglacauxoiseaux.fr\/es\/camioneta-aveyron\/#breadcrumb","itemListElement":[{"@type":"ListItem","position":1,"name":"Camping Aveyron","item":"https:\/\/www.campinglacauxoiseaux.fr\/es\/"},{"@type":"ListItem","position":2,"name":"Aveyron en autocaravana"}]},{"@type":"WebSite","@id":"https:\/\/www.campinglacauxoiseaux.fr\/es\/#website","url":"https:\/\/www.campinglacauxoiseaux.fr\/es\/","name":"Camping Lac aux Oiseaux","description":"","potentialAction":[{"@type":"SearchAction","target":{"@type":"EntryPoint","urlTemplate":"https:\/\/www.campinglacauxoiseaux.fr\/es\/?s={search_term_string}"},"query-input":{"@type":"PropertyValueSpecification","valueRequired":true,"valueName":"search_term_string"}}],"inLanguage":"es"}]}},"_links":{"self":[{"href":"https:\/\/www.campinglacauxoiseaux.fr\/es\/wp-json\/wp\/v2\/pages\/8185"}],"collection":[{"href":"https:\/\/www.campinglacauxoiseaux.fr\/es\/wp-json\/wp\/v2\/pages"}],"about":[{"href":"https:\/\/www.campinglacauxoiseaux.fr\/es\/wp-json\/wp\/v2\/types\/page"}],"author":[{"embeddable":true,"href":"https:\/\/www.campinglacauxoiseaux.fr\/es\/wp-json\/wp\/v2\/users\/1"}],"replies":[{"embeddable":true,"href":"https:\/\/www.campinglacauxoiseaux.fr\/es\/wp-json\/wp\/v2\/comments?post=8185"}],"version-history":[{"count":4,"href":"https:\/\/www.campinglacauxoiseaux.fr\/es\/wp-json\/wp\/v2\/pages\/8185\/revisions"}],"predecessor-version":[{"id":8326,"href":"https:\/\/www.campinglacauxoiseaux.fr\/es\/wp-json\/wp\/v2\/pages\/8185\/revisions\/8326"}],"wp:featuredmedia":[{"embeddable":true,"href":"https:\/\/www.campinglacauxoiseaux.fr\/es\/wp-json\/wp\/v2\/media\/8940"}],"wp:attachment":[{"href":"https:\/\/www.campinglacauxoiseaux.fr\/es\/wp-json\/wp\/v2\/media?parent=8185"}],"curies":[{"name":"wp","href":"https:\/\/api.w.org\/{rel}","templated":true}]}}