{"id":8074,"date":"2018-01-05T16:44:25","date_gmt":"2018-01-05T15:44:25","guid":{"rendered":"https:\/\/www.campinglacauxoiseaux.fr\/camping-martiel\/"},"modified":"2020-11-03T12:07:12","modified_gmt":"2020-11-03T11:07:12","slug":"turismo-martiel","status":"publish","type":"page","link":"https:\/\/www.campinglacauxoiseaux.fr\/es\/turismo-martiel\/","title":{"rendered":"Tourisme Martiel"},"content":{"rendered":"<section id=\"section-5f6cb969979eb\"\" class=\"section bg-white p-b-0\" \/><div class=\"container  extralarge\"><h1 class=\"element section-title center\">Turismo Martiel<\/h1><\/div><\/section>\n\n<section id=\"section-5f6cb96997e3d\"\" class=\"section bg-white\" \/><div class=\"container  extralarge\"><div class=\"colonnes-wrap valign-middle \"><div class=\"element colonne p-0 w-40\"><div class=\"element images\"><div class=\"image\"><img decoding=\"async\" src=\"https:\/\/www.campinglacauxoiseaux.fr\/wp-content\/uploads\/2020\/09\/Abbaye-Loc-de-Dieu-Martiel-85x100.jpg\" data-src=\"https:\/\/www.campinglacauxoiseaux.fr\/wp-content\/uploads\/2020\/09\/Abbaye-Loc-de-Dieu-Martiel.jpg\" alt=\"Abbaye Loc de Dieu Martiel\" class=\"images_image\" \/><\/div><\/div><\/div><div class=\"element colonne w-60\"><h2 class=\"element section-title center p-x-4 m-t-4\">Descubre a Martiel<\/h2><div class=\"element bloc-text justify p-x-4 p-y-2\">\n\t<p>Entre Villefranche de Rouergue y Cahors, aqu\u00ed est\u00e1 Martiel, uno de los \u00faltimos pueblos del Aveyron, antes de llegar al departamento vecino, el Lot.<br \/>\nEn la encrucijada de Rouergue y Quercy, esta comuna rural del interior de Occitania de unos 1.000 habitantes tiene un rico patrimonio hist\u00f3rico. <\/p>\n<p>Por supuesto, la abad\u00eda fortificada de Loc Dieu merece una visita durante sus vacaciones. Fundada por 13 monjes a principios del siglo XII y clasificada como monumento hist\u00f3rico, esta abad\u00eda cisterciense combina elementos rom\u00e1nicos y g\u00f3ticos. La fortificaci\u00f3n de los edificios reservados a los monjes en el siglo XV le da el aspecto de un castillo fortificado. Como residencia privada, tiene un magn\u00edfico parque rom\u00e1ntico, bastante inesperado en estas tierras de Causse. Est\u00e1 abierto al p\u00fablico en todas las estaciones (2 euros por persona). Podr\u00e1n caminar en el coraz\u00f3n de un entorno verde, alrededor del lago, en el que ver\u00e1n el reflejo de la abad\u00eda. Tambi\u00e9n se organizan conciertos en la iglesia de la abad\u00eda del siglo XII, en verano. Pregunte en la recepci\u00f3n para saber m\u00e1s sobre los eventos organizados en la abad\u00eda durante el per\u00edodo de verano. <\/p>\n<\/div><\/div><\/div><\/div><\/section>\n\n<section id=\"section-5f6cb969986bf\"\" class=\"section moz-img bg-color5 p-t-0 p-b-0\" \/><div class=\"container  full\"><div class=\"colonnes-wrap valign-middle \"><div class=\"element colonne w-50 p-0\"><div class=\"element images\"><div class=\"image\"><img decoding=\"async\" src=\"https:\/\/www.campinglacauxoiseaux.fr\/wp-content\/uploads\/2020\/09\/Mairie-de-Martiel-100x68.jpg\" data-src=\"https:\/\/www.campinglacauxoiseaux.fr\/wp-content\/uploads\/2020\/09\/Mairie-de-Martiel.jpg\" alt=\"Mairie de Martiel\" class=\"images_image\" \/><\/div><div class=\"image\"><img decoding=\"async\" src=\"https:\/\/www.campinglacauxoiseaux.fr\/wp-content\/uploads\/2020\/09\/Dolmen-du-Bois-de-Galtier-100x68.jpg\" data-src=\"https:\/\/www.campinglacauxoiseaux.fr\/wp-content\/uploads\/2020\/09\/Dolmen-du-Bois-de-Galtier.jpg\" alt=\"Dolmen du Bois de Galtier\" class=\"images_image\" \/><\/div><\/div><div class=\"element images\"><div class=\"image\"><img decoding=\"async\" src=\"https:\/\/www.campinglacauxoiseaux.fr\/wp-content\/uploads\/2020\/09\/Abbaye-de-Loc-Dieu-1-100x68.jpg\" data-src=\"https:\/\/www.campinglacauxoiseaux.fr\/wp-content\/uploads\/2020\/09\/Abbaye-de-Loc-Dieu-1.jpg\" alt=\"Abbaye de Loc Dieu\" class=\"images_image\" \/><\/div><div class=\"image\"><img decoding=\"async\" src=\"https:\/\/www.campinglacauxoiseaux.fr\/wp-content\/uploads\/2020\/09\/Eglise-de-Martiel-100x68.jpg\" data-src=\"https:\/\/www.campinglacauxoiseaux.fr\/wp-content\/uploads\/2020\/09\/Eglise-de-Martiel.jpg\" alt=\"Eglise de Martiel\" class=\"images_image\" \/><\/div><\/div><\/div><div class=\"element colonne p-4\"><h2 class=\"element section-title left\">Martiel, ciudad hist\u00f3rica<\/h2><div class=\"element bloc-text justify p-x-2\">\n\t<p>Un total de <strong class=\"bold color1\">55 d\u00f3lmenes<\/strong> fueron contados en los bosques de Margues y clasificados como Monumentos Hist\u00f3ricos en el siglo XIX: Dolmen de Marie-Gaillard, Dolmen du Bois de Galtier, Dolmen du Dev\u00e8s des Gleyettes, Dolmen du Bois del Rey&#8230; La <strong class=\"bold color1\"> caminata <\/strong> (circuito de 8,5 km en bucle de unas 3 horas) permite descubrir los m\u00e1s importantes, pero hay otros diseminados por toda la ciudad. <\/p>\n<p>Una de las <strong class=\"bold color1\"> asociaciones de Martiel<\/strong> (Asociaci\u00f3n para la Protecci\u00f3n del Patrimonio Cultural y Natural de Martiel creada en 1979) es muy activa: produce documentos sobre la historia del pueblo y propone circuitos balizados, para descubrir el <strong class=\"bold color1\">patrimonio local<\/strong>. \u00bfLe interesan estas visitas? Acomp\u00e1\u00f1enos a la recepci\u00f3n del camping, donde le daremos la informaci\u00f3n necesaria. <\/p>\n<p>\u00bfTe gusta caminar? Adem\u00e1s del circuito de los D\u00f3lmenes, puedes hacer otros hermosos paseos por la ciudad: <\/p>\n<ul>\n<li><strong class=\"bold color1\">Pozos y fuentes de excursi\u00f3n<\/strong> (7 km, 3 horas)<\/li>\n<li><strong class=\"bold color1\">Caminando desde Elbes<\/strong> a Lenque (7,5 km, 3 horas)<\/li>\n<\/div><\/div><\/div><\/div><\/section>\n\n<section id=\"section-5f6cb96998af5\"\" class=\"section bg-white\" \/><div class=\"container  extralarge\"><div class=\"element section-title center cta-title\">D\u00e9couvrez les alentours de Martiel<\/div><ul class=\"liste-de-page\"><li class=\"element call-to-action  call-to-action--style-1 call-to-action--normal\"><a href=\"https:\/\/www.campinglacauxoiseaux.fr\/es\/campamento-aveyron\/camping-najac\/\"  class=\"call-to-action_link\" title=\"Aprende m\u00e1s sobre najac\"><div class=\"call-to-action_image\"><img decoding=\"async\" src=\"https:\/\/www.campinglacauxoiseaux.fr\/wp-content\/uploads\/2020\/08\/camping-najac-100x68.jpg\" data-src=\"https:\/\/www.campinglacauxoiseaux.fr\/wp-content\/uploads\/2020\/08\/camping-najac.jpg\" alt=\"camping najac\" class=\"normal\" \/><\/div><div class=\"call-to-action_contenu\"><div class=\"call-to-action_titre\">Najac<\/div><\/div><\/a><\/li><li class=\"element call-to-action  call-to-action--style-1 call-to-action--normal call-to-action--style-1 call-to-action--normal\"><a href=\"https:\/\/www.campinglacauxoiseaux.fr\/es\/campamento-aveyron\/turismo-rodez\/\"  class=\"call-to-action_link\" title=\"Aprende m\u00e1s sobre rodez\"><div class=\"call-to-action_image\"><img decoding=\"async\" src=\"https:\/\/www.campinglacauxoiseaux.fr\/wp-content\/uploads\/2020\/08\/camping-rodez-100x68.jpg\" data-src=\"https:\/\/www.campinglacauxoiseaux.fr\/wp-content\/uploads\/2020\/08\/camping-rodez.jpg\" alt=\"camping rodez\" class=\"normal\" \/><\/div><div class=\"call-to-action_contenu\"><div class=\"call-to-action_titre\">Rodez<\/div><\/div><\/a><\/li><li class=\"element call-to-action  call-to-action--style-1 call-to-action--normal call-to-action--style-1 call-to-action--normal call-to-action--style-1 call-to-action--normal\"><a href=\"https:\/\/www.campinglacauxoiseaux.fr\/es\/campamento-aveyron\/acampando-villefranche-de-rouergue\/\"  class=\"call-to-action_link\" title=\"Aprende m\u00e1s sobre villefranche-de-rouergue\"><div class=\"call-to-action_image\"><img decoding=\"async\" src=\"https:\/\/www.campinglacauxoiseaux.fr\/wp-content\/uploads\/2020\/08\/camping-villefranche-de-rouergue-100x68.jpg\" data-src=\"https:\/\/www.campinglacauxoiseaux.fr\/wp-content\/uploads\/2020\/08\/camping-villefranche-de-rouergue.jpg\" alt=\"camping villefranche-de-rouergue\" class=\"normal\" \/><\/div><div class=\"call-to-action_contenu\"><div class=\"call-to-action_titre\">Villefranche-de-Rouergue<\/div><\/div><\/a><\/li><\/ul><\/div><\/section>","protected":false},"excerpt":{"rendered":"","protected":false},"author":1,"featured_media":7193,"parent":0,"menu_order":0,"comment_status":"closed","ping_status":"closed","template":"","meta":{"footnotes":""},"class_list":["post-8074","page","type-page","status-publish","has-post-thumbnail","hentry"],"acf":[],"yoast_head":"<!-- This site is optimized with the Yoast SEO plugin v23.4 - https:\/\/yoast.com\/wordpress\/plugins\/seo\/ -->\n<title>Turismo Martiel | \u00bfQu\u00e9 ver, qu\u00e9 hacer en Martiel en Aveyron? (12200)<\/title>\n<meta name=\"description\" content=\"Descubrimiento de Martiel en Aveyron para sus pr\u00f3ximas vacaciones\" \/>\n<meta name=\"robots\" content=\"index, follow, max-snippet:-1, max-image-preview:large, max-video-preview:-1\" \/>\n<link rel=\"canonical\" href=\"https:\/\/www.campinglacauxoiseaux.fr\/es\/turismo-martiel\/\" \/>\n<meta property=\"og:locale\" content=\"es_ES\" \/>\n<meta property=\"og:type\" content=\"article\" \/>\n<meta property=\"og:title\" content=\"Turismo Martiel | \u00bfQu\u00e9 ver, qu\u00e9 hacer en Martiel en Aveyron? (12200)\" \/>\n<meta property=\"og:description\" content=\"Descubrimiento de Martiel en Aveyron para sus pr\u00f3ximas vacaciones\" \/>\n<meta property=\"og:url\" content=\"https:\/\/www.campinglacauxoiseaux.fr\/es\/turismo-martiel\/\" \/>\n<meta property=\"og:site_name\" content=\"Camping Lac aux Oiseaux\" \/>\n<meta property=\"article:modified_time\" content=\"2020-11-03T11:07:12+00:00\" \/>\n<meta property=\"og:image\" content=\"https:\/\/www.campinglacauxoiseaux.fr\/wp-content\/uploads\/2020\/10\/camping-martiel.jpg\" \/>\n\t<meta property=\"og:image:width\" content=\"1903\" \/>\n\t<meta property=\"og:image:height\" content=\"550\" \/>\n\t<meta property=\"og:image:type\" content=\"image\/jpeg\" \/>\n<meta name=\"twitter:card\" content=\"summary_large_image\" \/>\n<script type=\"application\/ld+json\" class=\"yoast-schema-graph\">{\"@context\":\"https:\/\/schema.org\",\"@graph\":[{\"@type\":\"WebPage\",\"@id\":\"https:\/\/www.campinglacauxoiseaux.fr\/es\/turismo-martiel\/\",\"url\":\"https:\/\/www.campinglacauxoiseaux.fr\/es\/turismo-martiel\/\",\"name\":\"Turismo Martiel | \u00bfQu\u00e9 ver, qu\u00e9 hacer en Martiel en Aveyron? (12200)\",\"isPartOf\":{\"@id\":\"https:\/\/www.campinglacauxoiseaux.fr\/es\/#website\"},\"primaryImageOfPage\":{\"@id\":\"https:\/\/www.campinglacauxoiseaux.fr\/es\/turismo-martiel\/#primaryimage\"},\"image\":{\"@id\":\"https:\/\/www.campinglacauxoiseaux.fr\/es\/turismo-martiel\/#primaryimage\"},\"thumbnailUrl\":\"https:\/\/www.campinglacauxoiseaux.fr\/wp-content\/uploads\/2020\/10\/camping-martiel.jpg\",\"datePublished\":\"2018-01-05T15:44:25+00:00\",\"dateModified\":\"2020-11-03T11:07:12+00:00\",\"description\":\"Descubrimiento de Martiel en Aveyron para sus pr\u00f3ximas vacaciones\",\"breadcrumb\":{\"@id\":\"https:\/\/www.campinglacauxoiseaux.fr\/es\/turismo-martiel\/#breadcrumb\"},\"inLanguage\":\"es\",\"potentialAction\":[{\"@type\":\"ReadAction\",\"target\":[\"https:\/\/www.campinglacauxoiseaux.fr\/es\/turismo-martiel\/\"]}]},{\"@type\":\"ImageObject\",\"inLanguage\":\"es\",\"@id\":\"https:\/\/www.campinglacauxoiseaux.fr\/es\/turismo-martiel\/#primaryimage\",\"url\":\"https:\/\/www.campinglacauxoiseaux.fr\/wp-content\/uploads\/2020\/10\/camping-martiel.jpg\",\"contentUrl\":\"https:\/\/www.campinglacauxoiseaux.fr\/wp-content\/uploads\/2020\/10\/camping-martiel.jpg\",\"width\":1903,\"height\":550,\"caption\":\"camping martiel\"},{\"@type\":\"BreadcrumbList\",\"@id\":\"https:\/\/www.campinglacauxoiseaux.fr\/es\/turismo-martiel\/#breadcrumb\",\"itemListElement\":[{\"@type\":\"ListItem\",\"position\":1,\"name\":\"Camping Aveyron\",\"item\":\"https:\/\/www.campinglacauxoiseaux.fr\/es\/\"},{\"@type\":\"ListItem\",\"position\":2,\"name\":\"Turismo en Martiel\"}]},{\"@type\":\"WebSite\",\"@id\":\"https:\/\/www.campinglacauxoiseaux.fr\/es\/#website\",\"url\":\"https:\/\/www.campinglacauxoiseaux.fr\/es\/\",\"name\":\"Camping Lac aux Oiseaux\",\"description\":\"\",\"potentialAction\":[{\"@type\":\"SearchAction\",\"target\":{\"@type\":\"EntryPoint\",\"urlTemplate\":\"https:\/\/www.campinglacauxoiseaux.fr\/es\/?s={search_term_string}\"},\"query-input\":{\"@type\":\"PropertyValueSpecification\",\"valueRequired\":true,\"valueName\":\"search_term_string\"}}],\"inLanguage\":\"es\"}]}<\/script>\n<!-- \/ Yoast SEO plugin. -->","yoast_head_json":{"title":"Turismo Martiel | \u00bfQu\u00e9 ver, qu\u00e9 hacer en Martiel en Aveyron? (12200)","description":"Descubrimiento de Martiel en Aveyron para sus pr\u00f3ximas vacaciones","robots":{"index":"index","follow":"follow","max-snippet":"max-snippet:-1","max-image-preview":"max-image-preview:large","max-video-preview":"max-video-preview:-1"},"canonical":"https:\/\/www.campinglacauxoiseaux.fr\/es\/turismo-martiel\/","og_locale":"es_ES","og_type":"article","og_title":"Turismo Martiel | \u00bfQu\u00e9 ver, qu\u00e9 hacer en Martiel en Aveyron? (12200)","og_description":"Descubrimiento de Martiel en Aveyron para sus pr\u00f3ximas vacaciones","og_url":"https:\/\/www.campinglacauxoiseaux.fr\/es\/turismo-martiel\/","og_site_name":"Camping Lac aux Oiseaux","article_modified_time":"2020-11-03T11:07:12+00:00","og_image":[{"width":1903,"height":550,"url":"https:\/\/www.campinglacauxoiseaux.fr\/wp-content\/uploads\/2020\/10\/camping-martiel.jpg","type":"image\/jpeg"}],"twitter_card":"summary_large_image","schema":{"@context":"https:\/\/schema.org","@graph":[{"@type":"WebPage","@id":"https:\/\/www.campinglacauxoiseaux.fr\/es\/turismo-martiel\/","url":"https:\/\/www.campinglacauxoiseaux.fr\/es\/turismo-martiel\/","name":"Turismo Martiel | \u00bfQu\u00e9 ver, qu\u00e9 hacer en Martiel en Aveyron? (12200)","isPartOf":{"@id":"https:\/\/www.campinglacauxoiseaux.fr\/es\/#website"},"primaryImageOfPage":{"@id":"https:\/\/www.campinglacauxoiseaux.fr\/es\/turismo-martiel\/#primaryimage"},"image":{"@id":"https:\/\/www.campinglacauxoiseaux.fr\/es\/turismo-martiel\/#primaryimage"},"thumbnailUrl":"https:\/\/www.campinglacauxoiseaux.fr\/wp-content\/uploads\/2020\/10\/camping-martiel.jpg","datePublished":"2018-01-05T15:44:25+00:00","dateModified":"2020-11-03T11:07:12+00:00","description":"Descubrimiento de Martiel en Aveyron para sus pr\u00f3ximas vacaciones","breadcrumb":{"@id":"https:\/\/www.campinglacauxoiseaux.fr\/es\/turismo-martiel\/#breadcrumb"},"inLanguage":"es","potentialAction":[{"@type":"ReadAction","target":["https:\/\/www.campinglacauxoiseaux.fr\/es\/turismo-martiel\/"]}]},{"@type":"ImageObject","inLanguage":"es","@id":"https:\/\/www.campinglacauxoiseaux.fr\/es\/turismo-martiel\/#primaryimage","url":"https:\/\/www.campinglacauxoiseaux.fr\/wp-content\/uploads\/2020\/10\/camping-martiel.jpg","contentUrl":"https:\/\/www.campinglacauxoiseaux.fr\/wp-content\/uploads\/2020\/10\/camping-martiel.jpg","width":1903,"height":550,"caption":"camping martiel"},{"@type":"BreadcrumbList","@id":"https:\/\/www.campinglacauxoiseaux.fr\/es\/turismo-martiel\/#breadcrumb","itemListElement":[{"@type":"ListItem","position":1,"name":"Camping Aveyron","item":"https:\/\/www.campinglacauxoiseaux.fr\/es\/"},{"@type":"ListItem","position":2,"name":"Turismo en Martiel"}]},{"@type":"WebSite","@id":"https:\/\/www.campinglacauxoiseaux.fr\/es\/#website","url":"https:\/\/www.campinglacauxoiseaux.fr\/es\/","name":"Camping Lac aux Oiseaux","description":"","potentialAction":[{"@type":"SearchAction","target":{"@type":"EntryPoint","urlTemplate":"https:\/\/www.campinglacauxoiseaux.fr\/es\/?s={search_term_string}"},"query-input":{"@type":"PropertyValueSpecification","valueRequired":true,"valueName":"search_term_string"}}],"inLanguage":"es"}]}},"_links":{"self":[{"href":"https:\/\/www.campinglacauxoiseaux.fr\/es\/wp-json\/wp\/v2\/pages\/8074"}],"collection":[{"href":"https:\/\/www.campinglacauxoiseaux.fr\/es\/wp-json\/wp\/v2\/pages"}],"about":[{"href":"https:\/\/www.campinglacauxoiseaux.fr\/es\/wp-json\/wp\/v2\/types\/page"}],"author":[{"embeddable":true,"href":"https:\/\/www.campinglacauxoiseaux.fr\/es\/wp-json\/wp\/v2\/users\/1"}],"replies":[{"embeddable":true,"href":"https:\/\/www.campinglacauxoiseaux.fr\/es\/wp-json\/wp\/v2\/comments?post=8074"}],"version-history":[{"count":4,"href":"https:\/\/www.campinglacauxoiseaux.fr\/es\/wp-json\/wp\/v2\/pages\/8074\/revisions"}],"predecessor-version":[{"id":8375,"href":"https:\/\/www.campinglacauxoiseaux.fr\/es\/wp-json\/wp\/v2\/pages\/8074\/revisions\/8375"}],"wp:featuredmedia":[{"embeddable":true,"href":"https:\/\/www.campinglacauxoiseaux.fr\/es\/wp-json\/wp\/v2\/media\/7193"}],"wp:attachment":[{"href":"https:\/\/www.campinglacauxoiseaux.fr\/es\/wp-json\/wp\/v2\/media?parent=8074"}],"curies":[{"name":"wp","href":"https:\/\/api.w.org\/{rel}","templated":true}]}}