{"id":4252,"date":"2020-08-13T15:47:11","date_gmt":"2020-08-13T13:47:11","guid":{"rendered":"https:\/\/www.campinglacauxoiseaux.fr\/accueil\/"},"modified":"2024-03-05T17:02:23","modified_gmt":"2024-03-05T16:02:23","slug":"accueil","status":"publish","type":"page","link":"https:\/\/www.campinglacauxoiseaux.fr\/es\/","title":{"rendered":"Accueil"},"content":{"rendered":"<section id=\"section-5f35445fbefce\"\" class=\"section first-home bg-color3 p-t-0 p-b-0\" \/><div class=\"container  full\"><div class=\"colonnes-wrap valign-middle \"><div class=\"element colonne center\"><div class=\"element images\"><div class=\"image\"><img decoding=\"async\" src=\"https:\/\/www.campinglacauxoiseaux.fr\/wp-content\/uploads\/2023\/05\/photosite-page012-100x100.jpeg\" data-src=\"https:\/\/www.campinglacauxoiseaux.fr\/wp-content\/uploads\/2023\/05\/photosite-page012.jpeg\" alt=\"\" class=\"images_image w-80\" \/><\/div><\/div><\/div><div class=\"element colonne p-r-10\"><h1 class=\"element section-title left color2\">Camping en Martiel<\/h1><h2 class=\"element section-title left color1\">Camping de 4 estrellas en Martiel<\/h2><div class=\"element bloc-text left \">\n\t<p>\u00bfTe gustar\u00eda una estancia de ensue\u00f1o en un <strong class=\"bold color1\">camping en Aveyron<\/strong>? \u00bfLe gustar\u00eda tener un ambiente saludable?<br \/>\nEn el campamento de Lac aux Oiseaux, el <strong class=\"bold color1\">aut\u00e9ntico<\/strong> es la realidad! Experimenta un <strong class=\"bold color1\">descanso de bienestar<\/strong>, al aire libre, con los placeres del agua y la dulzura de la vida en el campo, con una mini-granja para ni\u00f1os.<\/p>\n<p>En el coraz\u00f3n de un <strong class=\"bold color1\">rico verde<\/strong> y <strong class=\"bold color1\">abundante<\/strong>, les acogemos del 15 de mayo al 27 de septiembre de 2020, bajo el sol, para una estancia en familia o entre amigos en nuestro camping familiar en el Aveyron, situado a dos pasos de Villefranche de Rouergue y de las cuevas de Foissac.<\/p>\n<p>Verdadero <strong class=\"bold color1\">para\u00edso gastron\u00f3mico<\/strong> con sus famosos embutidos, pasteles y quesos, cruza la regi\u00f3n para los mayores placeres de sus papilas gustativas, su curiosidad ser\u00e1 recompensada por la <strong class=\"bold color1\">riqueza cultural<\/strong>, Vagar por la ciudad de Najac para conocer a los habitantes y las tradiciones locales, salir a 130 km del camping para contemplar el espect\u00e1culo natural de nuestros paisajes de colinas en direcci\u00f3n a Millau, por un momento suspendido en el <strong class=\"bold color1\">famoso Viaducto<\/strong>.<\/p>\n<p>De vuelta al camping 4 estrellas del Aveyron, d\u00e9jese guiar por el ritmo de nuestras animaciones o d\u00e9se tiempo para chapotear en nuestro espacio acu\u00e1tico&#8230; con toda simplicidad, o para disfrutar de un <strong class=\"bold color1\">paseos por los lagos<\/strong> del Aveyron! <\/p>\n<\/div><\/div><\/div><\/div><\/section>\n\n<section id=\"section-5f35445fbf360\"\" class=\"section second-home bg-white p-b-0\" \/><div class=\"container  extralarge\"><h2 class=\"element section-title center\">Alquiler de casas m\u00f3viles en Martiel en el Aveyron<\/h2><div class=\"element bloc-text center \">\n\t<p>Ofrecemos casas m\u00f3viles en alquiler con dos o tres dormitorios, bungalows de lona con terraza cubierta, y <strong class=\"bold color1\">caba\u00f1as naturales<\/strong> para alquilar para alojar a tu familia. Las instalaciones de nuestro camping en Martiel garantizan unas exitosas vacaciones familiares bajo el signo de la relajaci\u00f3n y el buen humor. Puede aprovechar sus vales de vacaciones reservando su estancia en uno de nuestros 55 alquileres, casa m\u00f3vil o bungalow de lona, como el Freelower&#8230; <\/p>\n<p>Las <strong class=\"bold color1\">caravanas de la tienda de campa\u00f1a <\/strong> siguen siendo la soluci\u00f3n m\u00e1s econ\u00f3mica para su estancia.<br \/>\nNuestro camping Le lac aux Oiseaux anidado en esta sublime regi\u00f3n del oeste del Aveyron, cerca del <strong class=\"bold color1\">parc naturel r\u00e9gional des Causses du Quercy<\/strong>, se beneficia de una inmejorable relaci\u00f3n calidad-precio, ya sea por su comodidad, las numerosas actividades de ocio que le ofrece y su entorno en el coraz\u00f3n de un sublime <strong class=\"bold color1\">salvaje<\/strong> junto al lago. Y adem\u00e1s, tambi\u00e9n puedes aprovechar las promociones durante el per\u00edodo de apertura! <\/p>\n<p>No lo dude m\u00e1s, con Flor, <strong class=\"bold color1\">ofertas especiales<\/strong> a 199 euros por semana para dos (una pareja) o 3 con beb\u00e9 est\u00e1n disponibles hasta el 5 de julio y a partir del 24 de agosto, para una casa m\u00f3vil de Confort. <\/p>\n<p>Y si tienen su equipo de camping, se ofrece una noche para una estancia de 7 noches, en un campo, hasta el 5 de julio, en nuestro <strong class=\"bold color1\">Camping de flores<\/strong>.  <\/p>\n<\/div><\/div><\/section>\n\n<section id=\"section-5f35445fbf78a\"\" class=\"section third-home bg-white p-t-0\" \/><div class=\"container  full\"><div class=\"accordeon\"><div class=\"slide slide--have-title\"><div class=\"slide_image\"><img decoding=\"async\" src=\"https:\/\/www.campinglacauxoiseaux.fr\/wp-content\/uploads\/2020\/10\/location-emplacement-aveyron-100x54.jpg\" data-src=\"https:\/\/www.campinglacauxoiseaux.fr\/wp-content\/uploads\/2020\/10\/location-emplacement-aveyron.jpg\" alt=\"location emplacement aveyron\" class=\"\" \/><\/div><div class=\"slide_title\">Los lanzamientos<\/div><a href=\"https:\/\/www.campinglacauxoiseaux.fr\/es\/parcelas-de-camping-aveyron\/\" title=\"Aprende m\u00e1s sobre los lanzamientos\" class=\"slide_link\"><\/a><\/div><div class=\"slide slide--have-title\"><div class=\"slide_image\"><img decoding=\"async\" src=\"https:\/\/www.campinglacauxoiseaux.fr\/wp-content\/uploads\/2020\/08\/location-camping-aveyron-100x54.jpg\" data-src=\"https:\/\/www.campinglacauxoiseaux.fr\/wp-content\/uploads\/2020\/08\/location-camping-aveyron.jpg\" alt=\"location camping aveyron\" class=\"\" \/><\/div><div class=\"slide_title\">Alquileres<\/div><a href=\"https:\/\/www.campinglacauxoiseaux.fr\/es\/alquiler-de-mobil-homes-aveyron\/\" title=\"Aprende m\u00e1s sobre alquileres\" class=\"slide_link\"><\/a><\/div><div class=\"slide slide--have-title\"><div class=\"slide_image\"><img decoding=\"async\" src=\"https:\/\/www.campinglacauxoiseaux.fr\/wp-content\/uploads\/2023\/12\/tarifs-locations-100x42.jpeg\" data-src=\"https:\/\/www.campinglacauxoiseaux.fr\/wp-content\/uploads\/2023\/12\/tarifs-locations.jpeg\" alt=\"\" class=\"\" \/><\/div><div class=\"slide_title\">Aranceles<\/div><a href=\"https:\/\/www.campinglacauxoiseaux.fr\/es\/camping-barato-aveyron\/\" title=\"Aprende m\u00e1s sobre aranceles\" class=\"slide_link\"><\/a><\/div><\/div><\/div><\/section>\n\n<section id=\"section-5f35445fbfc97\"\" class=\"section fourth-home bg-white\" \/><div class=\"container  full\"><div class=\"colonnes-wrap valign-top \"><div class=\"element colonne m-b-8 p-y-10 p-x-12\"><h2 class=\"element section-title left\">Camping Martiel con piscina cubierta<\/h2><div class=\"element bloc-text center p-8\">\n\t<p>\u00bfQu\u00e9 podr\u00eda ser mejor que un camping con piscina en el Aveyron?<\/p>\n<p>Las vacaciones exitosas siempre van de la mano con la nataci\u00f3n y la diversi\u00f3n en el agua.<\/p>\n<p>Nuestro camping en Martiel y su zona de piscina cubierta y climatizada y toboganes le esperan a 10 minutos de la ciudad medieval de Villefranche-de-Rouergue, en el oeste del Aveyron. Nadar en cualquier clima en la piscina cubierta o dejarse regar por las fuentes. Desl\u00edcese sin moderaci\u00f3n en las tres pendientes del deslizamiento grande o para los m\u00e1s j\u00f3venes en el deslizamiento giratorio. Y, como novedad para el 2020, los m\u00e1s j\u00f3venes de nuestros veraneantes disfrutar\u00e1n de una nueva piscina infantil climatizada con un peque\u00f1o tobog\u00e1n y un hongo de agua! <\/p>\n<p>Aprovecha el ambiente lleno de luz natural de nuestro hotel al aire libre para pasar unas vacaciones llenas de agua con la familia, amigos o dos. Nuestros <strong class=\"bold color1\">70 pitches<\/strong> est\u00e1n situados sobre el bonito lago de Bannac, un gran lugar de pesca en Aveyron. <\/p>\n<\/div><\/div><div class=\"element colonne m-t-8 p-y-10 p-x-12\"><h2 class=\"element section-title left\">Acampar junto al lago<\/h2><div class=\"element bloc-text center p-8\">\n\t<p>Cerca del <strong class=\"bold color1\">lacs du L\u00e9v\u00e9zou<\/strong>, el camping Lac Aux Oiseaux, le ofrece paz y tranquilidad.\u00a0Idealmente ubicado, nuestro campamento en el lago es s\u00f3lo para la pesca.<\/p>\n<p>Despu\u00e9s de un d\u00eda de enriquecido con emociones y varias actividades, tendr\u00e1s el placer de pasear por la playa de Vernhes, Les Rousselleries o Granouillac que es accesible a las personas con movilidad reducida. Perm\u00edtase un breve descanso y deje que sus hijos se ba\u00f1en en las playas supervisadas y se diviertan en los patios de recreo. Para los m\u00e1s deportistas, pueden disfrutar de deportes acu\u00e1ticos como el jet-ski, el pirag\u00fcismo, el surf-bike y muchos otros. <\/p>\n<p>Tambi\u00e9n puedes ir a los r\u00edos Viaur, Lot o Aveyron para un descanso relajante. Ten cuidado, estos son <strong class=\"bold color1\">no supervisados<\/strong>. <\/p>\n<p>Profesionales o aficionados, encuentren los <strong class=\"bold color1\">placeres de la pesca<\/strong> yendo a uno de los lagos artificiales del Aveyron. El pez blanco del lago de Pont-Solars, el lucio, la lucioperca o la perca del lago de Pareloup se cruzar\u00e1n en su camino. Seguramente se encontrar\u00e1 con nadadores o deportistas, excepto en los lagos de Bannac y Bage que est\u00e1n reservados para la pesca. <\/p>\n<p>A una altitud de 600 a 1.100 metros, estos lagos le ofrecer\u00e1n una exclusiva diversidad de paisajes y una naturaleza salvaje. <\/p>\n<\/div><\/div><\/div><\/div><\/section>\n\n<section id=\"section-5f35445fc05f8\"\" class=\"section fifth-home bg-white\" \/><div class=\"container  extralarge\"><h2 class=\"element section-title center\">Descubre los alrededores del camping<\/h2><div class=\"colonnes-wrap valign-top \"><div class=\"element colonne p-0\"><div class=\"element call-to-action p-0 call-to-action--style-1 call-to-action--big\"><a href=\"\/es\/actividades-en-el-aveyron\/\"  class=\"call-to-action_link\" title=\"Aprende m\u00e1s sobre actividades en el aveyron\"><div class=\"call-to-action_image\"><img decoding=\"async\" src=\"https:\/\/www.campinglacauxoiseaux.fr\/wp-content\/uploads\/2020\/11\/activites-aveyron-100x68.jpg\" data-src=\"https:\/\/www.campinglacauxoiseaux.fr\/wp-content\/uploads\/2020\/11\/activites-aveyron.jpg\" alt=\"activites aveyron\" class=\"big\" \/><\/div><div class=\"call-to-action_contenu\"><div class=\"call-to-action_titre\">Actividades en el Aveyron<\/div><\/div><\/a><\/div><\/div><div class=\"element colonne p-0\"><div class=\"element call-to-action p-0 call-to-action--style-1 call-to-action--big\"><a href=\"\/es\/campamento-aveyron\/\"  class=\"call-to-action_link\" title=\"Aprende m\u00e1s sobre camping en el aveyron\"><div class=\"call-to-action_image\"><img decoding=\"async\" src=\"https:\/\/www.campinglacauxoiseaux.fr\/wp-content\/uploads\/2020\/11\/camping-aveyron-100x68.jpg\" data-src=\"https:\/\/www.campinglacauxoiseaux.fr\/wp-content\/uploads\/2020\/11\/camping-aveyron.jpg\" alt=\"camping aveyron\" class=\"big\" \/><\/div><div class=\"call-to-action_contenu\"><div class=\"call-to-action_titre\">Camping en el Aveyron<\/div><\/div><\/a><\/div><\/div><\/div><\/div><\/section>\n\n<section id=\"section-5f35445fc0a4e\"\" class=\"section sixth-home bg-color3\" \/><div class=\"container  extralarge\"><h2 class=\"element section-title center\">Descubra los servicios del camping<\/h2><div class=\"colonnes-wrap valign-top \"><div class=\"element colonne \"><div class=\"element bloc-text center \">\n\t<p><i class=\"oiseaux-wifi\"><\/i>Wifi<br \/>\nLibre<\/p>\n<\/div><\/div><div class=\"element colonne \"><div class=\"element bloc-text center \">\n\t<p><i class=\"oiseaux-laverie\"><\/i>Lavander\u00eda<\/p>\n<\/div><\/div><div class=\"element colonne \"><div class=\"element bloc-text center \">\n\t<p><i class=\"oiseaux-tv\"><\/i>Alquiler<br \/>\nTV<\/p>\n<\/div><\/div><div class=\"element colonne \"><div class=\"element bloc-text center \">\n\t<p><i class=\"oiseaux-epicerie\"><\/i>Tienda de<br \/>\ncomestibles<\/p>\n<\/div><\/div><div class=\"element colonne \"><div class=\"element bloc-text center \">\n\t<p><i class=\"oiseaux-velo\"><\/i>Alquiler<br \/>\nBicicleta<\/p>\n<\/div><\/div><div class=\"element colonne \"><div class=\"element bloc-text center \">\n\t<p><i class=\"oiseaux-nurserie\"><\/i>Guarder\u00eda<\/p>\n<\/div><\/div><div class=\"element colonne \"><div class=\"element bloc-text center \">\n\t<p><i class=\"oiseaux-handicap\"><\/i>PRM<br \/>\nSanitario<\/p>\n<\/div><\/div><div class=\"element colonne \"><div class=\"element bloc-text center \">\n\t<p><i class=\"oiseaux-chien\"><\/i>Animales<br \/>\nAceptado<\/p>\n<\/div><\/div><\/div><div class=\"element bloc-text center \">\n\t<p>Les acogemos en el camping de 4 estrellas del Lac aux Oiseaux del 15 de mayo al 27 de septiembre de 2020, en una parcela o en alquiler. La <strong class=\"bold color1\">recepci\u00f3n<\/strong> est\u00e1 abierta de 8h30 a 12h y de 15h a 20h en julio y agosto. Fuera de temporada, el horario de apertura es de 10 a 12 y de 17 a 19. Por supuesto, siempre a su servicio, ll\u00e1menos al 06 12 04 69 36 o a Whatsapp al 06 51 12 77 58, fuera de este horario. Aceptamos el pago con tarjeta de cr\u00e9dito (carte bleue), transferencia bancaria, cheques, giros postales o en efectivo. El <strong class=\"bold color1\">restaurante<\/strong> y las animaciones est\u00e1n abiertos del 1 de julio al 30 de agosto. El camping es <strong class=\"bold color1\">accesible PMR<\/strong> excepto la piscina.<\/p>\n<\/div><\/div><\/section>","protected":false},"excerpt":{"rendered":"","protected":false},"author":1,"featured_media":11348,"parent":0,"menu_order":0,"comment_status":"closed","ping_status":"closed","template":"","meta":{"footnotes":""},"class_list":["post-4252","page","type-page","status-publish","has-post-thumbnail","hentry"],"acf":[],"yoast_head":"<!-- This site is optimized with the Yoast SEO plugin v23.4 - https:\/\/yoast.com\/wordpress\/plugins\/seo\/ -->\n<title>Camping Lac aux Oiseaux | Camping Martiel | Camping 4 \u00e9toiles Martiel<\/title>\n<meta name=\"robots\" content=\"index, follow, max-snippet:-1, max-image-preview:large, max-video-preview:-1\" \/>\n<link rel=\"canonical\" href=\"https:\/\/www.campinglacauxoiseaux.fr\/es\/\" \/>\n<meta property=\"og:locale\" content=\"es_ES\" \/>\n<meta property=\"og:type\" content=\"article\" \/>\n<meta property=\"og:title\" content=\"Camping Lac aux Oiseaux | Camping Martiel | Camping 4 \u00e9toiles Martiel\" \/>\n<meta property=\"og:url\" content=\"https:\/\/www.campinglacauxoiseaux.fr\/es\/\" \/>\n<meta property=\"og:site_name\" content=\"Camping Lac aux Oiseaux\" \/>\n<meta property=\"article:modified_time\" content=\"2024-03-05T16:02:23+00:00\" \/>\n<meta property=\"og:image\" content=\"https:\/\/www.campinglacauxoiseaux.fr\/wp-content\/uploads\/2023\/12\/pataugeoire-aveyron-camping.jpeg\" \/>\n\t<meta property=\"og:image:width\" content=\"1903\" \/>\n\t<meta property=\"og:image:height\" content=\"930\" \/>\n\t<meta property=\"og:image:type\" content=\"image\/jpeg\" \/>\n<meta name=\"twitter:card\" content=\"summary_large_image\" \/>\n<meta name=\"twitter:label1\" content=\"Tiempo de lectura\" \/>\n\t<meta name=\"twitter:data1\" content=\"1 minuto\" \/>\n<script type=\"application\/ld+json\" class=\"yoast-schema-graph\">{\"@context\":\"https:\/\/schema.org\",\"@graph\":[{\"@type\":\"WebPage\",\"@id\":\"https:\/\/www.campinglacauxoiseaux.fr\/es\/\",\"url\":\"https:\/\/www.campinglacauxoiseaux.fr\/es\/\",\"name\":\"Camping Lac aux Oiseaux | Camping Martiel | Camping 4 \u00e9toiles Martiel\",\"isPartOf\":{\"@id\":\"https:\/\/www.campinglacauxoiseaux.fr\/es\/#website\"},\"primaryImageOfPage\":{\"@id\":\"https:\/\/www.campinglacauxoiseaux.fr\/es\/#primaryimage\"},\"image\":{\"@id\":\"https:\/\/www.campinglacauxoiseaux.fr\/es\/#primaryimage\"},\"thumbnailUrl\":\"https:\/\/www.campinglacauxoiseaux.fr\/wp-content\/uploads\/2024\/12\/pataugeoire-aveyron-eau.jpeg\",\"datePublished\":\"2020-08-13T13:47:11+00:00\",\"dateModified\":\"2024-03-05T16:02:23+00:00\",\"breadcrumb\":{\"@id\":\"https:\/\/www.campinglacauxoiseaux.fr\/es\/#breadcrumb\"},\"inLanguage\":\"es\",\"potentialAction\":[{\"@type\":\"ReadAction\",\"target\":[\"https:\/\/www.campinglacauxoiseaux.fr\/es\/\"]}]},{\"@type\":\"ImageObject\",\"inLanguage\":\"es\",\"@id\":\"https:\/\/www.campinglacauxoiseaux.fr\/es\/#primaryimage\",\"url\":\"https:\/\/www.campinglacauxoiseaux.fr\/wp-content\/uploads\/2024\/12\/pataugeoire-aveyron-eau.jpeg\",\"contentUrl\":\"https:\/\/www.campinglacauxoiseaux.fr\/wp-content\/uploads\/2024\/12\/pataugeoire-aveyron-eau.jpeg\",\"width\":1903,\"height\":930,\"caption\":\"enfants \u00e0 la pataugeoire\"},{\"@type\":\"BreadcrumbList\",\"@id\":\"https:\/\/www.campinglacauxoiseaux.fr\/es\/#breadcrumb\",\"itemListElement\":[{\"@type\":\"ListItem\",\"position\":1,\"name\":\"Camping Aveyron\",\"item\":\"https:\/\/www.campinglacauxoiseaux.fr\/es\/\"},{\"@type\":\"ListItem\",\"position\":2,\"name\":\"Accueil\"}]},{\"@type\":\"WebSite\",\"@id\":\"https:\/\/www.campinglacauxoiseaux.fr\/es\/#website\",\"url\":\"https:\/\/www.campinglacauxoiseaux.fr\/es\/\",\"name\":\"Camping Lac aux Oiseaux\",\"description\":\"\",\"potentialAction\":[{\"@type\":\"SearchAction\",\"target\":{\"@type\":\"EntryPoint\",\"urlTemplate\":\"https:\/\/www.campinglacauxoiseaux.fr\/es\/?s={search_term_string}\"},\"query-input\":{\"@type\":\"PropertyValueSpecification\",\"valueRequired\":true,\"valueName\":\"search_term_string\"}}],\"inLanguage\":\"es\"}]}<\/script>\n<!-- \/ Yoast SEO plugin. -->","yoast_head_json":{"title":"Camping Lac aux Oiseaux | Camping Martiel | Camping 4 \u00e9toiles Martiel","robots":{"index":"index","follow":"follow","max-snippet":"max-snippet:-1","max-image-preview":"max-image-preview:large","max-video-preview":"max-video-preview:-1"},"canonical":"https:\/\/www.campinglacauxoiseaux.fr\/es\/","og_locale":"es_ES","og_type":"article","og_title":"Camping Lac aux Oiseaux | Camping Martiel | Camping 4 \u00e9toiles Martiel","og_url":"https:\/\/www.campinglacauxoiseaux.fr\/es\/","og_site_name":"Camping Lac aux Oiseaux","article_modified_time":"2024-03-05T16:02:23+00:00","og_image":[{"width":1903,"height":930,"url":"https:\/\/www.campinglacauxoiseaux.fr\/wp-content\/uploads\/2023\/12\/pataugeoire-aveyron-camping.jpeg","type":"image\/jpeg"}],"twitter_card":"summary_large_image","twitter_misc":{"Tiempo de lectura":"1 minuto"},"schema":{"@context":"https:\/\/schema.org","@graph":[{"@type":"WebPage","@id":"https:\/\/www.campinglacauxoiseaux.fr\/es\/","url":"https:\/\/www.campinglacauxoiseaux.fr\/es\/","name":"Camping Lac aux Oiseaux | Camping Martiel | Camping 4 \u00e9toiles Martiel","isPartOf":{"@id":"https:\/\/www.campinglacauxoiseaux.fr\/es\/#website"},"primaryImageOfPage":{"@id":"https:\/\/www.campinglacauxoiseaux.fr\/es\/#primaryimage"},"image":{"@id":"https:\/\/www.campinglacauxoiseaux.fr\/es\/#primaryimage"},"thumbnailUrl":"https:\/\/www.campinglacauxoiseaux.fr\/wp-content\/uploads\/2024\/12\/pataugeoire-aveyron-eau.jpeg","datePublished":"2020-08-13T13:47:11+00:00","dateModified":"2024-03-05T16:02:23+00:00","breadcrumb":{"@id":"https:\/\/www.campinglacauxoiseaux.fr\/es\/#breadcrumb"},"inLanguage":"es","potentialAction":[{"@type":"ReadAction","target":["https:\/\/www.campinglacauxoiseaux.fr\/es\/"]}]},{"@type":"ImageObject","inLanguage":"es","@id":"https:\/\/www.campinglacauxoiseaux.fr\/es\/#primaryimage","url":"https:\/\/www.campinglacauxoiseaux.fr\/wp-content\/uploads\/2024\/12\/pataugeoire-aveyron-eau.jpeg","contentUrl":"https:\/\/www.campinglacauxoiseaux.fr\/wp-content\/uploads\/2024\/12\/pataugeoire-aveyron-eau.jpeg","width":1903,"height":930,"caption":"enfants \u00e0 la pataugeoire"},{"@type":"BreadcrumbList","@id":"https:\/\/www.campinglacauxoiseaux.fr\/es\/#breadcrumb","itemListElement":[{"@type":"ListItem","position":1,"name":"Camping Aveyron","item":"https:\/\/www.campinglacauxoiseaux.fr\/es\/"},{"@type":"ListItem","position":2,"name":"Accueil"}]},{"@type":"WebSite","@id":"https:\/\/www.campinglacauxoiseaux.fr\/es\/#website","url":"https:\/\/www.campinglacauxoiseaux.fr\/es\/","name":"Camping Lac aux Oiseaux","description":"","potentialAction":[{"@type":"SearchAction","target":{"@type":"EntryPoint","urlTemplate":"https:\/\/www.campinglacauxoiseaux.fr\/es\/?s={search_term_string}"},"query-input":{"@type":"PropertyValueSpecification","valueRequired":true,"valueName":"search_term_string"}}],"inLanguage":"es"}]}},"_links":{"self":[{"href":"https:\/\/www.campinglacauxoiseaux.fr\/es\/wp-json\/wp\/v2\/pages\/4252"}],"collection":[{"href":"https:\/\/www.campinglacauxoiseaux.fr\/es\/wp-json\/wp\/v2\/pages"}],"about":[{"href":"https:\/\/www.campinglacauxoiseaux.fr\/es\/wp-json\/wp\/v2\/types\/page"}],"author":[{"embeddable":true,"href":"https:\/\/www.campinglacauxoiseaux.fr\/es\/wp-json\/wp\/v2\/users\/1"}],"replies":[{"embeddable":true,"href":"https:\/\/www.campinglacauxoiseaux.fr\/es\/wp-json\/wp\/v2\/comments?post=4252"}],"version-history":[{"count":12,"href":"https:\/\/www.campinglacauxoiseaux.fr\/es\/wp-json\/wp\/v2\/pages\/4252\/revisions"}],"predecessor-version":[{"id":10957,"href":"https:\/\/www.campinglacauxoiseaux.fr\/es\/wp-json\/wp\/v2\/pages\/4252\/revisions\/10957"}],"wp:featuredmedia":[{"embeddable":true,"href":"https:\/\/www.campinglacauxoiseaux.fr\/es\/wp-json\/wp\/v2\/media\/11348"}],"wp:attachment":[{"href":"https:\/\/www.campinglacauxoiseaux.fr\/es\/wp-json\/wp\/v2\/media?parent=4252"}],"curies":[{"name":"wp","href":"https:\/\/api.w.org\/{rel}","templated":true}]}}