{"id":2408,"date":"2019-02-04T16:25:16","date_gmt":"2019-02-04T15:25:16","guid":{"rendered":"https:\/\/www.campinglacauxoiseaux.fr\/informacion-de-contacto\/"},"modified":"2020-11-03T12:23:26","modified_gmt":"2020-11-03T11:23:26","slug":"informacion-de-contacto","status":"publish","type":"page","link":"https:\/\/www.campinglacauxoiseaux.fr\/es\/informacion-de-contacto\/","title":{"rendered":"Informaci\u00f3n de contacto"},"content":{"rendered":"<section id=\"section-5f6cb969979eb\"\" class=\"section bg-white p-b-0\" \/><div class=\"container  extralarge\"><h1 class=\"element section-title center\">Itinerario Aveyron<\/h1><\/div><\/section>\n\n<section id=\"section-5f6cb96997e3d\"\" class=\"section bg-white\" \/><div class=\"container  extralarge\"><div class=\"colonnes-wrap valign-top \"><div class=\"element colonne w-60\"><h2 class=\"element section-title center p-x-4 m-t-4\">Contacte con el camping<\/h2><div class=\"element bloc-text justify p-x-4 p-y-2\">\n\t<p>\u00bfLe gustar\u00eda saber m\u00e1s sobre nuestros alojamientos, nuestras parcelas, nuestras infraestructuras, nuestras actividades, nuestros servicios, nuestras tarifas, las <strong class=\"bold color1\">cosas a ver<\/strong> y <strong class=\"bold color1\">cosas a hacer<\/strong> alrededor del camping y en el <strong class=\"bold color1\">Aveyron<\/strong>?  <\/p>\n<p>Contacte con nosotros por correo electr\u00f3nico o por tel\u00e9fono, o rellenando el siguiente formulario. Responderemos a todas tus preguntas para ayudarte a preparar tus vacaciones en pareja, con tus amigos o con tu familia en Occitania. <\/p>\n<p>As\u00ed que no espere m\u00e1s y reserve ahora sus pr\u00f3ximas vacaciones en nuestro establecimiento, ya sea con amigos o familiares. <\/p>\n<\/div><h2 class=\"element section-title center p-x-4 m-t-4\">Informaci\u00f3n pr\u00e1ctica<\/h2><div class=\"element bloc-text justify p-x-4 p-y-2\">\n\t<p><strong class=\"bold color1\">Las coordenadas GPS :<\/strong> N48\u00b051\u201945.81\u2033 \u2013 E2\u00b017\u201915.331\u2033<br \/>\n<strong class=\"bold color1\">Direcci\u00f3n :<\/strong> Flower Camping Lac aux Oiseaux Moulin de Bannac, 12200 Martiel, Aveyron , France<\/p>\n<\/div><\/div><div class=\"element colonne \"><div class=\"formulaire-de-contact\">\n<div class=\"wpcf7 no-js\" id=\"wpcf7-f7926-o1\" lang=\"fr-FR\" dir=\"ltr\">\n<div class=\"screen-reader-response\"><p role=\"status\" aria-live=\"polite\" aria-atomic=\"true\"><\/p> <ul><\/ul><\/div>\n<form action=\"\/es\/wp-json\/wp\/v2\/pages\/2408#wpcf7-f7926-o1\" method=\"post\" class=\"wpcf7-form init\" aria-label=\"Formulaire de contact\" novalidate=\"novalidate\" data-status=\"init\">\n<div style=\"display: none;\">\n<input type=\"hidden\" name=\"_wpcf7\" value=\"7926\" \/>\n<input type=\"hidden\" name=\"_wpcf7_version\" value=\"5.8.6\" \/>\n<input type=\"hidden\" name=\"_wpcf7_locale\" value=\"fr_FR\" \/>\n<input type=\"hidden\" name=\"_wpcf7_unit_tag\" value=\"wpcf7-f7926-o1\" \/>\n<input type=\"hidden\" name=\"_wpcf7_container_post\" value=\"0\" \/>\n<input type=\"hidden\" name=\"_wpcf7_posted_data_hash\" value=\"\" \/>\n<input type=\"hidden\" name=\"_wpcf7_recaptcha_response\" value=\"\" \/>\n<\/div>\n<p><span class=\"wpcf7-form-control-wrap\" data-name=\"your-name\"><input size=\"40\" class=\"wpcf7-form-control wpcf7-text wpcf7-validates-as-required\" aria-required=\"true\" aria-invalid=\"false\" placeholder=\"Tu nombre...\" value=\"\" type=\"text\" name=\"your-name\" \/><\/span><span class=\"wpcf7-form-control-wrap\" data-name=\"your-email\"><input size=\"40\" class=\"wpcf7-form-control wpcf7-email wpcf7-validates-as-required wpcf7-text wpcf7-validates-as-email\" aria-required=\"true\" aria-invalid=\"false\" placeholder=\"Su direcci\u00f3n de correo electr\u00f3nico ...\" value=\"\" type=\"email\" name=\"your-email\" \/><\/span><span class=\"wpcf7-form-control-wrap\" data-name=\"your-subject\"><input size=\"40\" class=\"wpcf7-form-control wpcf7-text\" aria-invalid=\"false\" placeholder=\"Tema ...\" value=\"\" type=\"text\" name=\"your-subject\" \/><\/span><span class=\"wpcf7-form-control-wrap\" data-name=\"your-message\"><textarea cols=\"40\" rows=\"10\" class=\"wpcf7-form-control wpcf7-textarea\" aria-invalid=\"false\" placeholder=\"Su mensaje ...\" name=\"your-message\"><\/textarea><\/span><span class=\"wpcf7-form-control-wrap\" data-name=\"acceptance-553\"><span class=\"wpcf7-form-control wpcf7-acceptance\"><span class=\"wpcf7-list-item\"><label><input type=\"checkbox\" name=\"acceptance-553\" value=\"1\" aria-invalid=\"false\" \/><span class=\"wpcf7-list-item-label\">Al marcar esta casilla, acepto la <a href=\"\/es\/politica-de-confidencialidad\/\" rel=\"noopener\" target=\"_blank\">pol\u00edtica de privacidad<\/a> de este sitio.<\/span><\/label><\/span><\/span><\/span><input class=\"wpcf7-form-control wpcf7-submit has-spinner\" type=\"submit\" value=\"Env\u00eda\" \/>\n<\/p><div class=\"wpcf7-response-output\" aria-hidden=\"true\"><\/div>\n<\/form>\n<\/div>\n<\/div><\/div><\/div><\/div><\/section>\n\n<section id=\"section-5f71ec87a4693\"\" class=\"section bg-white\" \/><div class=\"container  full\"><div class=\"colonnes-wrap valign-top \"><div class=\"element colonne \"><div class=\"carte\" data-src=\"https:\/\/www.google.com\/maps\/embed?pb=!1m18!1m12!1m3!1d91257.71880550885!2d1.8370909361471564!3d44.375620885529095!2m3!1f0!2f0!3f0!3m2!1i1024!2i768!4f13.1!3m3!1m2!1s0x12ad009e1eccf62d%3A0x2513bba49f95aa9!2sCamping%20Lac%20aux%20Oiseaux%20%7C%20Camping%20Aveyron%20%7C%20Flower!5e0!3m2!1sfr!2sfr!4v1602860539836!5m2!1sfr!2sfr\"><\/div><\/div><div class=\"element colonne \"><h2 class=\"element section-title left p-x-4 m-t-4\">\u00bfC\u00f3mo llegar al Aveyron?<\/h2><div class=\"element bloc-text justify p-x-4 p-y-2\">\n\t<p>Aqu\u00ed les mostramos las diferentes formas de acceso al <a href=\"\/es\/\">campamento en Martiel<\/a>. Ver\u00e1n que nunca ha sido m\u00e1s f\u00e1cil que llegar al campamento.<\/p>\n<ul>\n<li><strong class=\"bold color1\">En coche<\/strong><\/li>\n<p><strong class=\"bold color1\">Desde Par\u00eds :<\/strong> Toma la A10 a Orleans, la A71 a Vierzon, la A20 a Cahors y luego la D911. El camping estar\u00e1 a su derecha, 11 km (15 minutos) despu\u00e9s de Limagne-en-Quercy y antes de Martiel.<\/p>\n<p><strong class=\"bold color1\">Desde Toulouse :<\/strong> Toma la A62 a Montauban, la A20 a Caussade, la D926 a Villefranche-de-Rouergue, luego la D911 hacia Cahors. El campamento estar\u00e1 a su izquierda, unos 2 km despu\u00e9s de Martiel.<\/p>\n<p><strong class=\"bold color1\">Desde Montpellier :<\/strong> Toma la N109 desde Juvignac y la A750 hasta Saint-F\u00e9lix-de-Lodez, la A75 hasta Millau, luego la D911. El campamento estar\u00e1 a su izquierda, unos 2 km despu\u00e9s de Martiel.<\/p>\n<li><strong class=\"bold color1\">En tren<\/strong><\/li>\n<p>Estaci\u00f3n de Villefranche-de-Rouergue (6 km)<\/p>\n<li><strong class=\"bold color1\">En avi\u00f3n<\/strong><\/li>\n<p>Los aeropuertos de Rodez (70 km) y Toulouse-Blagnac (130 km)<\/p>\n<\/div><\/div><\/div><\/div><\/section>","protected":false},"excerpt":{"rendered":"","protected":false},"author":1,"featured_media":7660,"parent":0,"menu_order":0,"comment_status":"closed","ping_status":"closed","template":"","meta":{"footnotes":""},"class_list":["post-2408","page","type-page","status-publish","has-post-thumbnail","hentry"],"acf":[],"yoast_head":"<!-- This site is optimized with the Yoast SEO plugin v23.4 - https:\/\/yoast.com\/wordpress\/plugins\/seo\/ -->\n<title>Contactar con el camping le lac aux oiseaux 3 estrellas en Aveyron<\/title>\n<meta name=\"description\" content=\"C\u00f3mo reservar en el Camping Lac aux Oiseaux, c\u00f3mo llegar al camping\" \/>\n<meta name=\"robots\" content=\"index, follow, max-snippet:-1, max-image-preview:large, max-video-preview:-1\" \/>\n<link rel=\"canonical\" href=\"https:\/\/www.campinglacauxoiseaux.fr\/es\/informacion-de-contacto\/\" \/>\n<meta property=\"og:locale\" content=\"es_ES\" \/>\n<meta property=\"og:type\" content=\"article\" \/>\n<meta property=\"og:title\" content=\"Contactar con el camping le lac aux oiseaux 3 estrellas en Aveyron\" \/>\n<meta property=\"og:description\" content=\"C\u00f3mo reservar en el Camping Lac aux Oiseaux, c\u00f3mo llegar al camping\" \/>\n<meta property=\"og:url\" content=\"https:\/\/www.campinglacauxoiseaux.fr\/es\/informacion-de-contacto\/\" \/>\n<meta property=\"og:site_name\" content=\"Camping Lac aux Oiseaux\" \/>\n<meta property=\"article:modified_time\" content=\"2020-11-03T11:23:26+00:00\" \/>\n<meta property=\"og:image\" content=\"https:\/\/www.campinglacauxoiseaux.fr\/wp-content\/uploads\/2020\/10\/services-accueil-aveyron.jpg\" \/>\n\t<meta property=\"og:image:width\" content=\"1903\" \/>\n\t<meta property=\"og:image:height\" content=\"550\" \/>\n\t<meta property=\"og:image:type\" content=\"image\/jpeg\" \/>\n<meta name=\"twitter:card\" content=\"summary_large_image\" \/>\n<script type=\"application\/ld+json\" class=\"yoast-schema-graph\">{\"@context\":\"https:\/\/schema.org\",\"@graph\":[{\"@type\":\"WebPage\",\"@id\":\"https:\/\/www.campinglacauxoiseaux.fr\/es\/informacion-de-contacto\/\",\"url\":\"https:\/\/www.campinglacauxoiseaux.fr\/es\/informacion-de-contacto\/\",\"name\":\"Contactar con el camping le lac aux oiseaux 3 estrellas en Aveyron\",\"isPartOf\":{\"@id\":\"https:\/\/www.campinglacauxoiseaux.fr\/es\/#website\"},\"primaryImageOfPage\":{\"@id\":\"https:\/\/www.campinglacauxoiseaux.fr\/es\/informacion-de-contacto\/#primaryimage\"},\"image\":{\"@id\":\"https:\/\/www.campinglacauxoiseaux.fr\/es\/informacion-de-contacto\/#primaryimage\"},\"thumbnailUrl\":\"https:\/\/www.campinglacauxoiseaux.fr\/wp-content\/uploads\/2020\/10\/services-accueil-aveyron.jpg\",\"datePublished\":\"2019-02-04T15:25:16+00:00\",\"dateModified\":\"2020-11-03T11:23:26+00:00\",\"description\":\"C\u00f3mo reservar en el Camping Lac aux Oiseaux, c\u00f3mo llegar al camping\",\"breadcrumb\":{\"@id\":\"https:\/\/www.campinglacauxoiseaux.fr\/es\/informacion-de-contacto\/#breadcrumb\"},\"inLanguage\":\"es\",\"potentialAction\":[{\"@type\":\"ReadAction\",\"target\":[\"https:\/\/www.campinglacauxoiseaux.fr\/es\/informacion-de-contacto\/\"]}]},{\"@type\":\"ImageObject\",\"inLanguage\":\"es\",\"@id\":\"https:\/\/www.campinglacauxoiseaux.fr\/es\/informacion-de-contacto\/#primaryimage\",\"url\":\"https:\/\/www.campinglacauxoiseaux.fr\/wp-content\/uploads\/2020\/10\/services-accueil-aveyron.jpg\",\"contentUrl\":\"https:\/\/www.campinglacauxoiseaux.fr\/wp-content\/uploads\/2020\/10\/services-accueil-aveyron.jpg\",\"width\":1903,\"height\":550,\"caption\":\"services accueil aveyron\"},{\"@type\":\"BreadcrumbList\",\"@id\":\"https:\/\/www.campinglacauxoiseaux.fr\/es\/informacion-de-contacto\/#breadcrumb\",\"itemListElement\":[{\"@type\":\"ListItem\",\"position\":1,\"name\":\"Camping Aveyron\",\"item\":\"https:\/\/www.campinglacauxoiseaux.fr\/es\/\"},{\"@type\":\"ListItem\",\"position\":2,\"name\":\"Informaci\u00f3n y contacto camping Aveyron\"}]},{\"@type\":\"WebSite\",\"@id\":\"https:\/\/www.campinglacauxoiseaux.fr\/es\/#website\",\"url\":\"https:\/\/www.campinglacauxoiseaux.fr\/es\/\",\"name\":\"Camping Lac aux Oiseaux\",\"description\":\"\",\"potentialAction\":[{\"@type\":\"SearchAction\",\"target\":{\"@type\":\"EntryPoint\",\"urlTemplate\":\"https:\/\/www.campinglacauxoiseaux.fr\/es\/?s={search_term_string}\"},\"query-input\":{\"@type\":\"PropertyValueSpecification\",\"valueRequired\":true,\"valueName\":\"search_term_string\"}}],\"inLanguage\":\"es\"}]}<\/script>\n<!-- \/ Yoast SEO plugin. -->","yoast_head_json":{"title":"Contactar con el camping le lac aux oiseaux 3 estrellas en Aveyron","description":"C\u00f3mo reservar en el Camping Lac aux Oiseaux, c\u00f3mo llegar al camping","robots":{"index":"index","follow":"follow","max-snippet":"max-snippet:-1","max-image-preview":"max-image-preview:large","max-video-preview":"max-video-preview:-1"},"canonical":"https:\/\/www.campinglacauxoiseaux.fr\/es\/informacion-de-contacto\/","og_locale":"es_ES","og_type":"article","og_title":"Contactar con el camping le lac aux oiseaux 3 estrellas en Aveyron","og_description":"C\u00f3mo reservar en el Camping Lac aux Oiseaux, c\u00f3mo llegar al camping","og_url":"https:\/\/www.campinglacauxoiseaux.fr\/es\/informacion-de-contacto\/","og_site_name":"Camping Lac aux Oiseaux","article_modified_time":"2020-11-03T11:23:26+00:00","og_image":[{"width":1903,"height":550,"url":"https:\/\/www.campinglacauxoiseaux.fr\/wp-content\/uploads\/2020\/10\/services-accueil-aveyron.jpg","type":"image\/jpeg"}],"twitter_card":"summary_large_image","schema":{"@context":"https:\/\/schema.org","@graph":[{"@type":"WebPage","@id":"https:\/\/www.campinglacauxoiseaux.fr\/es\/informacion-de-contacto\/","url":"https:\/\/www.campinglacauxoiseaux.fr\/es\/informacion-de-contacto\/","name":"Contactar con el camping le lac aux oiseaux 3 estrellas en Aveyron","isPartOf":{"@id":"https:\/\/www.campinglacauxoiseaux.fr\/es\/#website"},"primaryImageOfPage":{"@id":"https:\/\/www.campinglacauxoiseaux.fr\/es\/informacion-de-contacto\/#primaryimage"},"image":{"@id":"https:\/\/www.campinglacauxoiseaux.fr\/es\/informacion-de-contacto\/#primaryimage"},"thumbnailUrl":"https:\/\/www.campinglacauxoiseaux.fr\/wp-content\/uploads\/2020\/10\/services-accueil-aveyron.jpg","datePublished":"2019-02-04T15:25:16+00:00","dateModified":"2020-11-03T11:23:26+00:00","description":"C\u00f3mo reservar en el Camping Lac aux Oiseaux, c\u00f3mo llegar al camping","breadcrumb":{"@id":"https:\/\/www.campinglacauxoiseaux.fr\/es\/informacion-de-contacto\/#breadcrumb"},"inLanguage":"es","potentialAction":[{"@type":"ReadAction","target":["https:\/\/www.campinglacauxoiseaux.fr\/es\/informacion-de-contacto\/"]}]},{"@type":"ImageObject","inLanguage":"es","@id":"https:\/\/www.campinglacauxoiseaux.fr\/es\/informacion-de-contacto\/#primaryimage","url":"https:\/\/www.campinglacauxoiseaux.fr\/wp-content\/uploads\/2020\/10\/services-accueil-aveyron.jpg","contentUrl":"https:\/\/www.campinglacauxoiseaux.fr\/wp-content\/uploads\/2020\/10\/services-accueil-aveyron.jpg","width":1903,"height":550,"caption":"services accueil aveyron"},{"@type":"BreadcrumbList","@id":"https:\/\/www.campinglacauxoiseaux.fr\/es\/informacion-de-contacto\/#breadcrumb","itemListElement":[{"@type":"ListItem","position":1,"name":"Camping Aveyron","item":"https:\/\/www.campinglacauxoiseaux.fr\/es\/"},{"@type":"ListItem","position":2,"name":"Informaci\u00f3n y contacto camping Aveyron"}]},{"@type":"WebSite","@id":"https:\/\/www.campinglacauxoiseaux.fr\/es\/#website","url":"https:\/\/www.campinglacauxoiseaux.fr\/es\/","name":"Camping Lac aux Oiseaux","description":"","potentialAction":[{"@type":"SearchAction","target":{"@type":"EntryPoint","urlTemplate":"https:\/\/www.campinglacauxoiseaux.fr\/es\/?s={search_term_string}"},"query-input":{"@type":"PropertyValueSpecification","valueRequired":true,"valueName":"search_term_string"}}],"inLanguage":"es"}]}},"_links":{"self":[{"href":"https:\/\/www.campinglacauxoiseaux.fr\/es\/wp-json\/wp\/v2\/pages\/2408"}],"collection":[{"href":"https:\/\/www.campinglacauxoiseaux.fr\/es\/wp-json\/wp\/v2\/pages"}],"about":[{"href":"https:\/\/www.campinglacauxoiseaux.fr\/es\/wp-json\/wp\/v2\/types\/page"}],"author":[{"embeddable":true,"href":"https:\/\/www.campinglacauxoiseaux.fr\/es\/wp-json\/wp\/v2\/users\/1"}],"replies":[{"embeddable":true,"href":"https:\/\/www.campinglacauxoiseaux.fr\/es\/wp-json\/wp\/v2\/comments?post=2408"}],"version-history":[{"count":6,"href":"https:\/\/www.campinglacauxoiseaux.fr\/es\/wp-json\/wp\/v2\/pages\/2408\/revisions"}],"predecessor-version":[{"id":8392,"href":"https:\/\/www.campinglacauxoiseaux.fr\/es\/wp-json\/wp\/v2\/pages\/2408\/revisions\/8392"}],"wp:featuredmedia":[{"embeddable":true,"href":"https:\/\/www.campinglacauxoiseaux.fr\/es\/wp-json\/wp\/v2\/media\/7660"}],"wp:attachment":[{"href":"https:\/\/www.campinglacauxoiseaux.fr\/es\/wp-json\/wp\/v2\/media?parent=2408"}],"curies":[{"name":"wp","href":"https:\/\/api.w.org\/{rel}","templated":true}]}}