{"id":2403,"date":"2019-02-04T16:17:47","date_gmt":"2019-02-04T15:17:47","guid":{"rendered":"https:\/\/www.campinglacauxoiseaux.fr\/parcelas-de-camping-aveyron\/"},"modified":"2021-07-08T13:02:50","modified_gmt":"2021-07-08T11:02:50","slug":"parcelas-de-camping-aveyron","status":"publish","type":"page","link":"https:\/\/www.campinglacauxoiseaux.fr\/es\/parcelas-de-camping-aveyron\/","title":{"rendered":"Parcelas de camping Aveyron"},"content":{"rendered":"<section id=\"section-5f6cb969979eb\"\" class=\"section bg-white p-b-0\" \/><div class=\"container  extralarge\"><h1 class=\"element section-title center\">Parcelas de camping en el Aveyron<\/h1><\/div><\/section>\n\n<section id=\"section-5f719a8616b8d\"\" class=\"section bg-white\" \/><div class=\"container  extralarge\"><div class=\"element bloc-text justify \">\n\t<p><script>\n    window.ctoutvert = {\n        id: 667,\n        lang: 'es',\n        url: 'https:\/\/bookingpremium.secureholiday.net\/widgets\/', \n    };\n    (function (w, d, s, ctv, r, js, fjs) {\n        r=new XMLHttpRequest();r.open('GET',w[ctv].url+'js\/src.json');\n        r.responseType='json';r.json=true;r.send();\n        r.onload=function(){w[ctv].src=r.responseType=='json'?r.response:JSON.parse(r.response);\n        js.src=w[ctv].src[0];fjs.parentNode.insertBefore(js, fjs);}\n        js=d.createElement(s),fjs=d.getElementsByTagName(s)[0];\n        js.id='ctvwidget';js.async=1;\n    }(window, document, 'script', 'ctoutvert'));\n<\/script><br \/>\n<ctv-availability data-product-id='73643;75468;39356;73095;108485' ><\/ctv-availability><\/p>\n<\/div><\/div><\/section>\n\n<section id=\"section-5f6cb96997e3d\"\" class=\"section bg-white\" \/><div class=\"container  extralarge\"><div class=\"colonnes-wrap valign-middle \"><div class=\"element colonne p-0 w-40\"><div class=\"element images\"><div class=\"image\"><img decoding=\"async\" src=\"https:\/\/www.campinglacauxoiseaux.fr\/wp-content\/uploads\/2020\/09\/tente-famille-85x100.jpg\" data-src=\"https:\/\/www.campinglacauxoiseaux.fr\/wp-content\/uploads\/2020\/09\/tente-famille.jpg\" alt=\"tente famille\" class=\"images_image\" \/><\/div><\/div><\/div><div class=\"element colonne w-60\"><h2 class=\"element section-title center p-x-4 m-t-4\">Descubra todos nuestros lanzamientos<\/h2><div class=\"element bloc-text justify p-x-4 p-y-2\">\n\t<p>En la entrada, no lejos de la recepci\u00f3n, para ustedes, caravanas o autocaravanas, hay <strong class=\"bold color1\">parcelas bien delimitadas, espaciosas<\/strong>, con electricidad, seg\u00fan sus necesidades, para tiendas, caravanas o autocaravanas. Si quieres aligerar tu coche, piensa en Ready To Camp, una tienda de campa\u00f1a con todo lo que necesitas, colchones, vajilla&#8230;, \u00a1ya instalada para ti! <\/p>\n<p>Descubra el Aveyron en autocaravana. <\/p>\n<\/div><\/div><\/div><\/div><\/section>\n\n<section id=\"section-5f6dfdd67e4b4\"\" class=\"section moz-img bg-white p-t-0 p-b-0\" \/><div class=\"container  full\"><div class=\"element images\"><div class=\"image\"><img decoding=\"async\" src=\"https:\/\/www.campinglacauxoiseaux.fr\/wp-content\/uploads\/2020\/10\/caravaning-aveyron-100x69.jpg\" data-src=\"https:\/\/www.campinglacauxoiseaux.fr\/wp-content\/uploads\/2020\/10\/caravaning-aveyron.jpg\" alt=\"caravaning aveyron\" class=\"images_image\" \/><\/div><div class=\"image\"><img decoding=\"async\" src=\"https:\/\/www.campinglacauxoiseaux.fr\/wp-content\/uploads\/2020\/09\/camping-car-emplacement-1-100x68.jpg\" data-src=\"https:\/\/www.campinglacauxoiseaux.fr\/wp-content\/uploads\/2020\/09\/camping-car-emplacement-1.jpg\" alt=\"camping car emplacement\" class=\"images_image\" \/><\/div><div class=\"image\"><img decoding=\"async\" src=\"https:\/\/www.campinglacauxoiseaux.fr\/wp-content\/uploads\/2020\/10\/caravane-aveyron-100x69.jpg\" data-src=\"https:\/\/www.campinglacauxoiseaux.fr\/wp-content\/uploads\/2020\/10\/caravane-aveyron.jpg\" alt=\"caravane aveyron\" class=\"images_image\" \/><\/div><div class=\"image\"><img decoding=\"async\" src=\"https:\/\/www.campinglacauxoiseaux.fr\/wp-content\/uploads\/2020\/10\/tente-camping-100x69.jpg\" data-src=\"https:\/\/www.campinglacauxoiseaux.fr\/wp-content\/uploads\/2020\/10\/tente-camping.jpg\" alt=\"tente camping\" class=\"images_image\" \/><\/div><\/div><\/div><\/section>\n\n<section id=\"section-5f6cb969986bf\"\" class=\"section moz-img bg-white p-t-0 p-b-0\" \/><div class=\"container  full\"><div class=\"colonnes-wrap valign-middle \"><div class=\"element colonne w-50 p-0\"><div class=\"element images\"><div class=\"image\"><img decoding=\"async\" src=\"https:\/\/www.campinglacauxoiseaux.fr\/wp-content\/uploads\/2020\/09\/sanitaires-communs-camping-100x68.jpg\" data-src=\"https:\/\/www.campinglacauxoiseaux.fr\/wp-content\/uploads\/2020\/09\/sanitaires-communs-camping.jpg\" alt=\"sanitaires communs camping\" class=\"images_image\" \/><\/div><div class=\"image\"><img decoding=\"async\" src=\"https:\/\/www.campinglacauxoiseaux.fr\/wp-content\/uploads\/2020\/10\/emplacement-camping-100x69.jpg\" data-src=\"https:\/\/www.campinglacauxoiseaux.fr\/wp-content\/uploads\/2020\/10\/emplacement-camping.jpg\" alt=\"emplacement camping\" class=\"images_image\" \/><\/div><\/div><div class=\"element images\"><div class=\"image\"><img decoding=\"async\" src=\"https:\/\/www.campinglacauxoiseaux.fr\/wp-content\/uploads\/2020\/09\/sanitaires-camping-100x68.jpg\" data-src=\"https:\/\/www.campinglacauxoiseaux.fr\/wp-content\/uploads\/2020\/09\/sanitaires-camping.jpg\" alt=\"sanitaires camping\" class=\"images_image\" \/><\/div><div class=\"image\"><img decoding=\"async\" src=\"https:\/\/www.campinglacauxoiseaux.fr\/wp-content\/uploads\/2020\/09\/tente-interieur-100x68.jpg\" data-src=\"https:\/\/www.campinglacauxoiseaux.fr\/wp-content\/uploads\/2020\/09\/tente-interieur.jpg\" alt=\"tente int\u00e9rieur\" class=\"images_image\" \/><\/div><\/div><\/div><div class=\"element colonne p-4\"><h2 class=\"element section-title left\">Alquilar un c\u00f3modo terreno en el Aveyron<\/h2><div class=\"element bloc-text justify p-x-2\">\n\t<p>Amigos puristas, les ofrecemos <strong class=\"bold color1\">grandes parcelas de tierra<\/strong> que satisfacen las necesidades de los entusiastas del <strong class=\"bold color1\">acampamiento tradicional<\/strong>. Los encontrar\u00e1 bajo los \u00e1rboles, cerca del bloque sanitario y las \u00e1reas comunes o en una gran zona soleada y tranquila en medio de la naturaleza. <\/p>\n<p>Nuestros campos <strong class=\"bold color1\">todo confort<\/strong> est\u00e1n equipados con conexiones el\u00e9ctricas de 10 Amperios, en enchufes europeos, y adecuados para tiendas, caravanas y autocaravanas. Est\u00e1n separados por <strong class=\"bold color1\">setos naturales<\/strong> que preservan su privacidad sin romper con la naturaleza. Podr\u00e1s beber tu caf\u00e9, comer, relajarte en tu tumbona o leer tu libro con total tranquilidad en tu terreno de juego, en un entorno tranquilo y con una gran vegetaci\u00f3n. <\/p>\n<p>Si te gusta la <strong class=\"bold color1\">libertad<\/strong> proporcionada por una caravana o autocaravana, estar\u00e1s feliz de encontrar una estaci\u00f3n de drenaje en el lugar. Planta tu tienda, aparca tu veh\u00edculo, ponte c\u00f3modo en tu jard\u00edn privado y disfruta del paisaje. \u00bfQuer\u00edas ir a acampar al Aveyron para estar en armon\u00eda con la naturaleza? No te preocupes, s\u00f3lo te llevar\u00e1 un d\u00eda encontrar en el lago Oiseaux lo que has venido a buscar. <\/p>\n<\/div><\/div><\/div><\/div><\/section>\n\n<section id=\"section-5f6dfdd67ed76\"\" class=\"section bg-color5\" \/><div class=\"container  extralarge\"><div class=\"colonnes-wrap valign-middle \"><div class=\"element colonne w-60\"><div class=\"element bloc-text justify p-x-4 p-y-2\">\n\t<p>Sigue el camino que te llevar\u00e1 a las <strong class=\"bold color1\">\u00e1reas comunes<\/strong>, donde encontrar\u00e1s las recientes instalaciones sanitarias y una lavander\u00eda, con lavadora y secadora que funcionan con monedas, as\u00ed como la tabla de planchar y la plancha. Un espacio <strong class=\"bold color1\">es adecuado para ni\u00f1os peque\u00f1os<\/strong>, ba\u00f1era y cambiador, y para ni\u00f1os peque\u00f1os, con lavabo y ducha a la altura adecuada. Tambi\u00e9n tenemos caba\u00f1as familiares, con lavabo y ducha, donde se puede ajustar la temperatura del agua. Las instalaciones sanitarias se limpian y desinfectan regularmente. <\/p>\n<p>Finalmente aqu\u00ed est\u00e1 la terraza del bar-restaurante, el espacio acu\u00e1tico con su piscina cubierta y toboganes, y las \u00e1reas de juego, para toda la familia.<\/p>\n<p>Para nuestros amigos en camionetas, dentro de nuestro camping en Martiel, hay un punto de vaciado, para facilitar sus movimientos. <\/p>\n<p>Y si prefiere dormir en un mobil-home alquilado con sanitarios durante su estancia cerca de Villefranche de Rouergue, en el Causse aveyronnais, no olvide visitar nuestras p\u00e1ginas dedicadas al alquiler de mobil-homes en el Aveyron. O reserve su carpa totalmente equipada, la Ready To Camp, que le espera en su hermoso campo. <\/p>\n<\/div><\/div><div class=\"element colonne p-0 w-40\"><div class=\"element images\"><div class=\"image\"><img decoding=\"async\" src=\"https:\/\/www.campinglacauxoiseaux.fr\/wp-content\/uploads\/2020\/10\/parc-aquatique-aveyron-85x100.jpg\" data-src=\"https:\/\/www.campinglacauxoiseaux.fr\/wp-content\/uploads\/2020\/10\/parc-aquatique-aveyron.jpg\" alt=\"piscine et jeu gonflable\" class=\"images_image\" \/><\/div><\/div><\/div><\/div><\/div><\/section>\n\n<section id=\"section-5f6cb96998af5\"\" class=\"section bg-white\" \/><div class=\"container  extralarge\"><div class=\"element section-title center cta-title\">Descubra nuestros alquileres<\/div><ul class=\"liste-de-page\"><li class=\"element call-to-action  call-to-action--style-1 call-to-action--normal\"><a href=\"https:\/\/www.campinglacauxoiseaux.fr\/es\/alquiler-de-mobil-homes-aveyron\/\"  class=\"call-to-action_link\" title=\"Aprende m\u00e1s sobre nuestros alquileres\"><div class=\"call-to-action_image\"><img decoding=\"async\" src=\"https:\/\/www.campinglacauxoiseaux.fr\/wp-content\/uploads\/2020\/09\/Mobil-home-exterieur-camping-100x56.jpg\" data-src=\"https:\/\/www.campinglacauxoiseaux.fr\/wp-content\/uploads\/2020\/09\/Mobil-home-exterieur-camping.jpg\" alt=\"Mobil home ext\u00e8rieur camping\" class=\"normal\" \/><\/div><div class=\"call-to-action_contenu\"><div class=\"call-to-action_titre\">Nuestros alquileres<\/div><\/div><\/a><\/li><li class=\"element call-to-action  call-to-action--style-1 call-to-action--normal call-to-action--style-1 call-to-action--normal\"><a href=\"https:\/\/www.campinglacauxoiseaux.fr\/es\/camping-barato-aveyron\/\"  class=\"call-to-action_link\" title=\"Aprende m\u00e1s sobre nuestras tarifas\"><div class=\"call-to-action_image\"><img decoding=\"async\" src=\"https:\/\/www.campinglacauxoiseaux.fr\/wp-content\/uploads\/2020\/10\/tarifs-location-aveyron-100x56.jpg\" data-src=\"https:\/\/www.campinglacauxoiseaux.fr\/wp-content\/uploads\/2020\/10\/tarifs-location-aveyron.jpg\" alt=\"tarifs location aveyron\" class=\"normal\" \/><\/div><div class=\"call-to-action_contenu\"><div class=\"call-to-action_titre\">Nuestras tarifas<\/div><\/div><\/a><\/li><li class=\"element call-to-action  call-to-action--style-1 call-to-action--normal call-to-action--style-1 call-to-action--normal call-to-action--style-1 call-to-action--normal\"><a href=\"https:\/\/www.campinglacauxoiseaux.fr\/es\/camioneta-aveyron\/\"  class=\"call-to-action_link\" title=\"Aprende m\u00e1s sobre nuestras autocaravanas\"><div class=\"call-to-action_image\"><img decoding=\"async\" src=\"https:\/\/www.campinglacauxoiseaux.fr\/wp-content\/uploads\/2020\/10\/camping-car-100x56.jpg\" data-src=\"https:\/\/www.campinglacauxoiseaux.fr\/wp-content\/uploads\/2020\/10\/camping-car.jpg\" alt=\"camping car\" class=\"normal\" \/><\/div><div class=\"call-to-action_contenu\"><div class=\"call-to-action_titre\">Nuestras autocaravanas<\/div><\/div><\/a><\/li><\/ul><\/div><\/section>","protected":false},"excerpt":{"rendered":"","protected":false},"author":1,"featured_media":8932,"parent":0,"menu_order":0,"comment_status":"closed","ping_status":"closed","template":"","meta":{"footnotes":""},"class_list":["post-2403","page","type-page","status-publish","has-post-thumbnail","hentry"],"acf":[],"yoast_head":"<!-- This site is optimized with the Yoast SEO plugin v23.4 - https:\/\/yoast.com\/wordpress\/plugins\/seo\/ -->\n<title>Alquiler de parcelas para carpas y autocaravanas en el Aveyron<\/title>\n<meta name=\"description\" content=\"M\u00e1s informaci\u00f3n sobre el alquiler de camping-caravanas en Aveyron\" \/>\n<meta name=\"robots\" content=\"index, follow, max-snippet:-1, max-image-preview:large, max-video-preview:-1\" \/>\n<link rel=\"canonical\" href=\"https:\/\/www.campinglacauxoiseaux.fr\/es\/parcelas-de-camping-aveyron\/\" \/>\n<meta property=\"og:locale\" content=\"es_ES\" \/>\n<meta property=\"og:type\" content=\"article\" \/>\n<meta property=\"og:title\" content=\"Alquiler de parcelas para carpas y autocaravanas en el Aveyron\" \/>\n<meta property=\"og:description\" content=\"M\u00e1s informaci\u00f3n sobre el alquiler de camping-caravanas en Aveyron\" \/>\n<meta property=\"og:url\" content=\"https:\/\/www.campinglacauxoiseaux.fr\/es\/parcelas-de-camping-aveyron\/\" \/>\n<meta property=\"og:site_name\" content=\"Camping Lac aux Oiseaux\" \/>\n<meta property=\"article:modified_time\" content=\"2021-07-08T11:02:50+00:00\" \/>\n<meta property=\"og:image\" content=\"https:\/\/www.campinglacauxoiseaux.fr\/wp-content\/uploads\/2021\/02\/camping-vacances-aveyron.jpeg\" \/>\n\t<meta property=\"og:image:width\" content=\"1903\" \/>\n\t<meta property=\"og:image:height\" content=\"550\" \/>\n\t<meta property=\"og:image:type\" content=\"image\/jpeg\" \/>\n<meta name=\"twitter:card\" content=\"summary_large_image\" \/>\n<script type=\"application\/ld+json\" class=\"yoast-schema-graph\">{\"@context\":\"https:\/\/schema.org\",\"@graph\":[{\"@type\":\"WebPage\",\"@id\":\"https:\/\/www.campinglacauxoiseaux.fr\/es\/parcelas-de-camping-aveyron\/\",\"url\":\"https:\/\/www.campinglacauxoiseaux.fr\/es\/parcelas-de-camping-aveyron\/\",\"name\":\"Alquiler de parcelas para carpas y autocaravanas en el Aveyron\",\"isPartOf\":{\"@id\":\"https:\/\/www.campinglacauxoiseaux.fr\/es\/#website\"},\"primaryImageOfPage\":{\"@id\":\"https:\/\/www.campinglacauxoiseaux.fr\/es\/parcelas-de-camping-aveyron\/#primaryimage\"},\"image\":{\"@id\":\"https:\/\/www.campinglacauxoiseaux.fr\/es\/parcelas-de-camping-aveyron\/#primaryimage\"},\"thumbnailUrl\":\"https:\/\/www.campinglacauxoiseaux.fr\/wp-content\/uploads\/2021\/02\/camping-vacances-aveyron.jpeg\",\"datePublished\":\"2019-02-04T15:17:47+00:00\",\"dateModified\":\"2021-07-08T11:02:50+00:00\",\"description\":\"M\u00e1s informaci\u00f3n sobre el alquiler de camping-caravanas en Aveyron\",\"breadcrumb\":{\"@id\":\"https:\/\/www.campinglacauxoiseaux.fr\/es\/parcelas-de-camping-aveyron\/#breadcrumb\"},\"inLanguage\":\"es\",\"potentialAction\":[{\"@type\":\"ReadAction\",\"target\":[\"https:\/\/www.campinglacauxoiseaux.fr\/es\/parcelas-de-camping-aveyron\/\"]}]},{\"@type\":\"ImageObject\",\"inLanguage\":\"es\",\"@id\":\"https:\/\/www.campinglacauxoiseaux.fr\/es\/parcelas-de-camping-aveyron\/#primaryimage\",\"url\":\"https:\/\/www.campinglacauxoiseaux.fr\/wp-content\/uploads\/2021\/02\/camping-vacances-aveyron.jpeg\",\"contentUrl\":\"https:\/\/www.campinglacauxoiseaux.fr\/wp-content\/uploads\/2021\/02\/camping-vacances-aveyron.jpeg\",\"width\":1903,\"height\":550,\"caption\":\"camping de vacances en Aveyron\"},{\"@type\":\"BreadcrumbList\",\"@id\":\"https:\/\/www.campinglacauxoiseaux.fr\/es\/parcelas-de-camping-aveyron\/#breadcrumb\",\"itemListElement\":[{\"@type\":\"ListItem\",\"position\":1,\"name\":\"Camping Aveyron\",\"item\":\"https:\/\/www.campinglacauxoiseaux.fr\/es\/\"},{\"@type\":\"ListItem\",\"position\":2,\"name\":\"Alquile un parcelas marcial\"}]},{\"@type\":\"WebSite\",\"@id\":\"https:\/\/www.campinglacauxoiseaux.fr\/es\/#website\",\"url\":\"https:\/\/www.campinglacauxoiseaux.fr\/es\/\",\"name\":\"Camping Lac aux Oiseaux\",\"description\":\"\",\"potentialAction\":[{\"@type\":\"SearchAction\",\"target\":{\"@type\":\"EntryPoint\",\"urlTemplate\":\"https:\/\/www.campinglacauxoiseaux.fr\/es\/?s={search_term_string}\"},\"query-input\":{\"@type\":\"PropertyValueSpecification\",\"valueRequired\":true,\"valueName\":\"search_term_string\"}}],\"inLanguage\":\"es\"}]}<\/script>\n<!-- \/ Yoast SEO plugin. -->","yoast_head_json":{"title":"Alquiler de parcelas para carpas y autocaravanas en el Aveyron","description":"M\u00e1s informaci\u00f3n sobre el alquiler de camping-caravanas en Aveyron","robots":{"index":"index","follow":"follow","max-snippet":"max-snippet:-1","max-image-preview":"max-image-preview:large","max-video-preview":"max-video-preview:-1"},"canonical":"https:\/\/www.campinglacauxoiseaux.fr\/es\/parcelas-de-camping-aveyron\/","og_locale":"es_ES","og_type":"article","og_title":"Alquiler de parcelas para carpas y autocaravanas en el Aveyron","og_description":"M\u00e1s informaci\u00f3n sobre el alquiler de camping-caravanas en Aveyron","og_url":"https:\/\/www.campinglacauxoiseaux.fr\/es\/parcelas-de-camping-aveyron\/","og_site_name":"Camping Lac aux Oiseaux","article_modified_time":"2021-07-08T11:02:50+00:00","og_image":[{"width":1903,"height":550,"url":"https:\/\/www.campinglacauxoiseaux.fr\/wp-content\/uploads\/2021\/02\/camping-vacances-aveyron.jpeg","type":"image\/jpeg"}],"twitter_card":"summary_large_image","schema":{"@context":"https:\/\/schema.org","@graph":[{"@type":"WebPage","@id":"https:\/\/www.campinglacauxoiseaux.fr\/es\/parcelas-de-camping-aveyron\/","url":"https:\/\/www.campinglacauxoiseaux.fr\/es\/parcelas-de-camping-aveyron\/","name":"Alquiler de parcelas para carpas y autocaravanas en el Aveyron","isPartOf":{"@id":"https:\/\/www.campinglacauxoiseaux.fr\/es\/#website"},"primaryImageOfPage":{"@id":"https:\/\/www.campinglacauxoiseaux.fr\/es\/parcelas-de-camping-aveyron\/#primaryimage"},"image":{"@id":"https:\/\/www.campinglacauxoiseaux.fr\/es\/parcelas-de-camping-aveyron\/#primaryimage"},"thumbnailUrl":"https:\/\/www.campinglacauxoiseaux.fr\/wp-content\/uploads\/2021\/02\/camping-vacances-aveyron.jpeg","datePublished":"2019-02-04T15:17:47+00:00","dateModified":"2021-07-08T11:02:50+00:00","description":"M\u00e1s informaci\u00f3n sobre el alquiler de camping-caravanas en Aveyron","breadcrumb":{"@id":"https:\/\/www.campinglacauxoiseaux.fr\/es\/parcelas-de-camping-aveyron\/#breadcrumb"},"inLanguage":"es","potentialAction":[{"@type":"ReadAction","target":["https:\/\/www.campinglacauxoiseaux.fr\/es\/parcelas-de-camping-aveyron\/"]}]},{"@type":"ImageObject","inLanguage":"es","@id":"https:\/\/www.campinglacauxoiseaux.fr\/es\/parcelas-de-camping-aveyron\/#primaryimage","url":"https:\/\/www.campinglacauxoiseaux.fr\/wp-content\/uploads\/2021\/02\/camping-vacances-aveyron.jpeg","contentUrl":"https:\/\/www.campinglacauxoiseaux.fr\/wp-content\/uploads\/2021\/02\/camping-vacances-aveyron.jpeg","width":1903,"height":550,"caption":"camping de vacances en Aveyron"},{"@type":"BreadcrumbList","@id":"https:\/\/www.campinglacauxoiseaux.fr\/es\/parcelas-de-camping-aveyron\/#breadcrumb","itemListElement":[{"@type":"ListItem","position":1,"name":"Camping Aveyron","item":"https:\/\/www.campinglacauxoiseaux.fr\/es\/"},{"@type":"ListItem","position":2,"name":"Alquile un parcelas marcial"}]},{"@type":"WebSite","@id":"https:\/\/www.campinglacauxoiseaux.fr\/es\/#website","url":"https:\/\/www.campinglacauxoiseaux.fr\/es\/","name":"Camping Lac aux Oiseaux","description":"","potentialAction":[{"@type":"SearchAction","target":{"@type":"EntryPoint","urlTemplate":"https:\/\/www.campinglacauxoiseaux.fr\/es\/?s={search_term_string}"},"query-input":{"@type":"PropertyValueSpecification","valueRequired":true,"valueName":"search_term_string"}}],"inLanguage":"es"}]}},"_links":{"self":[{"href":"https:\/\/www.campinglacauxoiseaux.fr\/es\/wp-json\/wp\/v2\/pages\/2403"}],"collection":[{"href":"https:\/\/www.campinglacauxoiseaux.fr\/es\/wp-json\/wp\/v2\/pages"}],"about":[{"href":"https:\/\/www.campinglacauxoiseaux.fr\/es\/wp-json\/wp\/v2\/types\/page"}],"author":[{"embeddable":true,"href":"https:\/\/www.campinglacauxoiseaux.fr\/es\/wp-json\/wp\/v2\/users\/1"}],"replies":[{"embeddable":true,"href":"https:\/\/www.campinglacauxoiseaux.fr\/es\/wp-json\/wp\/v2\/comments?post=2403"}],"version-history":[{"count":9,"href":"https:\/\/www.campinglacauxoiseaux.fr\/es\/wp-json\/wp\/v2\/pages\/2403\/revisions"}],"predecessor-version":[{"id":9555,"href":"https:\/\/www.campinglacauxoiseaux.fr\/es\/wp-json\/wp\/v2\/pages\/2403\/revisions\/9555"}],"wp:featuredmedia":[{"embeddable":true,"href":"https:\/\/www.campinglacauxoiseaux.fr\/es\/wp-json\/wp\/v2\/media\/8932"}],"wp:attachment":[{"href":"https:\/\/www.campinglacauxoiseaux.fr\/es\/wp-json\/wp\/v2\/media?parent=2403"}],"curies":[{"name":"wp","href":"https:\/\/api.w.org\/{rel}","templated":true}]}}