{"id":2381,"date":"2019-02-04T16:00:56","date_gmt":"2019-02-04T15:00:56","guid":{"rendered":"https:\/\/www.campinglacauxoiseaux.fr\/camping-con-zona-acuatica-en-el-aveyron\/"},"modified":"2024-03-05T18:16:47","modified_gmt":"2024-03-05T17:16:47","slug":"camping-con-zona-acuatica-en-el-aveyron","status":"publish","type":"page","link":"https:\/\/www.campinglacauxoiseaux.fr\/es\/camping-con-zona-acuatica-en-el-aveyron\/","title":{"rendered":"Camping con zona acu\u00e1tica en el Aveyron"},"content":{"rendered":"<section id=\"section-5f451f73bf364\"\" class=\"section bg-white p-b-0\" \/><div class=\"container  extralarge\"><h1 class=\"element section-title center\">Camping con piscina en el Aveyron<\/h1><div class=\"element bloc-text center \">\n\t<p>\u00bfEst\u00e1s buscando un <strong class=\"bold color1\">camping con piscina Aveyron<\/strong>?<br \/>\nEncontrar\u00e1s nuestra \u00e1rea acu\u00e1tica, piscinas y toboganes, accesibles a todos nuestros residentes, en nuestro <a href=\"\/es\/\">camping en Martiel<\/a>. <\/p>\n<p>La <strong class=\"bold color1\">piscina grande<\/strong> est\u00e1 dedicada a los adultos mientras que la <strong class=\"bold color1\">piscina para ni\u00f1os<\/strong> y la <strong class=\"bold color1\">mini-toboggan<\/strong> est\u00e1n reservadas para los m\u00e1s j\u00f3venes. <\/p>\n<p>\u00a1T\u00f3mate el tiempo de subir al tobog\u00e1n y luego d\u00e9jate deslizar! \u00a1Los tres senderos incluso te permiten ir de compras con amigos o familiares!<br \/>\nCiertamente no tendr\u00e1s tiempo de aburrirte en nuestro camping en el Aveyron con piscina, un para\u00edso para <strong class=\"bold color1\">diversi\u00f3n acu\u00e1tica<\/strong> ! <\/p>\n<\/div><\/div><\/section>\n\n<section id=\"section-5f452840a7ae9\"\" class=\"section bg-white\" \/><div class=\"container  extralarge\"><div class=\"colonnes-wrap valign-middle \"><div class=\"element colonne p-0 w-40\"><div class=\"element images\"><div class=\"image\"><img decoding=\"async\" src=\"https:\/\/www.campinglacauxoiseaux.fr\/wp-content\/uploads\/2020\/10\/parc-aquatique-aveyron-85x100.jpg\" data-src=\"https:\/\/www.campinglacauxoiseaux.fr\/wp-content\/uploads\/2020\/10\/parc-aquatique-aveyron.jpg\" alt=\"parc aquatique aveyron\" class=\"images_image\" \/><\/div><\/div><\/div><div class=\"element colonne w-60\"><h2 class=\"element section-title center p-x-4 m-t-4\">Camping parque acu\u00e1tico del Aveyron<\/h2><div class=\"element bloc-text justify p-x-4 p-y-2\">\n\t<p>Los r\u00edos Aveyron y Lot est\u00e1n en las inmediaciones y otras actividades acu\u00e1ticas le esperan, sobre todo porque los r\u00edos Aveyron y Lot est\u00e1n cerca. Una amplia gama de actividades y actividades de ocio tambi\u00e9n est\u00e1n disponibles en y alrededor de nuestro camping con la piscina del Aveyron . Los juegos para ni\u00f1os y la jirafa inflable divertir\u00e1n a los peque\u00f1os. Tambi\u00e9n puede acceder al campo de minigolf para sus momentos de relajaci\u00f3n con su familia. Y por supuesto, los toboganes de los toboganes te ofrecer\u00e1n salpicaduras y chapoteos para que te diviertas de verdad. <\/p>\n<p>\u00bfDesea reservar unas vacaciones de camping con piscina cubierta en el Aveyron? Tambi\u00e9n te encantar\u00e1n los lagos de Aveyron. <\/p>\n<\/div><\/div><\/div><\/div><\/section>\n\n<section id=\"section-5f452840a7f37\"\" class=\"section moz-img bg-white p-t-0 p-b-0\" \/><div class=\"container  full\"><div class=\"element images\"><div class=\"image\"><img decoding=\"async\" src=\"https:\/\/www.campinglacauxoiseaux.fr\/wp-content\/uploads\/2020\/10\/baignade-aveyron-100x69.jpg\" data-src=\"https:\/\/www.campinglacauxoiseaux.fr\/wp-content\/uploads\/2020\/10\/baignade-aveyron.jpg\" alt=\"baignade aveyron\" class=\"images_image\" \/><\/div><div class=\"image\"><img decoding=\"async\" src=\"https:\/\/www.campinglacauxoiseaux.fr\/wp-content\/uploads\/2020\/10\/piscine-enfant-lac-aux-oiseaux-100x69.jpg\" data-src=\"https:\/\/www.campinglacauxoiseaux.fr\/wp-content\/uploads\/2020\/10\/piscine-enfant-lac-aux-oiseaux.jpg\" alt=\"piscine enfant lac aux oiseaux\" class=\"images_image\" \/><\/div><div class=\"image\"><img decoding=\"async\" src=\"https:\/\/www.campinglacauxoiseaux.fr\/wp-content\/uploads\/2020\/10\/camping-espace-aquatique-aveyron-100x69.jpg\" data-src=\"https:\/\/www.campinglacauxoiseaux.fr\/wp-content\/uploads\/2020\/10\/camping-espace-aquatique-aveyron.jpg\" alt=\"camping espace aquatique aveyron\" class=\"images_image\" \/><\/div><div class=\"image\"><img decoding=\"async\" src=\"https:\/\/www.campinglacauxoiseaux.fr\/wp-content\/uploads\/2020\/10\/piscine-enfant-aveyron-100x69.jpg\" data-src=\"https:\/\/www.campinglacauxoiseaux.fr\/wp-content\/uploads\/2020\/10\/piscine-enfant-aveyron.jpg\" alt=\"piscine enfant aveyron\" class=\"images_image\" \/><\/div><\/div><\/div><\/section>\n\n<section id=\"section-5f45221b3a2e5\"\" class=\"section moz-img bg-white p-t-0 p-b-0\" \/><div class=\"container  full\"><div class=\"colonnes-wrap valign-middle \"><div class=\"element colonne w-50 p-0\"><div class=\"element images\"><div class=\"image\"><img decoding=\"async\" src=\"https:\/\/www.campinglacauxoiseaux.fr\/wp-content\/uploads\/2020\/10\/vacances-piscine-aveyron-100x69.jpg\" data-src=\"https:\/\/www.campinglacauxoiseaux.fr\/wp-content\/uploads\/2020\/10\/vacances-piscine-aveyron.jpg\" alt=\"vacances piscine aveyron\" class=\"images_image\" \/><\/div><div class=\"image\"><img decoding=\"async\" src=\"https:\/\/www.campinglacauxoiseaux.fr\/wp-content\/uploads\/2020\/10\/toboggan-piscine-aveyron-100x69.jpg\" data-src=\"https:\/\/www.campinglacauxoiseaux.fr\/wp-content\/uploads\/2020\/10\/toboggan-piscine-aveyron.jpg\" alt=\"toboggan piscine aveyron\" class=\"images_image\" \/><\/div><\/div><div class=\"element images\"><div class=\"image\"><img decoding=\"async\" src=\"https:\/\/www.campinglacauxoiseaux.fr\/wp-content\/uploads\/2020\/10\/piscine-lac-aux-oiseaux-100x69.jpg\" data-src=\"https:\/\/www.campinglacauxoiseaux.fr\/wp-content\/uploads\/2020\/10\/piscine-lac-aux-oiseaux.jpg\" alt=\"piscine lac aux oiseaux\" class=\"images_image\" \/><\/div><div class=\"image\"><img decoding=\"async\" src=\"https:\/\/www.campinglacauxoiseaux.fr\/wp-content\/uploads\/2020\/10\/aquagym-aveyron-100x69.jpg\" data-src=\"https:\/\/www.campinglacauxoiseaux.fr\/wp-content\/uploads\/2020\/10\/aquagym-aveyron.jpg\" alt=\"aquagym aveyron\" class=\"images_image\" \/><\/div><\/div><\/div><div class=\"element colonne p-4\"><h2 class=\"element section-title left\">Camping con piscina cubierta y calentada en el Aveyron<\/h2><div class=\"element bloc-text justify p-x-2\">\n\t<p>En el camping con piscina en el Aveyron , se compone de una <strong class=\"bold color1\">base de recepci\u00f3n<\/strong> para los grandes toboganes, una <strong class=\"bold color1\">piscina cubierta grande<\/strong> y una piscina para los ni\u00f1os, para que toda la familia pueda tener su propio espacio durante sus <strong class=\"bold color1\">momentos relajantes<\/strong>. La gran piscina bajo su hermoso refugio, rodeada de \u00e1rboles, le dar\u00e1 la impresi\u00f3n de nadar en el verdor. Y la temperatura es ideal, \u00a1cualquiera que sea la estaci\u00f3n!<\/p>\n<p>Como el tama\u00f1o de la piscina (y el camping para el caso) es razonable, es muy f\u00e1cil para los padres vigilar a sus hijos. La <strong class=\"bold color1\"> atm\u00f3sfera tranquila<\/strong> y <strong class=\"bold color1\">amigable<\/strong> de la piscina seguro que te complacer\u00e1. <\/p>\n<\/div><\/div><\/div><\/div><\/section>\n\n<section id=\"section-5f452440b799d\"\" class=\"section bg-color5\" \/><div class=\"container  extralarge\"><div class=\"colonnes-wrap valign-middle \"><div class=\"element colonne w-60\"><h2 class=\"element section-title center p-x-4 m-t-4\">Una piscina infantil para los m\u00e1s j\u00f3venes<\/h2><div class=\"element bloc-text justify p-x-4 p-y-2\">\n\t<p>La piscina infantil del <strong class=\"bold color1\">\u00e1rea acu\u00e1tica<\/strong> del camping con piscina climatizada del Aveyron har\u00e1 las delicias de los m\u00e1s j\u00f3venes. Esta piscina es un <strong class=\"bold color1\">\u00e1rea de diversi\u00f3n<\/strong> y <strong class=\"bold color1\">relajaci\u00f3n<\/strong> para peque\u00f1os campistas. Aqu\u00ed pueden socializar con ni\u00f1os de su edad bajo la supervisi\u00f3n de un adulto. <\/p>\n<p>La piscina infantil est\u00e1 equipada con un <strong class=\"bold color1\">mini-toboggan<\/strong> para el deleite de los ni\u00f1os peque\u00f1os. <\/p>\n<\/div><\/div><div class=\"element colonne p-0 w-40\"><div class=\"element images\"><div class=\"image\"><img decoding=\"async\" src=\"https:\/\/www.campinglacauxoiseaux.fr\/wp-content\/uploads\/2024\/03\/piscine-tobbogan-85x100.jpeg\" data-src=\"https:\/\/www.campinglacauxoiseaux.fr\/wp-content\/uploads\/2024\/03\/piscine-tobbogan.jpeg\" alt=\"tobbogan\" class=\"images_image\" \/><\/div><\/div><\/div><\/div><\/div><\/section>\n\n<section id=\"section-5f452840a94e1\"\" class=\"section bg-white\" \/><div class=\"container  extralarge\"><div class=\"element section-title center cta-title\">Descubra las actividades del camping<\/div><ul class=\"liste-de-page\"><li class=\"element call-to-action  call-to-action--style-1 call-to-action--normal\"><a href=\"https:\/\/www.campinglacauxoiseaux.fr\/es\/camping-aveyron-con-animacion\/\"  class=\"call-to-action_link\" title=\"Aprende m\u00e1s sobre nuestras animaciones\"><div class=\"call-to-action_image\"><img decoding=\"async\" src=\"https:\/\/www.campinglacauxoiseaux.fr\/wp-content\/uploads\/2020\/09\/girafe-gonflable-2-100x56.jpg\" data-src=\"https:\/\/www.campinglacauxoiseaux.fr\/wp-content\/uploads\/2020\/09\/girafe-gonflable-2.jpg\" alt=\"girafe gonflable\" class=\"normal\" \/><\/div><div class=\"call-to-action_contenu\"><div class=\"call-to-action_titre\">Nuestras animaciones<\/div><\/div><\/a><\/li><li class=\"element call-to-action  call-to-action--style-1 call-to-action--normal call-to-action--style-1 call-to-action--normal\"><a href=\"https:\/\/www.campinglacauxoiseaux.fr\/es\/camping-con-la-mini-granja\/\"  class=\"call-to-action_link\" title=\"Aprende m\u00e1s sobre nuestra mini granja\"><div class=\"call-to-action_image\"><img decoding=\"async\" src=\"https:\/\/www.campinglacauxoiseaux.fr\/wp-content\/uploads\/2020\/10\/mini-ferme-aveyron-100x56.jpg\" data-src=\"https:\/\/www.campinglacauxoiseaux.fr\/wp-content\/uploads\/2020\/10\/mini-ferme-aveyron.jpg\" alt=\"mini ferme aveyron\" class=\"normal\" \/><\/div><div class=\"call-to-action_contenu\"><div class=\"call-to-action_titre\">Nuestra mini granja<\/div><\/div><\/a><\/li><li class=\"element call-to-action  call-to-action--style-1 call-to-action--normal call-to-action--style-1 call-to-action--normal call-to-action--style-1 call-to-action--normal\"><a href=\"https:\/\/www.campinglacauxoiseaux.fr\/es\/camping-junto-al-lago-aveyron\/\"  class=\"call-to-action_link\" title=\"Aprende m\u00e1s sobre a la orilla del lago \"><div class=\"call-to-action_image\"><img decoding=\"async\" src=\"https:\/\/www.campinglacauxoiseaux.fr\/wp-content\/uploads\/2020\/10\/peche-lac-100x56.jpg\" data-src=\"https:\/\/www.campinglacauxoiseaux.fr\/wp-content\/uploads\/2020\/10\/peche-lac.jpg\" alt=\"peche lac\" class=\"normal\" \/><\/div><div class=\"call-to-action_contenu\"><div class=\"call-to-action_titre\">A la orilla del lago <\/div><\/div><\/a><\/li><\/ul><\/div><\/section>","protected":false},"excerpt":{"rendered":"","protected":false},"author":1,"featured_media":7625,"parent":0,"menu_order":0,"comment_status":"closed","ping_status":"closed","template":"","meta":{"footnotes":""},"class_list":["post-2381","page","type-page","status-publish","has-post-thumbnail","hentry"],"acf":[],"yoast_head":"<!-- This site is optimized with the Yoast SEO plugin v23.4 - https:\/\/yoast.com\/wordpress\/plugins\/seo\/ -->\n<title>Camping Aveyron con piscina - Camping 3 estrellas Piscina climatizada<\/title>\n<meta name=\"robots\" content=\"index, follow, max-snippet:-1, max-image-preview:large, max-video-preview:-1\" \/>\n<link rel=\"canonical\" href=\"https:\/\/www.campinglacauxoiseaux.fr\/es\/camping-con-zona-acuatica-en-el-aveyron\/\" \/>\n<meta property=\"og:locale\" content=\"es_ES\" \/>\n<meta property=\"og:type\" content=\"article\" \/>\n<meta property=\"og:title\" content=\"Camping Aveyron con piscina - Camping 3 estrellas Piscina climatizada\" \/>\n<meta property=\"og:url\" content=\"https:\/\/www.campinglacauxoiseaux.fr\/es\/camping-con-zona-acuatica-en-el-aveyron\/\" \/>\n<meta property=\"og:site_name\" content=\"Camping Lac aux Oiseaux\" \/>\n<meta property=\"article:modified_time\" content=\"2024-03-05T17:16:47+00:00\" \/>\n<meta property=\"og:image\" content=\"https:\/\/www.campinglacauxoiseaux.fr\/wp-content\/uploads\/2020\/10\/piscine-aveyron.jpg\" \/>\n\t<meta property=\"og:image:width\" content=\"1903\" \/>\n\t<meta property=\"og:image:height\" content=\"550\" \/>\n\t<meta property=\"og:image:type\" content=\"image\/jpeg\" \/>\n<meta name=\"twitter:card\" content=\"summary_large_image\" \/>\n<meta name=\"twitter:label1\" content=\"Tiempo de lectura\" \/>\n\t<meta name=\"twitter:data1\" content=\"1 minuto\" \/>\n<script type=\"application\/ld+json\" class=\"yoast-schema-graph\">{\"@context\":\"https:\/\/schema.org\",\"@graph\":[{\"@type\":\"WebPage\",\"@id\":\"https:\/\/www.campinglacauxoiseaux.fr\/es\/camping-con-zona-acuatica-en-el-aveyron\/\",\"url\":\"https:\/\/www.campinglacauxoiseaux.fr\/es\/camping-con-zona-acuatica-en-el-aveyron\/\",\"name\":\"Camping Aveyron con piscina - Camping 3 estrellas Piscina climatizada\",\"isPartOf\":{\"@id\":\"https:\/\/www.campinglacauxoiseaux.fr\/es\/#website\"},\"primaryImageOfPage\":{\"@id\":\"https:\/\/www.campinglacauxoiseaux.fr\/es\/camping-con-zona-acuatica-en-el-aveyron\/#primaryimage\"},\"image\":{\"@id\":\"https:\/\/www.campinglacauxoiseaux.fr\/es\/camping-con-zona-acuatica-en-el-aveyron\/#primaryimage\"},\"thumbnailUrl\":\"https:\/\/www.campinglacauxoiseaux.fr\/wp-content\/uploads\/2020\/10\/piscine-aveyron.jpg\",\"datePublished\":\"2019-02-04T15:00:56+00:00\",\"dateModified\":\"2024-03-05T17:16:47+00:00\",\"breadcrumb\":{\"@id\":\"https:\/\/www.campinglacauxoiseaux.fr\/es\/camping-con-zona-acuatica-en-el-aveyron\/#breadcrumb\"},\"inLanguage\":\"es\",\"potentialAction\":[{\"@type\":\"ReadAction\",\"target\":[\"https:\/\/www.campinglacauxoiseaux.fr\/es\/camping-con-zona-acuatica-en-el-aveyron\/\"]}]},{\"@type\":\"ImageObject\",\"inLanguage\":\"es\",\"@id\":\"https:\/\/www.campinglacauxoiseaux.fr\/es\/camping-con-zona-acuatica-en-el-aveyron\/#primaryimage\",\"url\":\"https:\/\/www.campinglacauxoiseaux.fr\/wp-content\/uploads\/2020\/10\/piscine-aveyron.jpg\",\"contentUrl\":\"https:\/\/www.campinglacauxoiseaux.fr\/wp-content\/uploads\/2020\/10\/piscine-aveyron.jpg\",\"width\":1903,\"height\":550,\"caption\":\"piscine aveyron\"},{\"@type\":\"BreadcrumbList\",\"@id\":\"https:\/\/www.campinglacauxoiseaux.fr\/es\/camping-con-zona-acuatica-en-el-aveyron\/#breadcrumb\",\"itemListElement\":[{\"@type\":\"ListItem\",\"position\":1,\"name\":\"Camping Aveyron\",\"item\":\"https:\/\/www.campinglacauxoiseaux.fr\/es\/\"},{\"@type\":\"ListItem\",\"position\":2,\"name\":\"Camping con piscina en Aveyron\"}]},{\"@type\":\"WebSite\",\"@id\":\"https:\/\/www.campinglacauxoiseaux.fr\/es\/#website\",\"url\":\"https:\/\/www.campinglacauxoiseaux.fr\/es\/\",\"name\":\"Camping Lac aux Oiseaux\",\"description\":\"\",\"potentialAction\":[{\"@type\":\"SearchAction\",\"target\":{\"@type\":\"EntryPoint\",\"urlTemplate\":\"https:\/\/www.campinglacauxoiseaux.fr\/es\/?s={search_term_string}\"},\"query-input\":{\"@type\":\"PropertyValueSpecification\",\"valueRequired\":true,\"valueName\":\"search_term_string\"}}],\"inLanguage\":\"es\"}]}<\/script>\n<!-- \/ Yoast SEO plugin. -->","yoast_head_json":{"title":"Camping Aveyron con piscina - Camping 3 estrellas Piscina climatizada","robots":{"index":"index","follow":"follow","max-snippet":"max-snippet:-1","max-image-preview":"max-image-preview:large","max-video-preview":"max-video-preview:-1"},"canonical":"https:\/\/www.campinglacauxoiseaux.fr\/es\/camping-con-zona-acuatica-en-el-aveyron\/","og_locale":"es_ES","og_type":"article","og_title":"Camping Aveyron con piscina - Camping 3 estrellas Piscina climatizada","og_url":"https:\/\/www.campinglacauxoiseaux.fr\/es\/camping-con-zona-acuatica-en-el-aveyron\/","og_site_name":"Camping Lac aux Oiseaux","article_modified_time":"2024-03-05T17:16:47+00:00","og_image":[{"width":1903,"height":550,"url":"https:\/\/www.campinglacauxoiseaux.fr\/wp-content\/uploads\/2020\/10\/piscine-aveyron.jpg","type":"image\/jpeg"}],"twitter_card":"summary_large_image","twitter_misc":{"Tiempo de lectura":"1 minuto"},"schema":{"@context":"https:\/\/schema.org","@graph":[{"@type":"WebPage","@id":"https:\/\/www.campinglacauxoiseaux.fr\/es\/camping-con-zona-acuatica-en-el-aveyron\/","url":"https:\/\/www.campinglacauxoiseaux.fr\/es\/camping-con-zona-acuatica-en-el-aveyron\/","name":"Camping Aveyron con piscina - Camping 3 estrellas Piscina climatizada","isPartOf":{"@id":"https:\/\/www.campinglacauxoiseaux.fr\/es\/#website"},"primaryImageOfPage":{"@id":"https:\/\/www.campinglacauxoiseaux.fr\/es\/camping-con-zona-acuatica-en-el-aveyron\/#primaryimage"},"image":{"@id":"https:\/\/www.campinglacauxoiseaux.fr\/es\/camping-con-zona-acuatica-en-el-aveyron\/#primaryimage"},"thumbnailUrl":"https:\/\/www.campinglacauxoiseaux.fr\/wp-content\/uploads\/2020\/10\/piscine-aveyron.jpg","datePublished":"2019-02-04T15:00:56+00:00","dateModified":"2024-03-05T17:16:47+00:00","breadcrumb":{"@id":"https:\/\/www.campinglacauxoiseaux.fr\/es\/camping-con-zona-acuatica-en-el-aveyron\/#breadcrumb"},"inLanguage":"es","potentialAction":[{"@type":"ReadAction","target":["https:\/\/www.campinglacauxoiseaux.fr\/es\/camping-con-zona-acuatica-en-el-aveyron\/"]}]},{"@type":"ImageObject","inLanguage":"es","@id":"https:\/\/www.campinglacauxoiseaux.fr\/es\/camping-con-zona-acuatica-en-el-aveyron\/#primaryimage","url":"https:\/\/www.campinglacauxoiseaux.fr\/wp-content\/uploads\/2020\/10\/piscine-aveyron.jpg","contentUrl":"https:\/\/www.campinglacauxoiseaux.fr\/wp-content\/uploads\/2020\/10\/piscine-aveyron.jpg","width":1903,"height":550,"caption":"piscine aveyron"},{"@type":"BreadcrumbList","@id":"https:\/\/www.campinglacauxoiseaux.fr\/es\/camping-con-zona-acuatica-en-el-aveyron\/#breadcrumb","itemListElement":[{"@type":"ListItem","position":1,"name":"Camping Aveyron","item":"https:\/\/www.campinglacauxoiseaux.fr\/es\/"},{"@type":"ListItem","position":2,"name":"Camping con piscina en Aveyron"}]},{"@type":"WebSite","@id":"https:\/\/www.campinglacauxoiseaux.fr\/es\/#website","url":"https:\/\/www.campinglacauxoiseaux.fr\/es\/","name":"Camping Lac aux Oiseaux","description":"","potentialAction":[{"@type":"SearchAction","target":{"@type":"EntryPoint","urlTemplate":"https:\/\/www.campinglacauxoiseaux.fr\/es\/?s={search_term_string}"},"query-input":{"@type":"PropertyValueSpecification","valueRequired":true,"valueName":"search_term_string"}}],"inLanguage":"es"}]}},"_links":{"self":[{"href":"https:\/\/www.campinglacauxoiseaux.fr\/es\/wp-json\/wp\/v2\/pages\/2381"}],"collection":[{"href":"https:\/\/www.campinglacauxoiseaux.fr\/es\/wp-json\/wp\/v2\/pages"}],"about":[{"href":"https:\/\/www.campinglacauxoiseaux.fr\/es\/wp-json\/wp\/v2\/types\/page"}],"author":[{"embeddable":true,"href":"https:\/\/www.campinglacauxoiseaux.fr\/es\/wp-json\/wp\/v2\/users\/1"}],"replies":[{"embeddable":true,"href":"https:\/\/www.campinglacauxoiseaux.fr\/es\/wp-json\/wp\/v2\/comments?post=2381"}],"version-history":[{"count":8,"href":"https:\/\/www.campinglacauxoiseaux.fr\/es\/wp-json\/wp\/v2\/pages\/2381\/revisions"}],"predecessor-version":[{"id":10983,"href":"https:\/\/www.campinglacauxoiseaux.fr\/es\/wp-json\/wp\/v2\/pages\/2381\/revisions\/10983"}],"wp:featuredmedia":[{"embeddable":true,"href":"https:\/\/www.campinglacauxoiseaux.fr\/es\/wp-json\/wp\/v2\/media\/7625"}],"wp:attachment":[{"href":"https:\/\/www.campinglacauxoiseaux.fr\/es\/wp-json\/wp\/v2\/media?parent=2381"}],"curies":[{"name":"wp","href":"https:\/\/api.w.org\/{rel}","templated":true}]}}