{"id":2163,"date":"2019-01-22T17:20:41","date_gmt":"2019-01-22T16:20:41","guid":{"rendered":"https:\/\/www.campinglacauxoiseaux.fr\/camping-aveyron-con-animacion\/"},"modified":"2020-11-03T12:03:37","modified_gmt":"2020-11-03T11:03:37","slug":"camping-aveyron-con-animacion","status":"publish","type":"page","link":"https:\/\/www.campinglacauxoiseaux.fr\/es\/camping-aveyron-con-animacion\/","title":{"rendered":"Camping Aveyron con animaci\u00f3n"},"content":{"rendered":"<section id=\"section-5f451f73bf364\"\" class=\"section bg-white p-b-0\" \/><div class=\"container  extralarge\"><h1 class=\"element section-title center\">Camping familiar en el Aveyron<\/h1><\/div><\/section>\n\n<section id=\"section-5f452840a7ae9\"\" class=\"section bg-white\" \/><div class=\"container  extralarge\"><div class=\"colonnes-wrap valign-middle \"><div class=\"element colonne p-0 w-40\"><div class=\"element images\"><div class=\"image\"><img decoding=\"async\" src=\"https:\/\/www.campinglacauxoiseaux.fr\/wp-content\/uploads\/2020\/10\/aniamtions-gonflables-aveyron-85x100.jpg\" data-src=\"https:\/\/www.campinglacauxoiseaux.fr\/wp-content\/uploads\/2020\/10\/aniamtions-gonflables-aveyron.jpg\" alt=\"aniamtions gonflables aveyron\" class=\"images_image\" \/><\/div><\/div><\/div><div class=\"element colonne w-60\"><h2 class=\"element section-title center p-x-4 m-t-4\">Entretenimiento para toda la familia<\/h2><div class=\"element bloc-text justify p-x-4 p-y-2\">\n\t<p>En el camping familiar del Aveyron, los ni\u00f1os de 6 a 12 a\u00f1os se divertir\u00e1n en el club de ni\u00f1os con un parque infantil a la sombra, bajo hermosos robles grandes, junto a la terraza del bar. Los ni\u00f1os m\u00e1s grandes pueden divertirse en la pista de petanca, en la piscina para un ba\u00f1o improvisado, en los toboganes para deslizarse, en la biblioteca. Sin olvidar las tardes animadas, los juegos y el karaoke que har\u00e1n las delicias de grandes y peque\u00f1os&#8230;<\/p>\n<p>Y por supuesto, ven a conocer a Joe la linda cabra enana, Mimi la oveja y su cordero, el Olimpo, las encantadoras gallinas blancas y sus polluelos&#8230; en la mini-granja del <a href=\"\/es\/\">camping en Martiel<\/a>.<\/p>\n<\/div><\/div><\/div><\/div><\/section>\n\n<section id=\"section-5f452840a7f37\"\" class=\"section moz-img bg-white p-t-0 p-b-0\" \/><div class=\"container  full\"><div class=\"element images\"><div class=\"image\"><img decoding=\"async\" src=\"https:\/\/www.campinglacauxoiseaux.fr\/wp-content\/uploads\/2020\/09\/billiard-table-jeux-100x68.jpg\" data-src=\"https:\/\/www.campinglacauxoiseaux.fr\/wp-content\/uploads\/2020\/09\/billiard-table-jeux.jpg\" alt=\"billiard table jeux\" class=\"images_image\" \/><\/div><div class=\"image\"><img decoding=\"async\" src=\"https:\/\/www.campinglacauxoiseaux.fr\/wp-content\/uploads\/2020\/09\/Randonnee-dolmens-Martieljpg-100x68.jpg\" data-src=\"https:\/\/www.campinglacauxoiseaux.fr\/wp-content\/uploads\/2020\/09\/Randonnee-dolmens-Martieljpg.jpg\" alt=\"Randonn\u00e9e dolmens Martieljpg\" class=\"images_image\" \/><\/div><div class=\"image\"><img decoding=\"async\" src=\"https:\/\/www.campinglacauxoiseaux.fr\/wp-content\/uploads\/2020\/09\/baby-foot-jeux-100x68.jpg\" data-src=\"https:\/\/www.campinglacauxoiseaux.fr\/wp-content\/uploads\/2020\/09\/baby-foot-jeux.jpg\" alt=\"baby foot jeux\" class=\"images_image\" \/><\/div><div class=\"image\"><img decoding=\"async\" src=\"https:\/\/www.campinglacauxoiseaux.fr\/wp-content\/uploads\/2020\/09\/Soiree-bar-terrasse-camping-1-100x68.jpg\" data-src=\"https:\/\/www.campinglacauxoiseaux.fr\/wp-content\/uploads\/2020\/09\/Soiree-bar-terrasse-camping-1.jpg\" alt=\"Soir\u00e9e bar terrasse camping\" class=\"images_image\" \/><\/div><\/div><\/div><\/section>\n\n<section id=\"section-5f45221b3a2e5\"\" class=\"section moz-img bg-white p-t-0 p-b-0\" \/><div class=\"container  full\"><div class=\"colonnes-wrap valign-middle \"><div class=\"element colonne w-50 p-0\"><div class=\"element images\"><div class=\"image\"><img decoding=\"async\" src=\"https:\/\/www.campinglacauxoiseaux.fr\/wp-content\/uploads\/2020\/09\/Activites-tir-a-larc-mousse-100x68.jpg\" data-src=\"https:\/\/www.campinglacauxoiseaux.fr\/wp-content\/uploads\/2020\/09\/Activites-tir-a-larc-mousse.jpg\" alt=\"Activit\u00e9s tir \u00e0 l'arc mousse\" class=\"images_image\" \/><\/div><div class=\"image\"><img decoding=\"async\" src=\"https:\/\/www.campinglacauxoiseaux.fr\/wp-content\/uploads\/2020\/09\/Soiree-Karaoke-camping-100x68.jpg\" data-src=\"https:\/\/www.campinglacauxoiseaux.fr\/wp-content\/uploads\/2020\/09\/Soiree-Karaoke-camping.jpg\" alt=\"Soir\u00e9e Karaok\u00e9 camping\" class=\"images_image\" \/><\/div><\/div><div class=\"element images\"><div class=\"image\"><img decoding=\"async\" src=\"https:\/\/www.campinglacauxoiseaux.fr\/wp-content\/uploads\/2020\/09\/ping-pong-raquette-balle-100x68.jpg\" data-src=\"https:\/\/www.campinglacauxoiseaux.fr\/wp-content\/uploads\/2020\/09\/ping-pong-raquette-balle.jpg\" alt=\"ping pong raquette balle\" class=\"images_image\" \/><\/div><div class=\"image\"><img decoding=\"async\" src=\"https:\/\/www.campinglacauxoiseaux.fr\/wp-content\/uploads\/2020\/09\/karaoke-bar-100x68.jpg\" data-src=\"https:\/\/www.campinglacauxoiseaux.fr\/wp-content\/uploads\/2020\/09\/karaoke-bar.jpg\" alt=\"karaok\u00e9 bar\" class=\"images_image\" \/><\/div><\/div><\/div><div class=\"element colonne p-4\"><h2 class=\"element section-title left\"> Noches para los ni\u00f1os y los padres<\/h2><div class=\"element bloc-text justify p-x-2\">\n\t<p>Durante las tardes, en verano, participa en el <strong class=\"bold color1\">karaoke<\/strong> o en el <strong class=\"bold color1\">test musical<\/strong>, que tiene lugar en la terraza del bar. Los ni\u00f1os tambi\u00e9n tienen sus tardes, los viernes y <strong class=\"bold color1\">la Discoteca<\/strong>, m\u00fasica cerca del agua. Se organizan partidos de voleibol de playa, as\u00ed como competiciones deportivas.<\/p>\n<p>Y en los alrededores se puede participar en las <strong class=\"bold color1\">fiestas locales<\/strong> o festivales. Tambi\u00e9n hay muchas cosas que ver en nuestra hermosa regi\u00f3n que ha mantenido su cuota de tradiciones y misterios, <strong class=\"bold color1\">pueblos de piedra<\/strong>, profundos valles verdes antes de las mesetas de Causse. <\/p>\n<p>No duden en consultarnos para ideas de itinerarios, \u00a1estamos encantados de compartir nuestro territorio con ustedes!<\/p>\n<\/div><\/div><\/div><\/div><\/section>\n\n<section id=\"section-5f452440b799d\"\" class=\"section bg-color5\" \/><div class=\"container  extralarge\"><div class=\"colonnes-wrap valign-middle \"><div class=\"element colonne w-60\"><h2 class=\"element section-title center p-x-4 m-t-4\">Fuera de temporada, en primavera u oto\u00f1o<\/h2><div class=\"element bloc-text justify p-x-4 p-y-2\">\n\t<p>En el camping familiar del Aveyron, disfrute de las mesas de ping-pong, de la biblioteca, del billar y del futbol\u00edn y de las retransmisiones en pantalla gigante de importantes acontecimientos deportivos, como el Tour de Francia. Tambi\u00e9n hay <strong class=\"bold color1\">una mini-granja<\/strong> con muchos animales, para el disfrute de los ni\u00f1os.<\/p>\n<p>Pr\u00e1ctica libre <strong class=\"bold color1\">de pesca<\/strong> en el lago (con la tarjeta FFP), disponible en la recepci\u00f3n del camping.<\/p>\n<p>Sus vacaciones en nuestro camping familiar en el Aveyron est\u00e1n bajo el signo del <strong class=\"bold color1\">buen humor<\/strong> y tiempo para vivir, sin estr\u00e9s!<\/p>\n<p>\u00a1En el campamento, no hay duda de que no se aburren! \u00a1Hay actividades para todos! Pedaleando por el camping, en peque\u00f1os caminos encantadores, a <strong class=\"bold color1\">la Abad\u00eda de Loc-Dieu<\/strong> o los <strong class=\"bold color1\">dolmenes de Martiel<\/strong> o visitando los alrededores, las Gargantas del Aveyron o el Valle del Lot.<\/p>\n<p>Algunas actividades (Club de ni\u00f1os, botes de pedales, etc&#8230;) s\u00f3lo est\u00e1n disponibles del 1 de julio al 31 de agosto. Por favor, cont\u00e1ctenos para m\u00e1s informaci\u00f3n!<\/p>\n<p>En Aveyron, siempre hay algo que hacer o descubrir!<\/p>\n<\/div><\/div><div class=\"element colonne p-0 w-40\"><div class=\"element images\"><div class=\"image\"><img decoding=\"async\" src=\"https:\/\/www.campinglacauxoiseaux.fr\/wp-content\/uploads\/2020\/10\/ferme-aveyron-85x100.jpg\" data-src=\"https:\/\/www.campinglacauxoiseaux.fr\/wp-content\/uploads\/2020\/10\/ferme-aveyron.jpg\" alt=\"Accrobranche camping activit\u00e9\" class=\"images_image\" \/><\/div><\/div><\/div><\/div><\/div><\/section>\n\n<section id=\"section-5f452840a8fc8\"\" class=\"section bg-white p-t-0 p-b-0\" \/><div class=\"container  full\"><div class=\"colonnes-wrap valign-middle \"><div class=\"element colonne w-20 p-0\"><div class=\"element images\"><div class=\"image\"><img decoding=\"async\" src=\"https:\/\/www.campinglacauxoiseaux.fr\/wp-content\/uploads\/2020\/09\/Mister-Flower-club-enfant-42x100.jpg\" data-src=\"https:\/\/www.campinglacauxoiseaux.fr\/wp-content\/uploads\/2020\/09\/Mister-Flower-club-enfant.jpg\" alt=\"Mister Flower club enfant\" class=\"images_image p-0\" \/><\/div><\/div><\/div><div class=\"element colonne w-60 p-x-4\"><h2 class=\"element section-title center\">Club de ni\u00f1os para los peque\u00f1os<\/h2><div class=\"element bloc-text justify p-x-2\">\n\t<p>En el camping familiar del Aveyron, a los ni\u00f1os les encantar\u00e1. \u00a1Aqu\u00ed, la naturaleza es la reina y hay espacio!<\/p>\n<p>En el <strong class=\"bold color1\">club Mister Flower<\/strong>, pueden venir todos los d\u00edas (excepto el s\u00e1bado), de 10 a 12. Con su animador, descubrir\u00e1n el lago y el camping, har\u00e1n juegos o actividades manuales, sin olvidar preparar el espect\u00e1culo de \u00abTalentos\u00bb el viernes por la noche. Durante una ma\u00f1ana, les encanta participar en la alimentaci\u00f3n de los numerosos hu\u00e9spedes de la mini-granja.<br \/>\nPor la tarde, tambi\u00e9n son bienvenidos a participar en actividades organizadas, como competiciones de ping-pong o b\u00e1dminton.<\/p>\n<p>Por la noche, tambi\u00e9n hay la <strong class=\"bold color1\">\u00abDiscoteca\u00bb<\/strong> los jueves, un karaoke los domingos, \u00a1pero no demasiado tarde! porque tambi\u00e9n hay que descansar para disfrutar de la nataci\u00f3n en el \u00e1rea acu\u00e1tica cubierta y deslizarse en los toboganes, pentagliss u otros.<\/p>\n<\/div><\/div><div class=\"element colonne w-20 p-0\"><div class=\"element images\"><div class=\"image\"><img decoding=\"async\" src=\"https:\/\/www.campinglacauxoiseaux.fr\/wp-content\/uploads\/2020\/09\/ballons-colores-42x100.jpg\" data-src=\"https:\/\/www.campinglacauxoiseaux.fr\/wp-content\/uploads\/2020\/09\/ballons-colores.jpg\" alt=\"ballons color\u00e9s\" class=\"images_image p-0\" \/><\/div><\/div><\/div><\/div><\/div><\/section>\n\n<section id=\"section-5f452840a94e1\"\" class=\"section bg-color5\" \/><div class=\"container  extralarge\"><div class=\"element section-title center cta-title\">Descubra los servicios del camping<\/div><ul class=\"liste-de-page\"><li class=\"element call-to-action  call-to-action--style-1 call-to-action--normal\"><a href=\"https:\/\/www.campinglacauxoiseaux.fr\/es\/nuestros-servicios\/\"  class=\"call-to-action_link\" title=\"Aprende m\u00e1s sobre nuestros servicios\"><div class=\"call-to-action_image\"><img decoding=\"async\" src=\"https:\/\/www.campinglacauxoiseaux.fr\/wp-content\/uploads\/2020\/09\/Reception-exterieur-rouergue-cta-100x56.jpg\" data-src=\"https:\/\/www.campinglacauxoiseaux.fr\/wp-content\/uploads\/2020\/09\/Reception-exterieur-rouergue-cta.jpg\" alt=\"R\u00e9ception ext\u00e8rieur rouergue\" class=\"normal\" \/><\/div><div class=\"call-to-action_contenu\"><div class=\"call-to-action_titre\">Nuestros servicios<\/div><\/div><\/a><\/li><li class=\"element call-to-action  call-to-action--style-1 call-to-action--normal call-to-action--style-1 call-to-action--normal\"><a href=\"https:\/\/www.campinglacauxoiseaux.fr\/es\/camping-con-zona-acuatica-en-el-aveyron\/\"  class=\"call-to-action_link\" title=\"Aprende m\u00e1s sobre nuestra piscina\"><div class=\"call-to-action_image\"><img decoding=\"async\" src=\"https:\/\/www.campinglacauxoiseaux.fr\/wp-content\/uploads\/2020\/10\/camping-piscine-aveyron-100x56.jpg\" data-src=\"https:\/\/www.campinglacauxoiseaux.fr\/wp-content\/uploads\/2020\/10\/camping-piscine-aveyron.jpg\" alt=\"camping piscine aveyron\" class=\"normal\" \/><\/div><div class=\"call-to-action_contenu\"><div class=\"call-to-action_titre\">Nuestra piscina<\/div><\/div><\/a><\/li><li class=\"element call-to-action  call-to-action--style-1 call-to-action--normal call-to-action--style-1 call-to-action--normal call-to-action--style-1 call-to-action--normal\"><a href=\"https:\/\/www.campinglacauxoiseaux.fr\/es\/camping-con-la-mini-granja\/\"  class=\"call-to-action_link\" title=\"Aprende m\u00e1s sobre nuestra mini granja\"><div class=\"call-to-action_image\"><img decoding=\"async\" src=\"https:\/\/www.campinglacauxoiseaux.fr\/wp-content\/uploads\/2020\/10\/mini-ferme-aveyron-100x56.jpg\" data-src=\"https:\/\/www.campinglacauxoiseaux.fr\/wp-content\/uploads\/2020\/10\/mini-ferme-aveyron.jpg\" alt=\"mini ferme aveyron\" class=\"normal\" \/><\/div><div class=\"call-to-action_contenu\"><div class=\"call-to-action_titre\">Nuestra mini granja<\/div><\/div><\/a><\/li><\/ul><\/div><\/section>","protected":false},"excerpt":{"rendered":"","protected":false},"author":1,"featured_media":8817,"parent":0,"menu_order":0,"comment_status":"closed","ping_status":"closed","template":"","meta":{"footnotes":""},"class_list":["post-2163","page","type-page","status-publish","has-post-thumbnail","hentry"],"acf":[],"yoast_head":"<!-- This site is optimized with the Yoast SEO plugin v23.4 - https:\/\/yoast.com\/wordpress\/plugins\/seo\/ -->\n<title>Camping con actividades y animaci\u00f3n en Martiel en Aveyron<\/title>\n<meta name=\"robots\" content=\"index, follow, max-snippet:-1, max-image-preview:large, max-video-preview:-1\" \/>\n<link rel=\"canonical\" href=\"https:\/\/www.campinglacauxoiseaux.fr\/es\/camping-aveyron-con-animacion\/\" \/>\n<meta property=\"og:locale\" content=\"es_ES\" \/>\n<meta property=\"og:type\" content=\"article\" \/>\n<meta property=\"og:title\" content=\"Camping con actividades y animaci\u00f3n en Martiel en Aveyron\" \/>\n<meta property=\"og:url\" content=\"https:\/\/www.campinglacauxoiseaux.fr\/es\/camping-aveyron-con-animacion\/\" \/>\n<meta property=\"og:site_name\" content=\"Camping Lac aux Oiseaux\" \/>\n<meta property=\"article:modified_time\" content=\"2020-11-03T11:03:37+00:00\" \/>\n<meta property=\"og:image\" content=\"https:\/\/www.campinglacauxoiseaux.fr\/wp-content\/uploads\/2021\/02\/club-enfants-mister-flower-aveyron.jpeg\" \/>\n\t<meta property=\"og:image:width\" content=\"1903\" \/>\n\t<meta property=\"og:image:height\" content=\"550\" \/>\n\t<meta property=\"og:image:type\" content=\"image\/jpeg\" \/>\n<meta name=\"twitter:card\" content=\"summary_large_image\" \/>\n<script type=\"application\/ld+json\" class=\"yoast-schema-graph\">{\"@context\":\"https:\/\/schema.org\",\"@graph\":[{\"@type\":\"WebPage\",\"@id\":\"https:\/\/www.campinglacauxoiseaux.fr\/es\/camping-aveyron-con-animacion\/\",\"url\":\"https:\/\/www.campinglacauxoiseaux.fr\/es\/camping-aveyron-con-animacion\/\",\"name\":\"Camping con actividades y animaci\u00f3n en Martiel en Aveyron\",\"isPartOf\":{\"@id\":\"https:\/\/www.campinglacauxoiseaux.fr\/es\/#website\"},\"primaryImageOfPage\":{\"@id\":\"https:\/\/www.campinglacauxoiseaux.fr\/es\/camping-aveyron-con-animacion\/#primaryimage\"},\"image\":{\"@id\":\"https:\/\/www.campinglacauxoiseaux.fr\/es\/camping-aveyron-con-animacion\/#primaryimage\"},\"thumbnailUrl\":\"https:\/\/www.campinglacauxoiseaux.fr\/wp-content\/uploads\/2021\/02\/club-enfants-mister-flower-aveyron.jpeg\",\"datePublished\":\"2019-01-22T16:20:41+00:00\",\"dateModified\":\"2020-11-03T11:03:37+00:00\",\"breadcrumb\":{\"@id\":\"https:\/\/www.campinglacauxoiseaux.fr\/es\/camping-aveyron-con-animacion\/#breadcrumb\"},\"inLanguage\":\"es\",\"potentialAction\":[{\"@type\":\"ReadAction\",\"target\":[\"https:\/\/www.campinglacauxoiseaux.fr\/es\/camping-aveyron-con-animacion\/\"]}]},{\"@type\":\"ImageObject\",\"inLanguage\":\"es\",\"@id\":\"https:\/\/www.campinglacauxoiseaux.fr\/es\/camping-aveyron-con-animacion\/#primaryimage\",\"url\":\"https:\/\/www.campinglacauxoiseaux.fr\/wp-content\/uploads\/2021\/02\/club-enfants-mister-flower-aveyron.jpeg\",\"contentUrl\":\"https:\/\/www.campinglacauxoiseaux.fr\/wp-content\/uploads\/2021\/02\/club-enfants-mister-flower-aveyron.jpeg\",\"width\":1903,\"height\":550,\"caption\":\"club-enfants mister-flower Aveyron\"},{\"@type\":\"BreadcrumbList\",\"@id\":\"https:\/\/www.campinglacauxoiseaux.fr\/es\/camping-aveyron-con-animacion\/#breadcrumb\",\"itemListElement\":[{\"@type\":\"ListItem\",\"position\":1,\"name\":\"Camping Aveyron\",\"item\":\"https:\/\/www.campinglacauxoiseaux.fr\/es\/\"},{\"@type\":\"ListItem\",\"position\":2,\"name\":\"Camping animado en Aveyron\"}]},{\"@type\":\"WebSite\",\"@id\":\"https:\/\/www.campinglacauxoiseaux.fr\/es\/#website\",\"url\":\"https:\/\/www.campinglacauxoiseaux.fr\/es\/\",\"name\":\"Camping Lac aux Oiseaux\",\"description\":\"\",\"potentialAction\":[{\"@type\":\"SearchAction\",\"target\":{\"@type\":\"EntryPoint\",\"urlTemplate\":\"https:\/\/www.campinglacauxoiseaux.fr\/es\/?s={search_term_string}\"},\"query-input\":{\"@type\":\"PropertyValueSpecification\",\"valueRequired\":true,\"valueName\":\"search_term_string\"}}],\"inLanguage\":\"es\"}]}<\/script>\n<!-- \/ Yoast SEO plugin. -->","yoast_head_json":{"title":"Camping con actividades y animaci\u00f3n en Martiel en Aveyron","robots":{"index":"index","follow":"follow","max-snippet":"max-snippet:-1","max-image-preview":"max-image-preview:large","max-video-preview":"max-video-preview:-1"},"canonical":"https:\/\/www.campinglacauxoiseaux.fr\/es\/camping-aveyron-con-animacion\/","og_locale":"es_ES","og_type":"article","og_title":"Camping con actividades y animaci\u00f3n en Martiel en Aveyron","og_url":"https:\/\/www.campinglacauxoiseaux.fr\/es\/camping-aveyron-con-animacion\/","og_site_name":"Camping Lac aux Oiseaux","article_modified_time":"2020-11-03T11:03:37+00:00","og_image":[{"width":1903,"height":550,"url":"https:\/\/www.campinglacauxoiseaux.fr\/wp-content\/uploads\/2021\/02\/club-enfants-mister-flower-aveyron.jpeg","type":"image\/jpeg"}],"twitter_card":"summary_large_image","schema":{"@context":"https:\/\/schema.org","@graph":[{"@type":"WebPage","@id":"https:\/\/www.campinglacauxoiseaux.fr\/es\/camping-aveyron-con-animacion\/","url":"https:\/\/www.campinglacauxoiseaux.fr\/es\/camping-aveyron-con-animacion\/","name":"Camping con actividades y animaci\u00f3n en Martiel en Aveyron","isPartOf":{"@id":"https:\/\/www.campinglacauxoiseaux.fr\/es\/#website"},"primaryImageOfPage":{"@id":"https:\/\/www.campinglacauxoiseaux.fr\/es\/camping-aveyron-con-animacion\/#primaryimage"},"image":{"@id":"https:\/\/www.campinglacauxoiseaux.fr\/es\/camping-aveyron-con-animacion\/#primaryimage"},"thumbnailUrl":"https:\/\/www.campinglacauxoiseaux.fr\/wp-content\/uploads\/2021\/02\/club-enfants-mister-flower-aveyron.jpeg","datePublished":"2019-01-22T16:20:41+00:00","dateModified":"2020-11-03T11:03:37+00:00","breadcrumb":{"@id":"https:\/\/www.campinglacauxoiseaux.fr\/es\/camping-aveyron-con-animacion\/#breadcrumb"},"inLanguage":"es","potentialAction":[{"@type":"ReadAction","target":["https:\/\/www.campinglacauxoiseaux.fr\/es\/camping-aveyron-con-animacion\/"]}]},{"@type":"ImageObject","inLanguage":"es","@id":"https:\/\/www.campinglacauxoiseaux.fr\/es\/camping-aveyron-con-animacion\/#primaryimage","url":"https:\/\/www.campinglacauxoiseaux.fr\/wp-content\/uploads\/2021\/02\/club-enfants-mister-flower-aveyron.jpeg","contentUrl":"https:\/\/www.campinglacauxoiseaux.fr\/wp-content\/uploads\/2021\/02\/club-enfants-mister-flower-aveyron.jpeg","width":1903,"height":550,"caption":"club-enfants mister-flower Aveyron"},{"@type":"BreadcrumbList","@id":"https:\/\/www.campinglacauxoiseaux.fr\/es\/camping-aveyron-con-animacion\/#breadcrumb","itemListElement":[{"@type":"ListItem","position":1,"name":"Camping Aveyron","item":"https:\/\/www.campinglacauxoiseaux.fr\/es\/"},{"@type":"ListItem","position":2,"name":"Camping animado en Aveyron"}]},{"@type":"WebSite","@id":"https:\/\/www.campinglacauxoiseaux.fr\/es\/#website","url":"https:\/\/www.campinglacauxoiseaux.fr\/es\/","name":"Camping Lac aux Oiseaux","description":"","potentialAction":[{"@type":"SearchAction","target":{"@type":"EntryPoint","urlTemplate":"https:\/\/www.campinglacauxoiseaux.fr\/es\/?s={search_term_string}"},"query-input":{"@type":"PropertyValueSpecification","valueRequired":true,"valueName":"search_term_string"}}],"inLanguage":"es"}]}},"_links":{"self":[{"href":"https:\/\/www.campinglacauxoiseaux.fr\/es\/wp-json\/wp\/v2\/pages\/2163"}],"collection":[{"href":"https:\/\/www.campinglacauxoiseaux.fr\/es\/wp-json\/wp\/v2\/pages"}],"about":[{"href":"https:\/\/www.campinglacauxoiseaux.fr\/es\/wp-json\/wp\/v2\/types\/page"}],"author":[{"embeddable":true,"href":"https:\/\/www.campinglacauxoiseaux.fr\/es\/wp-json\/wp\/v2\/users\/1"}],"replies":[{"embeddable":true,"href":"https:\/\/www.campinglacauxoiseaux.fr\/es\/wp-json\/wp\/v2\/comments?post=2163"}],"version-history":[{"count":4,"href":"https:\/\/www.campinglacauxoiseaux.fr\/es\/wp-json\/wp\/v2\/pages\/2163\/revisions"}],"predecessor-version":[{"id":8363,"href":"https:\/\/www.campinglacauxoiseaux.fr\/es\/wp-json\/wp\/v2\/pages\/2163\/revisions\/8363"}],"wp:featuredmedia":[{"embeddable":true,"href":"https:\/\/www.campinglacauxoiseaux.fr\/es\/wp-json\/wp\/v2\/media\/8817"}],"wp:attachment":[{"href":"https:\/\/www.campinglacauxoiseaux.fr\/es\/wp-json\/wp\/v2\/media?parent=2163"}],"curies":[{"name":"wp","href":"https:\/\/api.w.org\/{rel}","templated":true}]}}