{"id":2153,"date":"2019-01-22T16:59:15","date_gmt":"2019-01-22T15:59:15","guid":{"rendered":"https:\/\/www.campinglacauxoiseaux.fr\/nuestros-servicios\/"},"modified":"2020-11-03T12:00:54","modified_gmt":"2020-11-03T11:00:54","slug":"nuestros-servicios","status":"publish","type":"page","link":"https:\/\/www.campinglacauxoiseaux.fr\/es\/nuestros-servicios\/","title":{"rendered":"Nuestros servicios"},"content":{"rendered":"<section id=\"section-5f451f73bf364\"\" class=\"section bg-white p-b-0\" \/><div class=\"container  extralarge\"><h1 class=\"element section-title center\">Servicios y equipo<\/h1><\/div><\/section>\n\n<section id=\"section-5f452840a7ae9\"\" class=\"section bg-white\" \/><div class=\"container  extralarge\"><div class=\"colonnes-wrap valign-middle \"><div class=\"element colonne p-0 w-40\"><div class=\"element images\"><div class=\"image\"><img decoding=\"async\" src=\"https:\/\/www.campinglacauxoiseaux.fr\/wp-content\/uploads\/2020\/10\/pack-flower-1-85x100.jpg\" data-src=\"https:\/\/www.campinglacauxoiseaux.fr\/wp-content\/uploads\/2020\/10\/pack-flower-1.jpg\" alt=\"pack flower\" class=\"images_image\" \/><\/div><\/div><\/div><div class=\"element colonne w-60\"><h2 class=\"element section-title center p-x-4 m-t-4\">Servicios de alquiler<\/h2><div class=\"element bloc-text justify p-x-4 p-y-2\">\n\t<p>Sus vacaciones son preciosas, por lo que le ofrecemos servicios pr\u00e1cticos de alquiler como <strong class=\"bold color1\">Flores de viaje<\/strong> paquetes: para una pareja: 40 euros y para la familia: 85 euros o <strong class=\"bold color1\">Flores f\u00e1ciles<\/strong>, para una pareja: 90 euros y para la familia: 155 euros o el simple alquiler de s\u00e1banas, 14 euros para una cama peque\u00f1a y 16 euros para una cama grande, para su estancia. <\/p>\n<p>El <strong class=\"bold color1\">Pack Travel Flower<\/strong> le proporciona la ropa de casa, toallas y pa\u00f1os de cocina, un kit de mantenimiento y las s\u00e1banas para las camas que necesita.<\/p>\n<p>S\u00faper pr\u00e1ctico, el Pack Flor F\u00e1cil incluye las camas hechas a la llegada, ropa de cama, toallas y pa\u00f1os de cocina, un kit de limpieza y la limpieza final.<\/p>\n<\/div><\/div><\/div><\/div><\/section>\n\n<section id=\"section-5f45221b3a2e5\"\" class=\"section moz-img bg-color5 p-t-0 p-b-0\" \/><div class=\"container  full\"><div class=\"colonnes-wrap valign-middle \"><div class=\"element colonne w-50 p-0\"><div class=\"element images\"><div class=\"image\"><img decoding=\"async\" src=\"https:\/\/www.campinglacauxoiseaux.fr\/wp-content\/uploads\/2020\/09\/Aligot-specialite-plat-100x68.jpg\" data-src=\"https:\/\/www.campinglacauxoiseaux.fr\/wp-content\/uploads\/2020\/09\/Aligot-specialite-plat.jpg\" alt=\"Aligot sp\u00e9cialit\u00e9 plat\" class=\"images_image\" \/><\/div><div class=\"image\"><img decoding=\"async\" src=\"https:\/\/www.campinglacauxoiseaux.fr\/wp-content\/uploads\/2020\/10\/marche-local-aveyron-100x69.jpg\" data-src=\"https:\/\/www.campinglacauxoiseaux.fr\/wp-content\/uploads\/2020\/10\/marche-local-aveyron.jpg\" alt=\"marche local aveyron\" class=\"images_image\" \/><\/div><\/div><div class=\"element images\"><div class=\"image\"><img decoding=\"async\" src=\"https:\/\/www.campinglacauxoiseaux.fr\/wp-content\/uploads\/2020\/10\/services-en-aveyron-100x69.jpg\" data-src=\"https:\/\/www.campinglacauxoiseaux.fr\/wp-content\/uploads\/2020\/10\/services-en-aveyron.jpg\" alt=\"services en aveyron\" class=\"images_image\" \/><\/div><div class=\"image\"><img decoding=\"async\" src=\"https:\/\/www.campinglacauxoiseaux.fr\/wp-content\/uploads\/2020\/10\/camping-marche-aveyron-100x69.jpg\" data-src=\"https:\/\/www.campinglacauxoiseaux.fr\/wp-content\/uploads\/2020\/10\/camping-marche-aveyron.jpg\" alt=\"camping marche aveyron\" class=\"images_image\" \/><\/div><\/div><\/div><div class=\"element colonne p-4\"><h2 class=\"element section-title left\">Servicios de restaurante<\/h2><div class=\"element bloc-text justify p-x-2\">\n\t<p>La peque\u00f1a <strong class=\"bold color1\">aldea de Martiel<\/strong> con su torre almenada te espera. Se puede encontrar una buena panader\u00eda con panes t\u00edpicos del Aveyron y tambi\u00e9n especialidades de pasteler\u00eda local, ciruelas pasas o croustade crujiente, tambi\u00e9n llamado \u00absoleil\u00bb. Tambi\u00e9n hay una peluquer\u00eda de Sylvie, una oficina de correos y una tienda de comestibles. <\/p>\n<p>Cerca de aqu\u00ed, descubra <strong class=\"bold color1\">Villefranche de Rouergue<\/strong> con sus numerosas tiendas, boutiques y supermercados y todos los servicios. <\/p>\n<p>Sus vacaciones en nuestro <a href=\"\/es\/\">camping en Martiel<\/a> tambi\u00e9n le dar\u00e1n la oportunidad de descubrir la <strong class=\"bold color1\">gastronom\u00eda aveyronesa<\/strong>, con sus especialidades locales, <strong class=\"bold color1\">Estofinade<\/strong> (s\u00f3lo en primavera) o Aligot, y por supuesto el queso de cabra, Cantal o Roquefort. Las carnes, la ternera de S\u00e9gala, la ternera de Aubrac o el cordero de Aveyron deleitar\u00e1n los paladares de los amantes de la comida. Las aves de corral no deben ser superadas, los patos o las gallinas criadas al aire libre en peque\u00f1as granjas de los alrededores. No nos olvidemos de los pasteles, el delicioso pastel de escupitajo, <strong class=\"bold color1\">rissoles con ciruelas pasas y escaldadas<\/strong>, o incluso fouaces. <\/p>\n<\/div><\/div><\/div><\/div><\/section>\n\n<section id=\"section-5f452440b799d\"\" class=\"section bg-white\" \/><div class=\"container  extralarge\"><div class=\"colonnes-wrap valign-middle \"><div class=\"element colonne w-60\"><h2 class=\"element section-title center p-x-4 m-t-4\">En el camping, el restaurante La Table de Bannac<\/h2><div class=\"element bloc-text justify p-x-4 p-y-2\">\n\t<p><strong class=\"bold color1\">\u00abLa Table de Bannac\u00bb<\/strong> est\u00e1 abierta del 1 de julio al 30 de agosto, al mediod\u00eda y por la noche.<\/p>\n<p>Puedes reservar tu pan el d\u00eda anterior y tambi\u00e9n pedir tu pollo asado. Marien y Ludovic ofrecen desayunos en la reserva (\u00a1para asegurarte de tener tu croissant o pain au chocolat!). Tambi\u00e9n tienen varios tipos de cervezas. <\/p>\n<p>Para acogerle en reuniones familiares o grupos deportivos, no dude en ponerse en contacto con nosotros si desea comer en el lugar. Podemos ofrecer comidas cl\u00e1sicas en la terraza o en el bar. <\/p>\n<\/div><\/div><div class=\"element colonne p-0 w-40\"><div class=\"element images\"><div class=\"image\"><img decoding=\"async\" src=\"https:\/\/www.campinglacauxoiseaux.fr\/wp-content\/uploads\/2020\/09\/Salade-Roquefort-85x100.jpg\" data-src=\"https:\/\/www.campinglacauxoiseaux.fr\/wp-content\/uploads\/2020\/09\/Salade-Roquefort.jpg\" alt=\"Salade Roquefort\" class=\"images_image\" \/><\/div><\/div><\/div><\/div><\/div><\/section>\n\n<section id=\"section-5f452840a94e1\"\" class=\"section bg-color5\" \/><div class=\"container  extralarge\"><div class=\"element section-title center cta-title\">Descubra nuestros servicios<\/div><ul class=\"liste-de-page\"><li class=\"element call-to-action  call-to-action--style-1 call-to-action--normal\"><a href=\"https:\/\/www.campinglacauxoiseaux.fr\/es\/camping-aveyron-con-animacion\/\"  class=\"call-to-action_link\" title=\"Aprende m\u00e1s sobre nuestras animaciones\"><div class=\"call-to-action_image\"><img decoding=\"async\" src=\"https:\/\/www.campinglacauxoiseaux.fr\/wp-content\/uploads\/2020\/09\/girafe-gonflable-2-100x56.jpg\" data-src=\"https:\/\/www.campinglacauxoiseaux.fr\/wp-content\/uploads\/2020\/09\/girafe-gonflable-2.jpg\" alt=\"girafe gonflable\" class=\"normal\" \/><\/div><div class=\"call-to-action_contenu\"><div class=\"call-to-action_titre\">Nuestras animaciones<\/div><\/div><\/a><\/li><li class=\"element call-to-action  call-to-action--style-1 call-to-action--normal call-to-action--style-1 call-to-action--normal\"><a href=\"https:\/\/www.campinglacauxoiseaux.fr\/es\/camping-con-zona-acuatica-en-el-aveyron\/\"  class=\"call-to-action_link\" title=\"Aprende m\u00e1s sobre nuestra piscina\"><div class=\"call-to-action_image\"><img decoding=\"async\" src=\"https:\/\/www.campinglacauxoiseaux.fr\/wp-content\/uploads\/2020\/10\/camping-piscine-aveyron-100x56.jpg\" data-src=\"https:\/\/www.campinglacauxoiseaux.fr\/wp-content\/uploads\/2020\/10\/camping-piscine-aveyron.jpg\" alt=\"camping piscine aveyron\" class=\"normal\" \/><\/div><div class=\"call-to-action_contenu\"><div class=\"call-to-action_titre\">Nuestra piscina<\/div><\/div><\/a><\/li><li class=\"element call-to-action  call-to-action--style-1 call-to-action--normal call-to-action--style-1 call-to-action--normal call-to-action--style-1 call-to-action--normal\"><a href=\"https:\/\/www.campinglacauxoiseaux.fr\/es\/camping-con-la-mini-granja\/\"  class=\"call-to-action_link\" title=\"Aprende m\u00e1s sobre nuestra mini granja\"><div class=\"call-to-action_image\"><img decoding=\"async\" src=\"https:\/\/www.campinglacauxoiseaux.fr\/wp-content\/uploads\/2020\/10\/mini-ferme-aveyron-100x56.jpg\" data-src=\"https:\/\/www.campinglacauxoiseaux.fr\/wp-content\/uploads\/2020\/10\/mini-ferme-aveyron.jpg\" alt=\"mini ferme aveyron\" class=\"normal\" \/><\/div><div class=\"call-to-action_contenu\"><div class=\"call-to-action_titre\">Nuestra mini granja<\/div><\/div><\/a><\/li><\/ul><\/div><\/section>","protected":false},"excerpt":{"rendered":"","protected":false},"author":1,"featured_media":7660,"parent":0,"menu_order":0,"comment_status":"closed","ping_status":"closed","template":"","meta":{"footnotes":""},"class_list":["post-2153","page","type-page","status-publish","has-post-thumbnail","hentry"],"acf":[],"yoast_head":"<!-- This site is optimized with the Yoast SEO plugin v23.4 - https:\/\/yoast.com\/wordpress\/plugins\/seo\/ -->\n<title>Camping 3 estrellas en el Aveyron entre Rodez y Villefranche de Rouergue<\/title>\n<meta name=\"robots\" content=\"index, follow, max-snippet:-1, max-image-preview:large, max-video-preview:-1\" \/>\n<link rel=\"canonical\" href=\"https:\/\/www.campinglacauxoiseaux.fr\/es\/nuestros-servicios\/\" \/>\n<meta property=\"og:locale\" content=\"es_ES\" \/>\n<meta property=\"og:type\" content=\"article\" \/>\n<meta property=\"og:title\" content=\"Camping 3 estrellas en el Aveyron entre Rodez y Villefranche de Rouergue\" \/>\n<meta property=\"og:url\" content=\"https:\/\/www.campinglacauxoiseaux.fr\/es\/nuestros-servicios\/\" \/>\n<meta property=\"og:site_name\" content=\"Camping Lac aux Oiseaux\" \/>\n<meta property=\"article:modified_time\" content=\"2020-11-03T11:00:54+00:00\" \/>\n<meta property=\"og:image\" content=\"https:\/\/www.campinglacauxoiseaux.fr\/wp-content\/uploads\/2020\/10\/services-accueil-aveyron.jpg\" \/>\n\t<meta property=\"og:image:width\" content=\"1903\" \/>\n\t<meta property=\"og:image:height\" content=\"550\" \/>\n\t<meta property=\"og:image:type\" content=\"image\/jpeg\" \/>\n<meta name=\"twitter:card\" content=\"summary_large_image\" \/>\n<script type=\"application\/ld+json\" class=\"yoast-schema-graph\">{\"@context\":\"https:\/\/schema.org\",\"@graph\":[{\"@type\":\"WebPage\",\"@id\":\"https:\/\/www.campinglacauxoiseaux.fr\/es\/nuestros-servicios\/\",\"url\":\"https:\/\/www.campinglacauxoiseaux.fr\/es\/nuestros-servicios\/\",\"name\":\"Camping 3 estrellas en el Aveyron entre Rodez y Villefranche de Rouergue\",\"isPartOf\":{\"@id\":\"https:\/\/www.campinglacauxoiseaux.fr\/es\/#website\"},\"primaryImageOfPage\":{\"@id\":\"https:\/\/www.campinglacauxoiseaux.fr\/es\/nuestros-servicios\/#primaryimage\"},\"image\":{\"@id\":\"https:\/\/www.campinglacauxoiseaux.fr\/es\/nuestros-servicios\/#primaryimage\"},\"thumbnailUrl\":\"https:\/\/www.campinglacauxoiseaux.fr\/wp-content\/uploads\/2020\/10\/services-accueil-aveyron.jpg\",\"datePublished\":\"2019-01-22T15:59:15+00:00\",\"dateModified\":\"2020-11-03T11:00:54+00:00\",\"breadcrumb\":{\"@id\":\"https:\/\/www.campinglacauxoiseaux.fr\/es\/nuestros-servicios\/#breadcrumb\"},\"inLanguage\":\"es\",\"potentialAction\":[{\"@type\":\"ReadAction\",\"target\":[\"https:\/\/www.campinglacauxoiseaux.fr\/es\/nuestros-servicios\/\"]}]},{\"@type\":\"ImageObject\",\"inLanguage\":\"es\",\"@id\":\"https:\/\/www.campinglacauxoiseaux.fr\/es\/nuestros-servicios\/#primaryimage\",\"url\":\"https:\/\/www.campinglacauxoiseaux.fr\/wp-content\/uploads\/2020\/10\/services-accueil-aveyron.jpg\",\"contentUrl\":\"https:\/\/www.campinglacauxoiseaux.fr\/wp-content\/uploads\/2020\/10\/services-accueil-aveyron.jpg\",\"width\":1903,\"height\":550,\"caption\":\"services accueil aveyron\"},{\"@type\":\"BreadcrumbList\",\"@id\":\"https:\/\/www.campinglacauxoiseaux.fr\/es\/nuestros-servicios\/#breadcrumb\",\"itemListElement\":[{\"@type\":\"ListItem\",\"position\":1,\"name\":\"Camping Aveyron\",\"item\":\"https:\/\/www.campinglacauxoiseaux.fr\/es\/\"},{\"@type\":\"ListItem\",\"position\":2,\"name\":\"Camping Aveyron con servicios\"}]},{\"@type\":\"WebSite\",\"@id\":\"https:\/\/www.campinglacauxoiseaux.fr\/es\/#website\",\"url\":\"https:\/\/www.campinglacauxoiseaux.fr\/es\/\",\"name\":\"Camping Lac aux Oiseaux\",\"description\":\"\",\"potentialAction\":[{\"@type\":\"SearchAction\",\"target\":{\"@type\":\"EntryPoint\",\"urlTemplate\":\"https:\/\/www.campinglacauxoiseaux.fr\/es\/?s={search_term_string}\"},\"query-input\":{\"@type\":\"PropertyValueSpecification\",\"valueRequired\":true,\"valueName\":\"search_term_string\"}}],\"inLanguage\":\"es\"}]}<\/script>\n<!-- \/ Yoast SEO plugin. -->","yoast_head_json":{"title":"Camping 3 estrellas en el Aveyron entre Rodez y Villefranche de Rouergue","robots":{"index":"index","follow":"follow","max-snippet":"max-snippet:-1","max-image-preview":"max-image-preview:large","max-video-preview":"max-video-preview:-1"},"canonical":"https:\/\/www.campinglacauxoiseaux.fr\/es\/nuestros-servicios\/","og_locale":"es_ES","og_type":"article","og_title":"Camping 3 estrellas en el Aveyron entre Rodez y Villefranche de Rouergue","og_url":"https:\/\/www.campinglacauxoiseaux.fr\/es\/nuestros-servicios\/","og_site_name":"Camping Lac aux Oiseaux","article_modified_time":"2020-11-03T11:00:54+00:00","og_image":[{"width":1903,"height":550,"url":"https:\/\/www.campinglacauxoiseaux.fr\/wp-content\/uploads\/2020\/10\/services-accueil-aveyron.jpg","type":"image\/jpeg"}],"twitter_card":"summary_large_image","schema":{"@context":"https:\/\/schema.org","@graph":[{"@type":"WebPage","@id":"https:\/\/www.campinglacauxoiseaux.fr\/es\/nuestros-servicios\/","url":"https:\/\/www.campinglacauxoiseaux.fr\/es\/nuestros-servicios\/","name":"Camping 3 estrellas en el Aveyron entre Rodez y Villefranche de Rouergue","isPartOf":{"@id":"https:\/\/www.campinglacauxoiseaux.fr\/es\/#website"},"primaryImageOfPage":{"@id":"https:\/\/www.campinglacauxoiseaux.fr\/es\/nuestros-servicios\/#primaryimage"},"image":{"@id":"https:\/\/www.campinglacauxoiseaux.fr\/es\/nuestros-servicios\/#primaryimage"},"thumbnailUrl":"https:\/\/www.campinglacauxoiseaux.fr\/wp-content\/uploads\/2020\/10\/services-accueil-aveyron.jpg","datePublished":"2019-01-22T15:59:15+00:00","dateModified":"2020-11-03T11:00:54+00:00","breadcrumb":{"@id":"https:\/\/www.campinglacauxoiseaux.fr\/es\/nuestros-servicios\/#breadcrumb"},"inLanguage":"es","potentialAction":[{"@type":"ReadAction","target":["https:\/\/www.campinglacauxoiseaux.fr\/es\/nuestros-servicios\/"]}]},{"@type":"ImageObject","inLanguage":"es","@id":"https:\/\/www.campinglacauxoiseaux.fr\/es\/nuestros-servicios\/#primaryimage","url":"https:\/\/www.campinglacauxoiseaux.fr\/wp-content\/uploads\/2020\/10\/services-accueil-aveyron.jpg","contentUrl":"https:\/\/www.campinglacauxoiseaux.fr\/wp-content\/uploads\/2020\/10\/services-accueil-aveyron.jpg","width":1903,"height":550,"caption":"services accueil aveyron"},{"@type":"BreadcrumbList","@id":"https:\/\/www.campinglacauxoiseaux.fr\/es\/nuestros-servicios\/#breadcrumb","itemListElement":[{"@type":"ListItem","position":1,"name":"Camping Aveyron","item":"https:\/\/www.campinglacauxoiseaux.fr\/es\/"},{"@type":"ListItem","position":2,"name":"Camping Aveyron con servicios"}]},{"@type":"WebSite","@id":"https:\/\/www.campinglacauxoiseaux.fr\/es\/#website","url":"https:\/\/www.campinglacauxoiseaux.fr\/es\/","name":"Camping Lac aux Oiseaux","description":"","potentialAction":[{"@type":"SearchAction","target":{"@type":"EntryPoint","urlTemplate":"https:\/\/www.campinglacauxoiseaux.fr\/es\/?s={search_term_string}"},"query-input":{"@type":"PropertyValueSpecification","valueRequired":true,"valueName":"search_term_string"}}],"inLanguage":"es"}]}},"_links":{"self":[{"href":"https:\/\/www.campinglacauxoiseaux.fr\/es\/wp-json\/wp\/v2\/pages\/2153"}],"collection":[{"href":"https:\/\/www.campinglacauxoiseaux.fr\/es\/wp-json\/wp\/v2\/pages"}],"about":[{"href":"https:\/\/www.campinglacauxoiseaux.fr\/es\/wp-json\/wp\/v2\/types\/page"}],"author":[{"embeddable":true,"href":"https:\/\/www.campinglacauxoiseaux.fr\/es\/wp-json\/wp\/v2\/users\/1"}],"replies":[{"embeddable":true,"href":"https:\/\/www.campinglacauxoiseaux.fr\/es\/wp-json\/wp\/v2\/comments?post=2153"}],"version-history":[{"count":6,"href":"https:\/\/www.campinglacauxoiseaux.fr\/es\/wp-json\/wp\/v2\/pages\/2153\/revisions"}],"predecessor-version":[{"id":8357,"href":"https:\/\/www.campinglacauxoiseaux.fr\/es\/wp-json\/wp\/v2\/pages\/2153\/revisions\/8357"}],"wp:featuredmedia":[{"embeddable":true,"href":"https:\/\/www.campinglacauxoiseaux.fr\/es\/wp-json\/wp\/v2\/media\/7660"}],"wp:attachment":[{"href":"https:\/\/www.campinglacauxoiseaux.fr\/es\/wp-json\/wp\/v2\/media?parent=2153"}],"curies":[{"name":"wp","href":"https:\/\/api.w.org\/{rel}","templated":true}]}}