{"id":8138,"date":"2018-02-14T12:36:44","date_gmt":"2018-02-14T11:36:44","guid":{"rendered":"https:\/\/www.campinglacauxoiseaux.fr\/camping-pas-cher-aveyron\/"},"modified":"2020-11-03T11:55:45","modified_gmt":"2020-11-03T10:55:45","slug":"cheap-campsite-aveyron","status":"publish","type":"page","link":"https:\/\/www.campinglacauxoiseaux.fr\/en\/cheap-campsite-aveyron\/","title":{"rendered":"H\u00e9bergements : Tarifs"},"content":{"rendered":"<section id=\"section-5f6cb969979eb\"\" class=\"section bg-white p-b-0\" \/><div class=\"container  extralarge\"><h1 class=\"element section-title center\">Good plans and promotions at the campsite in Aveyron<\/h1><\/div><\/section>\n\n<section id=\"section-5f6cb96997e3d\"\" class=\"section bg-white\" \/><div class=\"container  extralarge\"><div class=\"colonnes-wrap valign-middle \"><div class=\"element colonne p-0 w-40\"><div class=\"element images\"><div class=\"image\"><img decoding=\"async\" src=\"https:\/\/www.campinglacauxoiseaux.fr\/wp-content\/uploads\/2020\/09\/terrasse-exterieur-85x100.jpg\" data-src=\"https:\/\/www.campinglacauxoiseaux.fr\/wp-content\/uploads\/2020\/09\/terrasse-exterieur.jpg\" alt=\"terrasse ext\u00e9rieur\" class=\"images_image\" \/><\/div><\/div><\/div><div class=\"element colonne w-60\"><h2 class=\"element section-title center p-x-4 m-t-4\">Promotions in our campsite in Aveyron<\/h2><div class=\"element bloc-text justify p-x-4 p-y-2\">\n\t<p>Are you looking for a campsite in Aveyron with a price <strong class=\"bold color1\">good deal <\/strong>?<br \/>\nVisit the promotions page of our online booking site, where we have selected for you all the <strong class=\"bold color1\">promotions<\/strong> and <strong class=\"bold color1\">good deals<\/strong> on rentals, in order to save for your stay in Aveyron.<br \/>\nFor example, for two or three people with baby, take advantage of the Flower Special Couple offer at 199 \u20ac per week, from the opening date of the campsite (May 15) to July 11, 2020 or from August 29 to the closing date of the campsite (September 27). <\/p>\n<p><strong class=\"bold color1\">Economic mode<\/strong> of vacations, the campsite of Aveyron, cheap, allows you to enjoy your free time, with family or friends. <\/p>\n<p>For vacations in Aveyron without spending too much, discover all the advantages of the ACSI card. <\/p>\n<\/div><\/div><\/div><\/div><\/section>\n\n<section id=\"section-5f719b0728d5e\"\" class=\"section bg-white\" \/><div class=\"container  extralarge\"><div class=\"colonnes-wrap valign-top \"><div class=\"element colonne w-70 p-0\"><div class=\"element bloc-text justify \">\n\t<p><script>\n    window.ctoutvert = {\n        id: 667,\n        lang: 'en',\n        url: 'https:\/\/bookingpremium.secureholiday.net\/widgets\/', \n    };\n    (function (w, d, s, ctv, r, js, fjs) {\n        r=new XMLHttpRequest();r.open('GET',w[ctv].url+'js\/src.json');\n        r.responseType='json';r.json=true;r.send();\n        r.onload=function(){w[ctv].src=r.responseType=='json'?r.response:JSON.parse(r.response);\n        js.src=w[ctv].src[0];fjs.parentNode.insertBefore(js, fjs);}\n        js=d.createElement(s),fjs=d.getElementsByTagName(s)[0];\n        js.id='ctvwidget';js.async=1;\n    }(window, document, 'script', 'ctoutvert'));\n<\/script><br \/>\n<ctv-availability ><\/ctv-availability><\/p>\n<\/div><\/div><div class=\"element colonne w-30 p-0\"><div class=\"element bloc-text justify \">\n\t<p><ctv-offers data-only-with-stock='false' ><\/ctv-offers><\/p>\n<\/div><\/div><\/div><\/div><\/section>\n\n<section id=\"section-5f6e0191802cb\"\" class=\"section moz-img bg-white p-t-0 p-b-0\" \/><div class=\"container  full\"><div class=\"element images\"><div class=\"image\"><img decoding=\"async\" src=\"https:\/\/www.campinglacauxoiseaux.fr\/wp-content\/uploads\/2020\/09\/terrasse-banc-bois-mobil-home-100x68.jpg\" data-src=\"https:\/\/www.campinglacauxoiseaux.fr\/wp-content\/uploads\/2020\/09\/terrasse-banc-bois-mobil-home.jpg\" alt=\"terrasse banc bois mobil home\" class=\"images_image\" \/><\/div><div class=\"image\"><img decoding=\"async\" src=\"https:\/\/www.campinglacauxoiseaux.fr\/wp-content\/uploads\/2020\/09\/mobil-home-terrasse-camping-100x68.jpg\" data-src=\"https:\/\/www.campinglacauxoiseaux.fr\/wp-content\/uploads\/2020\/09\/mobil-home-terrasse-camping.jpg\" alt=\"mobil home terrasse camping\" class=\"images_image\" \/><\/div><div class=\"image\"><img decoding=\"async\" src=\"https:\/\/www.campinglacauxoiseaux.fr\/wp-content\/uploads\/2020\/09\/interieur-sejour-canape-100x68.jpg\" data-src=\"https:\/\/www.campinglacauxoiseaux.fr\/wp-content\/uploads\/2020\/09\/interieur-sejour-canape.jpg\" alt=\"int\u00e9rieur s\u00e9jour canap\u00e9\" class=\"images_image\" \/><\/div><div class=\"image\"><img decoding=\"async\" src=\"https:\/\/www.campinglacauxoiseaux.fr\/wp-content\/uploads\/2020\/09\/camping-interieur-100x68.jpg\" data-src=\"https:\/\/www.campinglacauxoiseaux.fr\/wp-content\/uploads\/2020\/09\/camping-interieur.jpg\" alt=\"camping int\u00e9rieur\" class=\"images_image\" \/><\/div><\/div><\/div><\/section>\n\n<section id=\"section-5f6cb969986bf\"\" class=\"section moz-img bg-white p-t-0 p-b-0\" \/><div class=\"container  full\"><div class=\"colonnes-wrap valign-middle \"><div class=\"element colonne w-50 p-0\"><div class=\"element images\"><div class=\"image\"><img decoding=\"async\" src=\"https:\/\/www.campinglacauxoiseaux.fr\/wp-content\/uploads\/2020\/09\/cuisine-table-100x68.jpg\" data-src=\"https:\/\/www.campinglacauxoiseaux.fr\/wp-content\/uploads\/2020\/09\/cuisine-table.jpg\" alt=\"cuisine table\" class=\"images_image\" \/><\/div><div class=\"image\"><img decoding=\"async\" src=\"https:\/\/www.campinglacauxoiseaux.fr\/wp-content\/uploads\/2020\/09\/terrasse-mobil-home-100x68.jpg\" data-src=\"https:\/\/www.campinglacauxoiseaux.fr\/wp-content\/uploads\/2020\/09\/terrasse-mobil-home.jpg\" alt=\"terrasse mobil home\" class=\"images_image\" \/><\/div><\/div><div class=\"element images\"><div class=\"image\"><img decoding=\"async\" src=\"https:\/\/www.campinglacauxoiseaux.fr\/wp-content\/uploads\/2020\/09\/salle-de-bain-camping-100x68.jpg\" data-src=\"https:\/\/www.campinglacauxoiseaux.fr\/wp-content\/uploads\/2020\/09\/salle-de-bain-camping.jpg\" alt=\"salle de bain camping\" class=\"images_image\" \/><\/div><div class=\"image\"><img decoding=\"async\" src=\"https:\/\/www.campinglacauxoiseaux.fr\/wp-content\/uploads\/2020\/09\/salle-de-bain-100x68.jpg\" data-src=\"https:\/\/www.campinglacauxoiseaux.fr\/wp-content\/uploads\/2020\/09\/salle-de-bain.jpg\" alt=\"salle de bain\" class=\"images_image\" \/><\/div><\/div><\/div><div class=\"element colonne p-4\"><h2 class=\"element section-title left\">Cheaper camping accommodations<\/h2><div class=\"element bloc-text justify p-x-2\">\n\t<p>At <a href=\"\/en\/\">camping in Martiel<\/a>, we offer different rental models for all budgets. <\/p>\n<p>The cheapest is, of course, the pitches, to put your camper, but if you don&#8217;t have a tent, you have the possibility to rent one, already set up and equipped, the Ready to Camp, for a more modest sum than a traditional accommodation.<br \/>\nFor 4 or 5 people, you will find mattresses, blankets, pillows and dishes. The two bedrooms are separated by a kitchenette, with stove and camping table and chairs.<br \/>\nWith the <strong class=\"bold color1\">electricity option<\/strong>, you have the possibility to rent a refrigerator. You can also choose to rent a mobile home for your family camping vacations in the Gorges du Tarn.<br \/>\nTo you the small meals in the open air! or you can also make grills at the collective barbecue. <\/p>\n<p>Also take advantage of promotions, such as the <strong class=\"bold color1\">Early Booking<\/strong> at the beginning of the year and find our special offers on the booking platform of a campsite with interesting rates.<br \/>\nYou can pay for your stay by credit card, bank transfer, vacation voucher or cheque. <\/p>\n<p>Be sure to pay less by booking on our site with a secure payment that meets PCI DSS standards and benefit from the <strong class=\"bold color1\">best price<\/strong> for your stay! <\/p>\n<\/div><\/div><\/div><\/div><\/section>\n\n<section id=\"section-5f6dfdff9a1e4\"\" class=\"section bg-color5\" \/><div class=\"container  extralarge\"><div class=\"colonnes-wrap valign-middle \"><div class=\"element colonne w-60\"><h2 class=\"element section-title center p-x-4 m-t-4\">Rent a mobile home for cheap in Aveyron<\/h2><div class=\"element bloc-text justify p-x-4 p-y-2\">\n\t<p>Who said that luxury was reserved for big budgets ? We offer you the possibility to spend your vacations <strong class=\"bold color1\">not too expensive<\/strong> in a rental in Aveyron, between Cahors and Villefranche de Rouergue, in a prestigious mobile home at <strong class=\"bold color1\">low cost<\/strong>. Our wide range of mobile homes with 2 or 3 bedrooms for 2 to 6 people allows you to choose the mobile home at the best price adapted to your family or group of friends, and to your budget. <\/p>\n<p>Stay as a couple thanks to the <strong class=\"bold color1\">Privilege Flower<\/strong> couple offer with one week at 239 \u20ac, in a Comfort plus accommodation. Ask for your <strong class=\"bold color1\">Myflower card<\/strong> to earn <strong class=\"bold color1\">loyalty points<\/strong>. You can then use the Myflower card as a means of payment for your next online reservation at one of the many Flower campsites in France.<br \/>\nOffering accommodation and a <strong class=\"bold color1\">top-of-the-range service<\/strong> at a minimum price for a dream vacation in the Aveyron without breaking your piggy bank: this is the challenge of our open-air hotel. <\/p>\n<\/div><\/div><div class=\"element colonne p-0 w-40\"><div class=\"element images\"><div class=\"image\"><img decoding=\"async\" src=\"https:\/\/www.campinglacauxoiseaux.fr\/wp-content\/uploads\/2020\/09\/mobil-home-camping-1-85x100.jpg\" data-src=\"https:\/\/www.campinglacauxoiseaux.fr\/wp-content\/uploads\/2020\/09\/mobil-home-camping-1.jpg\" alt=\"mobil home camping\" class=\"images_image\" \/><\/div><\/div><\/div><\/div><\/div><\/section>\n\n<section id=\"section-5f6e01918102b\"\" class=\"section bg-white p-t-0 p-b-0\" \/><div class=\"container  full\"><div class=\"colonnes-wrap valign-middle \"><div class=\"element colonne w-20 p-0\"><div class=\"element images\"><div class=\"image\"><img decoding=\"async\" src=\"https:\/\/www.campinglacauxoiseaux.fr\/wp-content\/uploads\/2020\/10\/piscine-pas-cher-aveyron-42x100.jpg\" data-src=\"https:\/\/www.campinglacauxoiseaux.fr\/wp-content\/uploads\/2020\/10\/piscine-pas-cher-aveyron.jpg\" alt=\"piscine pas cher aveyron\" class=\"images_image p-0\" \/><\/div><\/div><\/div><div class=\"element colonne w-60 p-x-4\"><h2 class=\"element section-title center\">An Aveyron campsite with swimming pool, but not too expensive!<\/h2><div class=\"element bloc-text justify p-x-2\">\n\t<p>By renting a pitch, a canvas bungalow or a mobile home with the necessary comfort, you will be able to realize <strong class=\"bold color1\">economies<\/strong> in our campsite in Aveyron because for cheap, you will enjoy the <strong class=\"bold color1\">local products<\/strong> at the market of Villefranche de Rouergue. So the food budget remains at reasonable prices, with <strong class=\"bold color1\">quality products<\/strong>. <\/p>\n<p>And, of course, you have free access to all our facilities throughout your stay, especially the aquatic area with heated swimming pool and games for children of our small 4-star campsite. You will be able to swim and bathe in the indoor swimming pool, slide down the slides without moderation, play p\u00e9tanque, play in the playground, visit the mini-farm, borrow books from the library and take part in our activities and entertainment (including the Children&#8217;s Club and theme evenings) without additional payment. <\/p>\n<p>Finally, our cheap Aveyron campsite offers you <strong class=\"bold color1\">interesting formulas<\/strong>, <strong class=\"bold color1\">good plans<\/strong> and promotions, in high and low season. Don&#8217;t forget to check our site regularly to benefit from the best discounts and go on vacation in the Aveyron at a discount price. <\/p>\n<\/div><div class=\"element bloc-text justify \">\n\t<p><script type=\"text\/javascript\"\n            data-wsh-callbacks-onload=\"\">\n        !function () {\n            var e = new window.CTV.Premium.Widget(\"SpecialOffer\");\n            document.write(e.Write()), window.CTV.Premium.WidgetsCollection.push(e), e.Send()\n        }();\n    <\/script><\/p>\n<\/div><\/div><div class=\"element colonne w-20 p-0\"><div class=\"element images\"><div class=\"image\"><img decoding=\"async\" src=\"https:\/\/www.campinglacauxoiseaux.fr\/wp-content\/uploads\/2020\/10\/vacances-piscine-aveyron-1-42x100.jpg\" data-src=\"https:\/\/www.campinglacauxoiseaux.fr\/wp-content\/uploads\/2020\/10\/vacances-piscine-aveyron-1.jpg\" alt=\"vacances piscine aveyron\" class=\"images_image p-0\" \/><\/div><\/div><\/div><\/div><\/div><\/section>\n\n<section id=\"section-5f6cb96998af5\"\" class=\"section bg-color5\" \/><div class=\"container  extralarge\"><div class=\"element section-title center cta-title\">Discover our pitches and rentals<\/div><ul class=\"liste-de-page\"><li class=\"element call-to-action  call-to-action--style-1 call-to-action--normal\"><a href=\"https:\/\/www.campinglacauxoiseaux.fr\/en\/rental-mobile-home-aveyron\/\"  class=\"call-to-action_link\" title=\"Learn more about our rentals\"><div class=\"call-to-action_image\"><img decoding=\"async\" src=\"https:\/\/www.campinglacauxoiseaux.fr\/wp-content\/uploads\/2020\/09\/Mobil-home-exterieur-camping-100x56.jpg\" data-src=\"https:\/\/www.campinglacauxoiseaux.fr\/wp-content\/uploads\/2020\/09\/Mobil-home-exterieur-camping.jpg\" alt=\"Mobil home ext\u00e8rieur camping\" class=\"normal\" \/><\/div><div class=\"call-to-action_contenu\"><div class=\"call-to-action_titre\">Our rentals<\/div><\/div><\/a><\/li><li class=\"element call-to-action  call-to-action--style-1 call-to-action--normal call-to-action--style-1 call-to-action--normal\"><a href=\"https:\/\/www.campinglacauxoiseaux.fr\/en\/piches-aveyron-campsite\/\"  class=\"call-to-action_link\" title=\"Learn more about our pitches\"><div class=\"call-to-action_image\"><img decoding=\"async\" src=\"https:\/\/www.campinglacauxoiseaux.fr\/wp-content\/uploads\/2020\/10\/emplacement-aveyron-100x56.jpg\" data-src=\"https:\/\/www.campinglacauxoiseaux.fr\/wp-content\/uploads\/2020\/10\/emplacement-aveyron.jpg\" alt=\"emplacement aveyron\" class=\"normal\" \/><\/div><div class=\"call-to-action_contenu\"><div class=\"call-to-action_titre\">Our pitches<\/div><\/div><\/a><\/li><li class=\"element call-to-action  call-to-action--style-1 call-to-action--normal call-to-action--style-1 call-to-action--normal call-to-action--style-1 call-to-action--normal\"><a href=\"https:\/\/www.campinglacauxoiseaux.fr\/en\/camper-van-aveyron\/\"  class=\"call-to-action_link\" title=\"Learn more about our motorhomes\"><div class=\"call-to-action_image\"><img decoding=\"async\" src=\"https:\/\/www.campinglacauxoiseaux.fr\/wp-content\/uploads\/2020\/10\/camping-car-100x56.jpg\" data-src=\"https:\/\/www.campinglacauxoiseaux.fr\/wp-content\/uploads\/2020\/10\/camping-car.jpg\" alt=\"camping car\" class=\"normal\" \/><\/div><div class=\"call-to-action_contenu\"><div class=\"call-to-action_titre\">Our motorhomes<\/div><\/div><\/a><\/li><\/ul><\/div><\/section>","protected":false},"excerpt":{"rendered":"","protected":false},"author":1,"featured_media":6318,"parent":0,"menu_order":0,"comment_status":"closed","ping_status":"closed","template":"","meta":{"footnotes":""},"class_list":["post-8138","page","type-page","status-publish","has-post-thumbnail","hentry"],"acf":[],"yoast_head":"<!-- This site is optimized with the Yoast SEO plugin v23.4 - https:\/\/yoast.com\/wordpress\/plugins\/seo\/ -->\n<title>Camping Aveyron cheap | Cheap mobile home rental Aveyron<\/title>\n<meta name=\"description\" content=\"Find out more about cheap mobile home rentals in Aveyron: saving money on camping vacations is possible!\" \/>\n<meta name=\"robots\" content=\"index, follow, max-snippet:-1, max-image-preview:large, max-video-preview:-1\" \/>\n<link rel=\"canonical\" href=\"https:\/\/www.campinglacauxoiseaux.fr\/en\/cheap-campsite-aveyron\/\" \/>\n<meta property=\"og:locale\" content=\"en_US\" \/>\n<meta property=\"og:type\" content=\"article\" \/>\n<meta property=\"og:title\" content=\"Camping Aveyron cheap | Cheap mobile home rental Aveyron\" \/>\n<meta property=\"og:description\" content=\"Find out more about cheap mobile home rentals in Aveyron: saving money on camping vacations is possible!\" \/>\n<meta property=\"og:url\" content=\"https:\/\/www.campinglacauxoiseaux.fr\/en\/cheap-campsite-aveyron\/\" \/>\n<meta property=\"og:site_name\" content=\"Camping Lac aux Oiseaux\" \/>\n<meta property=\"article:modified_time\" content=\"2020-11-03T10:55:45+00:00\" \/>\n<meta property=\"og:image\" content=\"https:\/\/www.campinglacauxoiseaux.fr\/wp-content\/uploads\/2020\/09\/mobil-home-exterieur-3.jpg\" \/>\n\t<meta property=\"og:image:width\" content=\"1903\" \/>\n\t<meta property=\"og:image:height\" content=\"549\" \/>\n\t<meta property=\"og:image:type\" content=\"image\/jpeg\" \/>\n<meta name=\"twitter:card\" content=\"summary_large_image\" \/>\n<script type=\"application\/ld+json\" class=\"yoast-schema-graph\">{\"@context\":\"https:\/\/schema.org\",\"@graph\":[{\"@type\":\"WebPage\",\"@id\":\"https:\/\/www.campinglacauxoiseaux.fr\/en\/cheap-campsite-aveyron\/\",\"url\":\"https:\/\/www.campinglacauxoiseaux.fr\/en\/cheap-campsite-aveyron\/\",\"name\":\"Camping Aveyron cheap | Cheap mobile home rental Aveyron\",\"isPartOf\":{\"@id\":\"https:\/\/www.campinglacauxoiseaux.fr\/en\/#website\"},\"primaryImageOfPage\":{\"@id\":\"https:\/\/www.campinglacauxoiseaux.fr\/en\/cheap-campsite-aveyron\/#primaryimage\"},\"image\":{\"@id\":\"https:\/\/www.campinglacauxoiseaux.fr\/en\/cheap-campsite-aveyron\/#primaryimage\"},\"thumbnailUrl\":\"https:\/\/www.campinglacauxoiseaux.fr\/wp-content\/uploads\/2020\/09\/mobil-home-exterieur-3.jpg\",\"datePublished\":\"2018-02-14T11:36:44+00:00\",\"dateModified\":\"2020-11-03T10:55:45+00:00\",\"description\":\"Find out more about cheap mobile home rentals in Aveyron: saving money on camping vacations is possible!\",\"breadcrumb\":{\"@id\":\"https:\/\/www.campinglacauxoiseaux.fr\/en\/cheap-campsite-aveyron\/#breadcrumb\"},\"inLanguage\":\"en-US\",\"potentialAction\":[{\"@type\":\"ReadAction\",\"target\":[\"https:\/\/www.campinglacauxoiseaux.fr\/en\/cheap-campsite-aveyron\/\"]}]},{\"@type\":\"ImageObject\",\"inLanguage\":\"en-US\",\"@id\":\"https:\/\/www.campinglacauxoiseaux.fr\/en\/cheap-campsite-aveyron\/#primaryimage\",\"url\":\"https:\/\/www.campinglacauxoiseaux.fr\/wp-content\/uploads\/2020\/09\/mobil-home-exterieur-3.jpg\",\"contentUrl\":\"https:\/\/www.campinglacauxoiseaux.fr\/wp-content\/uploads\/2020\/09\/mobil-home-exterieur-3.jpg\",\"width\":1903,\"height\":549,\"caption\":\"mobil home ext\u00e9rieur\"},{\"@type\":\"BreadcrumbList\",\"@id\":\"https:\/\/www.campinglacauxoiseaux.fr\/en\/cheap-campsite-aveyron\/#breadcrumb\",\"itemListElement\":[{\"@type\":\"ListItem\",\"position\":1,\"name\":\"Camping Aveyron\",\"item\":\"https:\/\/www.campinglacauxoiseaux.fr\/en\/\"},{\"@type\":\"ListItem\",\"position\":2,\"name\":\"Cheap camping rental Aveyron\"}]},{\"@type\":\"WebSite\",\"@id\":\"https:\/\/www.campinglacauxoiseaux.fr\/en\/#website\",\"url\":\"https:\/\/www.campinglacauxoiseaux.fr\/en\/\",\"name\":\"Camping Lac aux Oiseaux\",\"description\":\"\",\"potentialAction\":[{\"@type\":\"SearchAction\",\"target\":{\"@type\":\"EntryPoint\",\"urlTemplate\":\"https:\/\/www.campinglacauxoiseaux.fr\/en\/?s={search_term_string}\"},\"query-input\":{\"@type\":\"PropertyValueSpecification\",\"valueRequired\":true,\"valueName\":\"search_term_string\"}}],\"inLanguage\":\"en-US\"}]}<\/script>\n<!-- \/ Yoast SEO plugin. -->","yoast_head_json":{"title":"Camping Aveyron cheap | Cheap mobile home rental Aveyron","description":"Find out more about cheap mobile home rentals in Aveyron: saving money on camping vacations is possible!","robots":{"index":"index","follow":"follow","max-snippet":"max-snippet:-1","max-image-preview":"max-image-preview:large","max-video-preview":"max-video-preview:-1"},"canonical":"https:\/\/www.campinglacauxoiseaux.fr\/en\/cheap-campsite-aveyron\/","og_locale":"en_US","og_type":"article","og_title":"Camping Aveyron cheap | Cheap mobile home rental Aveyron","og_description":"Find out more about cheap mobile home rentals in Aveyron: saving money on camping vacations is possible!","og_url":"https:\/\/www.campinglacauxoiseaux.fr\/en\/cheap-campsite-aveyron\/","og_site_name":"Camping Lac aux Oiseaux","article_modified_time":"2020-11-03T10:55:45+00:00","og_image":[{"width":1903,"height":549,"url":"https:\/\/www.campinglacauxoiseaux.fr\/wp-content\/uploads\/2020\/09\/mobil-home-exterieur-3.jpg","type":"image\/jpeg"}],"twitter_card":"summary_large_image","schema":{"@context":"https:\/\/schema.org","@graph":[{"@type":"WebPage","@id":"https:\/\/www.campinglacauxoiseaux.fr\/en\/cheap-campsite-aveyron\/","url":"https:\/\/www.campinglacauxoiseaux.fr\/en\/cheap-campsite-aveyron\/","name":"Camping Aveyron cheap | Cheap mobile home rental Aveyron","isPartOf":{"@id":"https:\/\/www.campinglacauxoiseaux.fr\/en\/#website"},"primaryImageOfPage":{"@id":"https:\/\/www.campinglacauxoiseaux.fr\/en\/cheap-campsite-aveyron\/#primaryimage"},"image":{"@id":"https:\/\/www.campinglacauxoiseaux.fr\/en\/cheap-campsite-aveyron\/#primaryimage"},"thumbnailUrl":"https:\/\/www.campinglacauxoiseaux.fr\/wp-content\/uploads\/2020\/09\/mobil-home-exterieur-3.jpg","datePublished":"2018-02-14T11:36:44+00:00","dateModified":"2020-11-03T10:55:45+00:00","description":"Find out more about cheap mobile home rentals in Aveyron: saving money on camping vacations is possible!","breadcrumb":{"@id":"https:\/\/www.campinglacauxoiseaux.fr\/en\/cheap-campsite-aveyron\/#breadcrumb"},"inLanguage":"en-US","potentialAction":[{"@type":"ReadAction","target":["https:\/\/www.campinglacauxoiseaux.fr\/en\/cheap-campsite-aveyron\/"]}]},{"@type":"ImageObject","inLanguage":"en-US","@id":"https:\/\/www.campinglacauxoiseaux.fr\/en\/cheap-campsite-aveyron\/#primaryimage","url":"https:\/\/www.campinglacauxoiseaux.fr\/wp-content\/uploads\/2020\/09\/mobil-home-exterieur-3.jpg","contentUrl":"https:\/\/www.campinglacauxoiseaux.fr\/wp-content\/uploads\/2020\/09\/mobil-home-exterieur-3.jpg","width":1903,"height":549,"caption":"mobil home ext\u00e9rieur"},{"@type":"BreadcrumbList","@id":"https:\/\/www.campinglacauxoiseaux.fr\/en\/cheap-campsite-aveyron\/#breadcrumb","itemListElement":[{"@type":"ListItem","position":1,"name":"Camping Aveyron","item":"https:\/\/www.campinglacauxoiseaux.fr\/en\/"},{"@type":"ListItem","position":2,"name":"Cheap camping rental Aveyron"}]},{"@type":"WebSite","@id":"https:\/\/www.campinglacauxoiseaux.fr\/en\/#website","url":"https:\/\/www.campinglacauxoiseaux.fr\/en\/","name":"Camping Lac aux Oiseaux","description":"","potentialAction":[{"@type":"SearchAction","target":{"@type":"EntryPoint","urlTemplate":"https:\/\/www.campinglacauxoiseaux.fr\/en\/?s={search_term_string}"},"query-input":{"@type":"PropertyValueSpecification","valueRequired":true,"valueName":"search_term_string"}}],"inLanguage":"en-US"}]}},"_links":{"self":[{"href":"https:\/\/www.campinglacauxoiseaux.fr\/en\/wp-json\/wp\/v2\/pages\/8138"}],"collection":[{"href":"https:\/\/www.campinglacauxoiseaux.fr\/en\/wp-json\/wp\/v2\/pages"}],"about":[{"href":"https:\/\/www.campinglacauxoiseaux.fr\/en\/wp-json\/wp\/v2\/types\/page"}],"author":[{"embeddable":true,"href":"https:\/\/www.campinglacauxoiseaux.fr\/en\/wp-json\/wp\/v2\/users\/1"}],"replies":[{"embeddable":true,"href":"https:\/\/www.campinglacauxoiseaux.fr\/en\/wp-json\/wp\/v2\/comments?post=8138"}],"version-history":[{"count":4,"href":"https:\/\/www.campinglacauxoiseaux.fr\/en\/wp-json\/wp\/v2\/pages\/8138\/revisions"}],"predecessor-version":[{"id":8342,"href":"https:\/\/www.campinglacauxoiseaux.fr\/en\/wp-json\/wp\/v2\/pages\/8138\/revisions\/8342"}],"wp:featuredmedia":[{"embeddable":true,"href":"https:\/\/www.campinglacauxoiseaux.fr\/en\/wp-json\/wp\/v2\/media\/6318"}],"wp:attachment":[{"href":"https:\/\/www.campinglacauxoiseaux.fr\/en\/wp-json\/wp\/v2\/media?parent=8138"}],"curies":[{"name":"wp","href":"https:\/\/api.w.org\/{rel}","templated":true}]}}